{"id":577406,"date":"2024-01-11T10:20:09","date_gmt":"2024-01-11T08:20:09","guid":{"rendered":"https:\/\/www.voller.ee\/references\/2023-2\/"},"modified":"2024-02-05T11:15:00","modified_gmt":"2024-02-05T09:15:00","slug":"2023-2","status":"publish","type":"page","link":"https:\/\/www.voller.ee\/en\/references\/2023-2\/","title":{"rendered":"2023"},"content":{"rendered":"<div class=\"flex_column av_one_full  flex_column_div av-zero-column-padding first  avia-builder-el-0  avia-builder-el-no-sibling  \" style='border-radius:0px; '><p><div  style='padding-bottom:10px; margin:0px 0px 30px 0px; font-size:28px;' class='av-special-heading av-special-heading-h2  blockquote modern-quote  avia-builder-el-1  el_before_av_textblock  avia-builder-el-first  av-inherit-size '><h2 class='av-special-heading-tag '  itemprop=\"headline\"  >WORK PERFORMED IN 2023 (FINLAND)<\/h2><div class='special-heading-border'><div class='special-heading-inner-border' ><\/div><\/div><\/div><br \/>\n<section class=\"av_textblock_section \"  itemscope=\"itemscope\" itemtype=\"https:\/\/schema.org\/CreativeWork\" ><div class='avia_textblock  '   itemprop=\"text\" ><ul>\n<li>Toimistorakennus Kirjurinkatu 3 saneeraus, Pasila Helsinki<\/li>\n<li>Bauhof Tammisto, Vantaa<\/li>\n<li>Tiistil\u00e4n koulu ja p\u00e4iv\u00e4koti, Espoo<\/li>\n<li>Eaton Gigafactory, Vantaa<\/li>\n<li>Namika areena (urheiluhalli), Helsinki<\/li>\n<li>Solar Foods, Vantaa<\/li>\n<li>Tammiston Kauppatie 7c (toimisto- ja hallirakennus), Vantaa<\/li>\n<li>XO Training Center (Urheilu- ja hyvinvointikeskus), Kerava<\/li>\n<\/ul>\n<\/div><\/section><br \/>\n<div  style='padding-bottom:10px; margin:0px 0px 30px 0px; font-size:28px;' class='av-special-heading av-special-heading-h2  blockquote modern-quote  avia-builder-el-3  el_after_av_textblock  el_before_av_textblock  av-inherit-size '><h2 class='av-special-heading-tag '  itemprop=\"headline\"  >WORK PERFORMED IN 2023 (ESTONIA, TALLINN AREA)<\/h2><div class='special-heading-border'><div class='special-heading-inner-border' ><\/div><\/div><\/div><br \/>\n<section class=\"av_textblock_section \"  itemscope=\"itemscope\" itemtype=\"https:\/\/schema.org\/CreativeWork\" ><div class='avia_textblock  '   itemprop=\"text\" ><ul>\n<li>Tallinna Pelgulinna Riigig\u00fcmnaasium, Kolde puiestee 67a<\/li>\n<li>Mustam\u00e4e Laste Loomingu Maja, E. Vilde tee 54<\/li>\n<li>S\u00f5le \u00c4rikeskus, S\u00f5le 14<\/li>\n<li>Veerenni Lasteaed, Tiiu 8<\/li>\n<li>Swedbank kontor, Estonia pst. 19\/Tatari 1<\/li>\n<li>P\u00fcha Johannese Kool G\u00fcmnaasium, Kivim\u00e4e 25<\/li>\n<li>Viru Keskus (0 krs, 2 krs), Viru v\u00e4ljak 4\/6<\/li>\n<li>Eramu, Sarapiku tee<\/li>\n<li>Kawe Plaza, P\u00e4rnu mnt 15<\/li>\n<li>Gr\u00fcne Maja, Meistri 14<\/li>\n<li>L\u00e4\u00e4ne-Tallinna Keskhaigla, Paldiski mnt 68<\/li>\n<li>Korterelamu, N\u00f5mme tee 57<\/li>\n<li>Rocca Al Mare keskuse rendipinnad, Paldiski mnt 102, 13522 Tallinn<\/li>\n<\/ul>\n<\/div><\/section><br \/>\n<div  style='padding-bottom:10px; margin:0px 0px 30px 0px; font-size:28px;' class='av-special-heading av-special-heading-h2  blockquote modern-quote  avia-builder-el-5  el_after_av_textblock  el_before_av_textblock  av-inherit-size '><h2 class='av-special-heading-tag '  itemprop=\"headline\"  >WORK PERFORMED IN 2023 (ESTONIA, OTHER REGION)<\/h2><div class='special-heading-border'><div class='special-heading-inner-border' ><\/div><\/div><\/div><br \/>\n<section class=\"av_textblock_section \"  itemscope=\"itemscope\" itemtype=\"https:\/\/schema.org\/CreativeWork\" ><div class='avia_textblock  '   itemprop=\"text\" ><ul>\n<li>Olerex, V\u00e4o<\/li>\n<li>Swedbank, Narva<\/li>\n<li>Korterelamu, Jasmiini 1, Viimsi<\/li>\n<\/ul>\n<\/div><\/section><\/p><\/div>\n","protected":false},"excerpt":{"rendered":"","protected":false},"author":5,"featured_media":0,"parent":89914,"menu_order":3,"comment_status":"closed","ping_status":"closed","template":"","meta":{"_acf_changed":false,"footnotes":"","_links_to":"","_links_to_target":""},"class_list":["post-577406","page","type-page","status-publish","hentry"],"acf":[],"_links":{"self":[{"href":"https:\/\/www.voller.ee\/en\/wp-json\/wp\/v2\/pages\/577406","targetHints":{"allow":["GET"]}}],"collection":[{"href":"https:\/\/www.voller.ee\/en\/wp-json\/wp\/v2\/pages"}],"about":[{"href":"https:\/\/www.voller.ee\/en\/wp-json\/wp\/v2\/types\/page"}],"author":[{"embeddable":true,"href":"https:\/\/www.voller.ee\/en\/wp-json\/wp\/v2\/users\/5"}],"replies":[{"embeddable":true,"href":"https:\/\/www.voller.ee\/en\/wp-json\/wp\/v2\/comments?post=577406"}],"version-history":[{"count":2,"href":"https:\/\/www.voller.ee\/en\/wp-json\/wp\/v2\/pages\/577406\/revisions"}],"predecessor-version":[{"id":577840,"href":"https:\/\/www.voller.ee\/en\/wp-json\/wp\/v2\/pages\/577406\/revisions\/577840"}],"up":[{"embeddable":true,"href":"https:\/\/www.voller.ee\/en\/wp-json\/wp\/v2\/pages\/89914"}],"wp:attachment":[{"href":"https:\/\/www.voller.ee\/en\/wp-json\/wp\/v2\/media?parent=577406"}],"curies":[{"name":"wp","href":"https:\/\/api.w.org\/{rel}","templated":true}]}}