{"id":87898,"date":"2020-02-10T18:40:57","date_gmt":"2020-02-10T16:40:57","guid":{"rendered":"https:\/\/www.voller.ee\/1995-2\/"},"modified":"2020-09-15T15:36:17","modified_gmt":"2020-09-15T12:36:17","slug":"1995-2","status":"publish","type":"page","link":"https:\/\/www.voller.ee\/en\/references\/1995-2\/","title":{"rendered":"1995"},"content":{"rendered":"<div class=\"flex_column av_one_full  flex_column_div av-zero-column-padding first  avia-builder-el-0  avia-builder-el-no-sibling  \" style='border-radius:0px; '><p><div  style='padding-bottom:10px; margin:0px 0px 30px 0px; font-size:28px;' class='av-special-heading av-special-heading-h2  blockquote modern-quote  avia-builder-el-1  el_before_av_textblock  avia-builder-el-first  av-inherit-size '><h2 class='av-special-heading-tag '  itemprop=\"headline\"  >Work performed in 1995<\/h2><div class='special-heading-border'><div class='special-heading-inner-border' ><\/div><\/div><\/div><br \/>\n<section class=\"av_textblock_section \"  itemscope=\"itemscope\" itemtype=\"https:\/\/schema.org\/CreativeWork\" ><div class='avia_textblock  '   itemprop=\"text\" ><ul>\n<li>Office building of Balti Transpordi AS<\/li>\n<li>Briti Auto<\/li>\n<li>Office building at 15 Laki St, Tallinn<\/li>\n<li>ERA-Pank\u2019s office building, Vallikraavi 2, Tartu<\/li>\n<li>Estonian Tax Board<\/li>\n<li>Office building of EKE Centre, Liivalaia 6\/8, Tallinn<\/li>\n<li>Office building of Elcoteq Baltic AS, Peterburi tee 67a<\/li>\n<li>ETK Konsum<\/li>\n<li>Hotel Viru, Viru v\u00e4ljak 4, Tallinn<\/li>\n<li>Kesk-S\u00f5jam\u00e4e 3<\/li>\n<li>Lasnam\u00e4e Polyclinic<\/li>\n<li>Maarjam\u00f5isa Hospital, Tartu<\/li>\n<li>McDonald\u2019s, Viru 24, Tallinn<\/li>\n<li>Tsentrum Shopping Centre, Rakvere<\/li>\n<li>Ragn Sells, Suur-S\u00f5jam\u00e4e 50, Tallinn<\/li>\n<li>R\u00e4vala pst 6, Tallinn<\/li>\n<li>Office building of Savi AS, \u00d5htu p\u00f5ik 3, P\u00e4rnu<\/li>\n<li>Shumilkino border crossing, Russia<\/li>\n<li>SLO wholesale warehouse and office building, Kesk-S\u00f5jam\u00e4e 3<\/li>\n<li>Indoor athletic stadium Tallinna Spordihall<\/li>\n<li>Shop V\u00f5ru in Tartu<\/li>\n<\/ul>\n<\/div><\/section><\/p><\/div>\n","protected":false},"excerpt":{"rendered":"","protected":false},"author":5,"featured_media":0,"parent":89914,"menu_order":31,"comment_status":"closed","ping_status":"closed","template":"","meta":{"_acf_changed":false,"footnotes":"","_links_to":"","_links_to_target":""},"class_list":["post-87898","page","type-page","status-publish","hentry"],"acf":[],"_links":{"self":[{"href":"https:\/\/www.voller.ee\/en\/wp-json\/wp\/v2\/pages\/87898","targetHints":{"allow":["GET"]}}],"collection":[{"href":"https:\/\/www.voller.ee\/en\/wp-json\/wp\/v2\/pages"}],"about":[{"href":"https:\/\/www.voller.ee\/en\/wp-json\/wp\/v2\/types\/page"}],"author":[{"embeddable":true,"href":"https:\/\/www.voller.ee\/en\/wp-json\/wp\/v2\/users\/5"}],"replies":[{"embeddable":true,"href":"https:\/\/www.voller.ee\/en\/wp-json\/wp\/v2\/comments?post=87898"}],"version-history":[{"count":3,"href":"https:\/\/www.voller.ee\/en\/wp-json\/wp\/v2\/pages\/87898\/revisions"}],"predecessor-version":[{"id":90151,"href":"https:\/\/www.voller.ee\/en\/wp-json\/wp\/v2\/pages\/87898\/revisions\/90151"}],"up":[{"embeddable":true,"href":"https:\/\/www.voller.ee\/en\/wp-json\/wp\/v2\/pages\/89914"}],"wp:attachment":[{"href":"https:\/\/www.voller.ee\/en\/wp-json\/wp\/v2\/media?parent=87898"}],"curies":[{"name":"wp","href":"https:\/\/api.w.org\/{rel}","templated":true}]}}