{"id":87920,"date":"2020-02-10T16:39:12","date_gmt":"2020-02-10T14:39:12","guid":{"rendered":"https:\/\/www.voller.ee\/2012-2\/"},"modified":"2020-09-15T15:16:13","modified_gmt":"2020-09-15T12:16:13","slug":"2012-2","status":"publish","type":"page","link":"https:\/\/www.voller.ee\/en\/references\/2012-2\/","title":{"rendered":"2012"},"content":{"rendered":"<div class=\"flex_column av_one_full  flex_column_div av-zero-column-padding first  avia-builder-el-0  avia-builder-el-no-sibling  \" style='border-radius:0px; '><p><div  style='padding-bottom:10px; margin:0px 0px 30px 0px; font-size:28px;' class='av-special-heading av-special-heading-h2  blockquote modern-quote  avia-builder-el-1  el_before_av_textblock  avia-builder-el-first  av-inherit-size '><h2 class='av-special-heading-tag '  itemprop=\"headline\"  >Work performed in 2012<\/h2><div class='special-heading-border'><div class='special-heading-inner-border' ><\/div><\/div><\/div><br \/>\n<section class=\"av_textblock_section \"  itemscope=\"itemscope\" itemtype=\"https:\/\/schema.org\/CreativeWork\" ><div class='avia_textblock  '   itemprop=\"text\" ><ul>\n<li>Aitio Business Park, Vivaldi Helsinki<\/li>\n<li>Kiinteist\u00f6 Oy Alberga property company, C building, Bertel Jungin, Lepp\u00e4vaara, Espoo<\/li>\n<li>Avia Line 3, Perint\u00f6tie 2b, Vantaa<\/li>\n<li>EE Customer service office<\/li>\n<li>Eesti Talleks, Mustam\u00e4e tee 4,<\/li>\n<li>Nurminen Works Oy (former Esko Nurmisen Maalaamo Oy), Rajap\u00e4\u00e4<\/li>\n<li>Espoonlahti School and Espoonlahti Upper Secondary School, Opettajantie 3, Espoo<\/li>\n<li>Europcar Logistics Centre, Perint\u00f6tie 8, Vantaa<\/li>\n<li>Finavia, Ilmailutie 5, Vantaa<\/li>\n<li>Production facilities of Fincoat Oy, W\u00fcrthintie 3, Riihim\u00e4ki<\/li>\n<li>Fly Way Cargo, Pakkalantie 27, Vantaa<\/li>\n<li>University of Helsinki, Building A, Latokartanonkaari 9, Helsinki<\/li>\n<li>Asunto Oy Helsingin Aamukahvi housing company, Gustav Pauligin katu 7, Helsinki<\/li>\n<li>Asunto Oy Helsingin Kotisaari housing company, Kotisaarenkatu 7, Helsinki<\/li>\n<li>HOTT, Kiinteist\u00f6 Oy Helsingin Tietotie 11 (new head office of Finnair), Vantaa<\/li>\n<li>Humatec store, Etel\u00e4esplanadi, Helsinki<\/li>\n<li>Dormitory of Ida-Virumaa Vocational Training Centre Kutse 13, J\u00f5hvi<\/li>\n<li>Itis, It\u00e4katu 1, Helsinki<\/li>\n<li>J\u00f5geva (state) Gymnasium, Aia<\/li>\n<li>Kaari Shopping Centre in Kannelm\u00e4ki dormitory suburb, Kantelettarentie 1, Helsinki<\/li>\n<li>Karulaugu 9, Viimsi<\/li>\n<li>Kavika Oy, Tempo 2, J\u00e4rvenp\u00e4\u00e4<\/li>\n<li>School building for heavy machinery, Kehtna Economy and Technology School<\/li>\n<li>Keila Bauhof<\/li>\n<li>Koivuhaka Business Centre, A building, Vantaa<\/li>\n<li>Apartment building at 48 Pae St, Tallinn<\/li>\n<li>Korttelitalo Kanava (Channel Quarter House), Aurinkotuulenkatu 11, Helsinki<\/li>\n<li>Kiinteist\u00f6 Oy Alvar Aallonkatu 3 property company (Alma Media House), Helsinki<\/li>\n<li>LAK, Ilmailutie 9, Vantaa<\/li>\n<li>Liiva warehouses at 26 Kalmistu Rd<\/li>\n<li>Magistral Shopping Centre, S\u00f5pruse pst<\/li>\n<li>Motor Center Konala, Ristipellontie 25, Helsinki<\/li>\n<li>Warehouse and office building of MT Varahalduse O\u00dc<\/li>\n<li>M\u00e4etaguse Basic School, Kooli 6<\/li>\n<li>Norma, Laki 14, 10621 Tallinn<\/li>\n<li>NS King Solaris<\/li>\n<li>Kiinteist\u00f6 Oy Otaniemen tiedeasunnot property company (housing for scientific staff of Aalto University), Otaranta 4, Espoo<\/li>\n<li>Pirita Kindergarten E. Bornh\u00f6he<\/li>\n<li>Plaza Hehku, \u00c4yritie 18, Vantaa<\/li>\n<li>Plaza Loiste, \u00c4yritie 20, Vantaa<\/li>\n<li>Plaza Tuike, \u00c4yritie 22, Vantaa<\/li>\n<li>Polaris Business Park, Vega-talo, Itsehallintokuja 6, Espoo<\/li>\n<li>Porkkalankatu 5, 00181 Helsinki<\/li>\n<li>P\u00e4hklim\u00e4e 25, Saku, Harjumaa<\/li>\n<li>Ragn-Sells, Suur-S\u00f5jam\u00e4e 50, Tallinn<\/li>\n<li>Ratamestarinkatu 9, 00520 Helsinki<\/li>\n<li>Roosna-Alliku<\/li>\n<li>Safiiri 2 office building, Puolikkotie 8, Espoo<\/li>\n<li>Saunalahti School, Brinkinm\u00e4entie 1, Espoo<\/li>\n<li>S-market Malmi, Syystie 19, Helsinki<\/li>\n<li>Sillam\u00e4e nursing home<\/li>\n<li>Sony Center, Kristiine Shopping Centre<\/li>\n<li>Corridor at Tallinn Airport<\/li>\n<li>Security area at Tallinn Airport<\/li>\n<li>Technopolis 1, C block, L\u00f5\u00f5tsa<\/li>\n<li>T\u00f6\u00f6l\u00f6nlahti office premises, Alvar Aallon katu 5, Helsinki<\/li>\n<li>UPM Head Office, Alvar Aallon katu 1, Helsinki<\/li>\n<li>Vana-Vigala<\/li>\n<li>Vantaan Viherminttu, Minttutie, Vantaa<\/li>\n<li>Vind\u00e4gens Skola och Daghem, school and day care centre, Espoo<\/li>\n<li>Vind\u00e4ngens skola, school, Tuulikuja 8, Espoo<\/li>\n<li>Expressions store at Viru Shopping Centre<\/li>\n<li>YIT Head Office, Helsinki<\/li>\n<\/ul>\n<\/div><\/section><\/p><\/div>\n","protected":false},"excerpt":{"rendered":"","protected":false},"author":5,"featured_media":0,"parent":89914,"menu_order":14,"comment_status":"closed","ping_status":"closed","template":"","meta":{"_acf_changed":false,"footnotes":"","_links_to":"","_links_to_target":""},"class_list":["post-87920","page","type-page","status-publish","hentry"],"acf":[],"_links":{"self":[{"href":"https:\/\/www.voller.ee\/en\/wp-json\/wp\/v2\/pages\/87920","targetHints":{"allow":["GET"]}}],"collection":[{"href":"https:\/\/www.voller.ee\/en\/wp-json\/wp\/v2\/pages"}],"about":[{"href":"https:\/\/www.voller.ee\/en\/wp-json\/wp\/v2\/types\/page"}],"author":[{"embeddable":true,"href":"https:\/\/www.voller.ee\/en\/wp-json\/wp\/v2\/users\/5"}],"replies":[{"embeddable":true,"href":"https:\/\/www.voller.ee\/en\/wp-json\/wp\/v2\/comments?post=87920"}],"version-history":[{"count":3,"href":"https:\/\/www.voller.ee\/en\/wp-json\/wp\/v2\/pages\/87920\/revisions"}],"predecessor-version":[{"id":89997,"href":"https:\/\/www.voller.ee\/en\/wp-json\/wp\/v2\/pages\/87920\/revisions\/89997"}],"up":[{"embeddable":true,"href":"https:\/\/www.voller.ee\/en\/wp-json\/wp\/v2\/pages\/89914"}],"wp:attachment":[{"href":"https:\/\/www.voller.ee\/en\/wp-json\/wp\/v2\/media?parent=87920"}],"curies":[{"name":"wp","href":"https:\/\/api.w.org\/{rel}","templated":true}]}}