{"id":87922,"date":"2020-02-10T16:09:00","date_gmt":"2020-02-10T14:09:00","guid":{"rendered":"https:\/\/www.voller.ee\/2020-2\/"},"modified":"2021-02-10T17:36:35","modified_gmt":"2021-02-10T15:36:35","slug":"2020-2","status":"publish","type":"page","link":"https:\/\/www.voller.ee\/en\/references\/2020-2\/","title":{"rendered":"2020"},"content":{"rendered":"<div class=\"flex_column av_one_full  flex_column_div av-zero-column-padding first  avia-builder-el-0  avia-builder-el-no-sibling  \" style='border-radius:0px; '><p><div  style='padding-bottom:10px; margin:0px 0px 30px 0px; font-size:28px;' class='av-special-heading av-special-heading-h2  blockquote modern-quote  avia-builder-el-1  el_before_av_textblock  avia-builder-el-first  av-inherit-size '><h2 class='av-special-heading-tag '  itemprop=\"headline\"  >Work performed in 2020<\/h2><div class='special-heading-border'><div class='special-heading-inner-border' ><\/div><\/div><\/div><br \/>\n<section class=\"av_textblock_section \"  itemscope=\"itemscope\" itemtype=\"https:\/\/schema.org\/CreativeWork\" ><div class='avia_textblock  '   itemprop=\"text\" ><ul>\n<li>Chydenia Runebergin 22-24, Helsinki<\/li>\n<li>Haartmaninkatu 1, Helsinki<\/li>\n<li>K3 West, Suokallionkuja 8, Vantaa<\/li>\n<li>KEY-Allianssi Keravan uusi yhten\u00e4iskoulu, Alikeravantie 71, Kerava<\/li>\n<li>Kliinik, Haartmaninkatu 1, Helsinki<\/li>\n<li>Mikkolantie 20, Helsinki<\/li>\n<li>Monikko, Ver\u00e4j\u00e4pellonkatu 2-4, Espoo<\/li>\n<li>Repston O\u00dc b\u00fcroo- ja tootmishoone, Liivam\u00e4e k\u00fcla<\/li>\n<li>B\u00fcroo- ja laohoone H\u00e4rgm\u00e4e 22, Harjumaa<\/li>\n<li>B\u00fcroo- ja laohoone Kadaka tee 133, Tallinn<\/li>\n<li>B\u00fcroo- ja majutushoone Valukoja 10, Tallinn<\/li>\n<li>B\u00fcroohoone Kadaka tee 3 (II etapp), Tallinn<\/li>\n<li>B\u00fcroohoone Tartu mnt 80, Tallinn<\/li>\n<li>B\u00fcroohoone \u00dclemiste Technopolis, Sepapaja 1, Tallinn<\/li>\n<li>Eramu, Laagri<\/li>\n<li>Eramu, Viimsi<\/li>\n<li>Eramu, Tallinn<\/li>\n<li>ITK Ravi tn, Tallinn<\/li>\n<li>J\u00e4rveotsa tee 33 lasteaed, Tallinn<\/li>\n<li>Kauplus LIDL Rannam\u00f5isa tee, Tallinn<\/li>\n<li>Kauplus Roseni 12, Tallinn<\/li>\n<li>Kontor Laki 1B, Tallinn<\/li>\n<li>Kontor Tammi tee 71, Tallinn<\/li>\n<li>Kortermaja Alasi 5, Tallinn<\/li>\n<li>Kortermaja Pirita tee 26, Tallinn<\/li>\n<li>Laine Spaa, Haapsalu<\/li>\n<li>Lepisiku lasteaed, Tallinn<\/li>\n<li>Lillek\u00fcla G\u00fcmnaasium, Tallinn<\/li>\n<li>LTKH Nakkuskliinik, Tallinn<\/li>\n<li>M\u00f6\u00f6blikauplus Vesse tn 3, Tallinn<\/li>\n<li>MyFitness J\u00e4rve, Tallinn<\/li>\n<li>Noarootsi K\u00f5rts, L\u00e4\u00e4nemaa<\/li>\n<li>N\u00f5mme P\u00f5hikool, Tallinn<\/li>\n<li>Salme Kultuurikeskus, Tallinn<\/li>\n<li>Saue ujula, Saue<\/li>\n<li>Sotsiaalkindlustusamet, Kohtla-J\u00e4rve<\/li>\n<li>Suur-Paala lasteaed, Tallinn<\/li>\n<li>Telia m\u00fc\u00fcgiesindus, Rakvere<\/li>\n<li>Telia m\u00fc\u00fcgiesindus, Viljandi<\/li>\n<li>Telia m\u00fc\u00fcgiesindus, V\u00f5ru<\/li>\n<li>Tootmishoone Fortaco, Narva<\/li>\n<li>Tootmishoone Repston, Harjumaa<\/li>\n<li>T\u00f5rva vallavalitsus<\/li>\n<li>T\u00f6\u00f6stushariduskeskus, Tallinn<\/li>\n<li>Utilitas prooviv\u00f5tuhoone, Tallinn<\/li>\n<\/ul>\n<\/div><\/section><\/p><\/div>\n","protected":false},"excerpt":{"rendered":"","protected":false},"author":5,"featured_media":0,"parent":89914,"menu_order":6,"comment_status":"closed","ping_status":"closed","template":"","meta":{"_acf_changed":false,"footnotes":"","_links_to":"","_links_to_target":""},"class_list":["post-87922","page","type-page","status-publish","hentry"],"acf":[],"_links":{"self":[{"href":"https:\/\/www.voller.ee\/en\/wp-json\/wp\/v2\/pages\/87922","targetHints":{"allow":["GET"]}}],"collection":[{"href":"https:\/\/www.voller.ee\/en\/wp-json\/wp\/v2\/pages"}],"about":[{"href":"https:\/\/www.voller.ee\/en\/wp-json\/wp\/v2\/types\/page"}],"author":[{"embeddable":true,"href":"https:\/\/www.voller.ee\/en\/wp-json\/wp\/v2\/users\/5"}],"replies":[{"embeddable":true,"href":"https:\/\/www.voller.ee\/en\/wp-json\/wp\/v2\/comments?post=87922"}],"version-history":[{"count":5,"href":"https:\/\/www.voller.ee\/en\/wp-json\/wp\/v2\/pages\/87922\/revisions"}],"predecessor-version":[{"id":479588,"href":"https:\/\/www.voller.ee\/en\/wp-json\/wp\/v2\/pages\/87922\/revisions\/479588"}],"up":[{"embeddable":true,"href":"https:\/\/www.voller.ee\/en\/wp-json\/wp\/v2\/pages\/89914"}],"wp:attachment":[{"href":"https:\/\/www.voller.ee\/en\/wp-json\/wp\/v2\/media?parent=87922"}],"curies":[{"name":"wp","href":"https:\/\/api.w.org\/{rel}","templated":true}]}}