{"id":89959,"date":"2017-08-16T01:01:41","date_gmt":"2017-08-15T22:01:41","guid":{"rendered":"https:\/\/www.voller.ee\/references\/2016-2\/"},"modified":"2020-10-30T15:34:45","modified_gmt":"2020-10-30T13:34:45","slug":"2016-2","status":"publish","type":"page","link":"https:\/\/www.voller.ee\/en\/references\/2016-2\/","title":{"rendered":"2016"},"content":{"rendered":"<div class=\"flex_column av_one_full  flex_column_div av-zero-column-padding first  avia-builder-el-0  avia-builder-el-no-sibling  \" style='border-radius:0px; '><p><div  style='padding-bottom:10px; margin:0px 0px 30px 0px; font-size:28px;' class='av-special-heading av-special-heading-h2  blockquote modern-quote  avia-builder-el-1  el_before_av_textblock  avia-builder-el-first  av-inherit-size '><h2 class='av-special-heading-tag '  itemprop=\"headline\"  >Work performed in 2016<\/h2><div class='special-heading-border'><div class='special-heading-inner-border' ><\/div><\/div><\/div><br \/>\n<section class=\"av_textblock_section \"  itemscope=\"itemscope\" itemtype=\"https:\/\/schema.org\/CreativeWork\" ><div class='avia_textblock  '   itemprop=\"text\" ><ul>\n<li>Alberga Talo E, Bertel Jungin aukio 1, Espoo<\/li>\n<li>AS Oy J\u00e4rvenp\u00e4\u00e4 Aino, Tehtaankatu 4, J\u00e4rvenp\u00e4\u00e4<\/li>\n<li>Baltic Agro (ABB), J\u00fcri<\/li>\n<li>Dixi 2, Ratatie 11, Vantaa<\/li>\n<li>Eesti Talleks (different buildings)<\/li>\n<li>Etel\u00e4ranta 10, Helsinki<\/li>\n<li>Warehouse of Exmet<\/li>\n<li>Fazer 125S, Fazerintie 6<\/li>\n<li>Grossi store, Saue<\/li>\n<li>Haapsalu Sports Centre Universaalhall<\/li>\n<li>Havukoski Alepa.Etel\u00e4inen Rast<\/li>\n<li>Heikkinen Yhti\u00f6t Oy Koivupuist<\/li>\n<li>Helsingin Atriumpiha, L\u00e4nsisat<\/li>\n<li>Helsingin KTK, Kivikonlaita 33<\/li>\n<li>Hiiumaa Gymnasium<\/li>\n<li>HUB Logistics Vantaa, Vanha Porvontie 256<\/li>\n<li>Iso Omena D-osa, Piispansilta 11, Espoo<\/li>\n<li>34a J\u00e4rve St, Tallinn<\/li>\n<li>J\u00e4rvenp\u00e4\u00e4n Aino, Tehtaankatu 4<\/li>\n<li>JUST, J\u00e4rvenp\u00e4\u00e4n terveystalo<\/li>\n<li>K3 Biisoni, Suokalliontie 9, Vantaa<\/li>\n<li>Apartment building at 5\/2 Kaare Rd<\/li>\n<li>142 Kadaka pst, part II, Tallinn<\/li>\n<li>Kasarmikatu 21, 00130 Helsinki<\/li>\n<li>2\/4 Kiriku St, Tallinn<\/li>\n<li>Kivist\u00f6 Alepa.Kannistontie 1.<\/li>\n<li>Lehtikuusen koulu, Hiirakkotie<\/li>\n<li>L\u00e4hi Tapiola, Suomenlahdentie<\/li>\n<li>Residential and office building at 9 Mardi St, T<\/li>\n<li>NORTH, 63 Narva Rd<\/li>\n<li>SOUTH, 63 Narva Rd<\/li>\n<li>7a Narva Rd, Tallinn<\/li>\n<li>Nurmij\u00e4rven Monitoimitalo, Kun<\/li>\n<li>OP Team, Kieloetie 14, 01300 V<\/li>\n<li>Pirita TOP hotel<\/li>\n<li>12 Pronksi St, Tallinn<\/li>\n<li>18 P\u00e4rnu rd, Tallinn<\/li>\n<li>Rajamaankuja 3, Espoo<\/li>\n<li>Rakvere Emergency Medicine Centre<\/li>\n<li>RVL helikopterihalli, Tullimie<\/li>\n<li>Scanoffice Espoo, JUVANMALMINT<\/li>\n<li>Silikaltsiidi 7<\/li>\n<li>2 Sipelga St, EXTENSION 1<\/li>\n<li>Tallink Tennis Centre, 76 Punane St, Tallinn<\/li>\n<li>Tallin Ambulance Centre, 1 Retke rd<\/li>\n<li>Apartment buildings at 1 and 3 Tohu St, T<\/li>\n<li>Tripla, Pasilan v\u00e4liaikainen as<\/li>\n<li>Vantaan S\u00e4hkotie 5, S\u00e4hkotie 5<\/li>\n<li>VAV Loiskekuja 1, Loiskekuja 1<\/li>\n<li>VRM (old radio building, Kreutzw<\/li>\n<li>WST Narva<\/li>\n<li>5 V\u00e4ljaku St, J\u00fcri<\/li>\n<li>\u00d6piku building, 9 Sepise St\/Valuko<\/li>\n<\/ul>\n<\/div><\/section><\/p><\/div>\n","protected":false},"excerpt":{"rendered":"","protected":false},"author":5,"featured_media":0,"parent":89914,"menu_order":10,"comment_status":"closed","ping_status":"closed","template":"","meta":{"_acf_changed":false,"footnotes":"","_links_to":"","_links_to_target":""},"class_list":["post-89959","page","type-page","status-publish","hentry"],"acf":[],"_links":{"self":[{"href":"https:\/\/www.voller.ee\/en\/wp-json\/wp\/v2\/pages\/89959","targetHints":{"allow":["GET"]}}],"collection":[{"href":"https:\/\/www.voller.ee\/en\/wp-json\/wp\/v2\/pages"}],"about":[{"href":"https:\/\/www.voller.ee\/en\/wp-json\/wp\/v2\/types\/page"}],"author":[{"embeddable":true,"href":"https:\/\/www.voller.ee\/en\/wp-json\/wp\/v2\/users\/5"}],"replies":[{"embeddable":true,"href":"https:\/\/www.voller.ee\/en\/wp-json\/wp\/v2\/comments?post=89959"}],"version-history":[{"count":3,"href":"https:\/\/www.voller.ee\/en\/wp-json\/wp\/v2\/pages\/89959\/revisions"}],"predecessor-version":[{"id":213733,"href":"https:\/\/www.voller.ee\/en\/wp-json\/wp\/v2\/pages\/89959\/revisions\/213733"}],"up":[{"embeddable":true,"href":"https:\/\/www.voller.ee\/en\/wp-json\/wp\/v2\/pages\/89914"}],"wp:attachment":[{"href":"https:\/\/www.voller.ee\/en\/wp-json\/wp\/v2\/media?parent=89959"}],"curies":[{"name":"wp","href":"https:\/\/api.w.org\/{rel}","templated":true}]}}