{"id":89978,"date":"2017-08-16T01:04:54","date_gmt":"2017-08-15T22:04:54","guid":{"rendered":"https:\/\/www.voller.ee\/references\/2014-2\/"},"modified":"2020-10-30T15:34:45","modified_gmt":"2020-10-30T13:34:45","slug":"2014-2","status":"publish","type":"page","link":"https:\/\/www.voller.ee\/en\/references\/2014-2\/","title":{"rendered":"2014"},"content":{"rendered":"<div class=\"flex_column av_one_full  flex_column_div av-zero-column-padding first  avia-builder-el-0  avia-builder-el-no-sibling  \" style='border-radius:0px; '><p><div  style='padding-bottom:10px; margin:0px 0px 30px 0px; font-size:28px;' class='av-special-heading av-special-heading-h2  blockquote modern-quote  avia-builder-el-1  el_before_av_textblock  avia-builder-el-first  av-inherit-size '><h2 class='av-special-heading-tag '  itemprop=\"headline\"  >Work performed in 2014<\/h2><div class='special-heading-border'><div class='special-heading-inner-border' ><\/div><\/div><\/div><br \/>\n<section class=\"av_textblock_section \"  itemscope=\"itemscope\" itemtype=\"https:\/\/schema.org\/CreativeWork\" ><div class='avia_textblock  '   itemprop=\"text\" ><ul>\n<li>Aalto Yliopisto 4 vaihe U-osa,<\/li>\n<li>Reconstruction of the office building at 21\/1 Akadeemia Rd, Tallinn<\/li>\n<li>A-Tellingud; Kohila<\/li>\n<li>Atlas Copco Hakkila, It\u00e4inen V<\/li>\n<li>Baggage and The Bag in \u00dclemiste Shopping Centre<\/li>\n<li>Esperi Care Hamina, Ruissalont<\/li>\n<li>Esperi Care Nurmij\u00e4rvi, Ohjast<\/li>\n<li>Esperi Care,Porvoo Sinivokonti<\/li>\n<li>Espoon Aristoteles, Klariksent<\/li>\n<li>Espoon S\u00e4terinkatu 14<\/li>\n<li>ESTPAK PLASTIK, Ussinurga, J\u00e4l<\/li>\n<li>Estradi Koy, Aku Korhosen tie<\/li>\n<li>Etel\u00e4ranta10, Helsinki<\/li>\n<li>Euromaster OY, Miilukorventie<\/li>\n<li>Warehouse of Febparts 3 Narva<\/li>\n<li>HAXLOG GRUNDFOS, Trukkikuja 1,<\/li>\n<li>Kahvimylly, Gustav Paulin<\/li>\n<li>Kahvipannu, Jauhajankuja<\/li>\n<li>Helsingin Kotisatama ja Helsin<\/li>\n<li>Hietalahdenkatu 8, 00180 Helsi<\/li>\n<li>HUS Meilahden maanalaiset tila<\/li>\n<li>Itella Jyv\u00e4skyl\u00e4, Kaakkovuoren<\/li>\n<li>J\u00f5hvi barracks<\/li>\n<li>7 Kadaka Rd, Tallinn<\/li>\n<li>Kampus kirjasto, Gustaf H\u00e4llst<\/li>\n<li>Fruit display in the grocery court in Kaubamaja<\/li>\n<li>Keila Pargi 2D<\/li>\n<li>Office and residential building at 6 Kentmanni St<\/li>\n<li>Koy Kaivom\u00e4ki, Espoo<\/li>\n<li>Kumna, Metsak\u00fcla farm<\/li>\n<li>Office of K\u00fchne&#038;Nagel, P\u00e4rnu Rd<\/li>\n<li>Tallinn Lasnam\u00e4e Mechanics School, Tallinn<\/li>\n<li>Lasnam\u00e4e Mosaic<\/li>\n<li>Children&#8217;s Hospital 4k IRO<\/li>\n<li>Lauttasaaren Metalli AS OY, He<\/li>\n<li>Mainingin koulu, Maininkintie<\/li>\n<li>Marko P\u00e4\u00e4j\u00e4rvi, Ratavartijanka<\/li>\n<li>Motonet Lommila, Espoontie 32,<\/li>\n<li>Nissaksen p\u00e4iv\u00e4koti ,Nissaksen<\/li>\n<li>Nuolitie 9, 01740, Vantaa<\/li>\n<li>Olarin Palvelukeskus Hopeakuu,<\/li>\n<li>Osmontie 38 Koy, Osmontie 38,<\/li>\n<li>Painiityn P\u00e4iv\u00e4koti, Painiityn<\/li>\n<li>5\/7 Paldiski Rd, Tallinn<\/li>\n<li>PROTTEN in \u00dclemiste Shopping Centre<\/li>\n<li>Rae rural municipality building<\/li>\n<li>3 Ranna Rd, restaurant<\/li>\n<li>Caf\u00e9 Riff, Viru<\/li>\n<li>Saue Gymnasium gym<\/li>\n<li>Suomalaistentien liikekeskus,<\/li>\n<li>S\u00e4revere machinery building<\/li>\n<li>Technopolis G-talo, Teknobulev<\/li>\n<li>Assembly hall of THK, 182 S\u00f5pruse pst, Tall<\/li>\n<li>THK gym, 182 S\u00f5pruse pst, Ta<\/li>\n<li>THL, Mannerheimintie 166, 0030<\/li>\n<li>Tietotekniikkakeskus, Latokart<\/li>\n<li>Passenger terminal of TLL, stage II<\/li>\n<li>Tondiraba Ice Hall, 14 Varraku St, Tallinn<\/li>\n<li>Extension of United Motors, P<\/li>\n<li>Reconstruction of the older part of United Motors, P<\/li>\n<li>Urheilupuiston Metroasema Koiv<\/li>\n<li>Valtra, Ruopankatu 8, 20360 Tu<\/li>\n<li>Vantaa Havukosken koulu, Tarha<\/li>\n<li>Vattuniemenranta As Oy, Vattun<\/li>\n<li>Office building of VIAMER, Iru<\/li>\n<li>Apartment building at 5 Vibu St, Tallinn<\/li>\n<li>Viikinm\u00e4en Korttelitalo, Harja<\/li>\n<li>Family restaurant in Viimsi SPA, Randv<\/li>\n<li>Villa Kivi hoivakoti, Pyk\u00e4list<\/li>\n<li>Reconstruction of Viru Shopping Centre<\/li>\n<li>VTK Kiinteist\u00f6t OY, Kielontie<\/li>\n<li>\u00c4mari barracks<\/li>\n<li>Euronics in \u00dclemiste Shopping Centre, Tal<\/li>\n<li>META in \u00dclemiste Shopping Centre<\/li>\n<\/ul>\n<\/div><\/section><\/p><\/div>\n","protected":false},"excerpt":{"rendered":"","protected":false},"author":5,"featured_media":0,"parent":89914,"menu_order":12,"comment_status":"closed","ping_status":"closed","template":"","meta":{"_acf_changed":false,"footnotes":"","_links_to":"","_links_to_target":""},"class_list":["post-89978","page","type-page","status-publish","hentry"],"acf":[],"_links":{"self":[{"href":"https:\/\/www.voller.ee\/en\/wp-json\/wp\/v2\/pages\/89978","targetHints":{"allow":["GET"]}}],"collection":[{"href":"https:\/\/www.voller.ee\/en\/wp-json\/wp\/v2\/pages"}],"about":[{"href":"https:\/\/www.voller.ee\/en\/wp-json\/wp\/v2\/types\/page"}],"author":[{"embeddable":true,"href":"https:\/\/www.voller.ee\/en\/wp-json\/wp\/v2\/users\/5"}],"replies":[{"embeddable":true,"href":"https:\/\/www.voller.ee\/en\/wp-json\/wp\/v2\/comments?post=89978"}],"version-history":[{"count":3,"href":"https:\/\/www.voller.ee\/en\/wp-json\/wp\/v2\/pages\/89978\/revisions"}],"predecessor-version":[{"id":213739,"href":"https:\/\/www.voller.ee\/en\/wp-json\/wp\/v2\/pages\/89978\/revisions\/213739"}],"up":[{"embeddable":true,"href":"https:\/\/www.voller.ee\/en\/wp-json\/wp\/v2\/pages\/89914"}],"wp:attachment":[{"href":"https:\/\/www.voller.ee\/en\/wp-json\/wp\/v2\/media?parent=89978"}],"curies":[{"name":"wp","href":"https:\/\/api.w.org\/{rel}","templated":true}]}}