{"id":90013,"date":"2017-09-28T16:42:27","date_gmt":"2017-09-28T13:42:27","guid":{"rendered":"https:\/\/www.voller.ee\/references\/2010-2\/"},"modified":"2020-10-30T15:34:45","modified_gmt":"2020-10-30T13:34:45","slug":"2010-2","status":"publish","type":"page","link":"https:\/\/www.voller.ee\/en\/references\/2010-2\/","title":{"rendered":"2010"},"content":{"rendered":"<div class=\"flex_column av_one_full  flex_column_div av-zero-column-padding first  avia-builder-el-0  avia-builder-el-no-sibling  \" style='border-radius:0px; '><p><div  style='padding-bottom:10px; margin:0px 0px 30px 0px; font-size:28px;' class='av-special-heading av-special-heading-h2  blockquote modern-quote  avia-builder-el-1  el_before_av_textblock  avia-builder-el-first  av-inherit-size '><h2 class='av-special-heading-tag '  itemprop=\"headline\"  >Work performed in 2010<\/h2><div class='special-heading-border'><div class='special-heading-inner-border' ><\/div><\/div><\/div><br \/>\n<section class=\"av_textblock_section \"  itemscope=\"itemscope\" itemtype=\"https:\/\/schema.org\/CreativeWork\" ><div class='avia_textblock  '   itemprop=\"text\" ><ul>\n<li>Airport Plaza III Pilke, Vantaa<\/li>\n<li>Alppikyl\u00e4n kerrostalot, Vantaa<\/li>\n<li>Anttilan Logistiikkahanke, Kerava<\/li>\n<li>As Oy Espoon Sellonhuippu, Espoo<\/li>\n<li>As Oy Helsingin Viikinportti, Helsinki<\/li>\n<li>Avia Line 2, Vantaa<\/li>\n<li>Falcon Business Park Gentti, Espoo<\/li>\n<li>Finlandia-Talo, peruskorjaus, Helsinki<\/li>\n<li>Hansakallion koulu, Espoo<\/li>\n<li>Helsingin Yliopiston Ymp\u00e4rist\u00f6talo, Helsinki<\/li>\n<li>HUS v\u00e4liaikanen vuodeosasto, Helsinki<\/li>\n<li>Jakom\u00e4en Uimahalli, Vantaa<\/li>\n<li>Training centre in J\u00f5hvi, 7 Kooli St, City of J\u00f5hvi<\/li>\n<li>Kanniston koulu, Vantaa<\/li>\n<li>Kerrostalo As Oy Espoon Safiiri, Espoo<\/li>\n<li>Kilokallion koulu, peruskorjaus, Espoo<\/li>\n<li>Kolmiosairaala, Helsinki<\/li>\n<li>KOy Alberga Talo A, Lepp\u00e4vaara, Espoo<\/li>\n<li>KOy Helsingin H\u00e4meentie 19 B-osa, Helsinki<\/li>\n<li>KOy Vantaan Minttutie, Vantaa<\/li>\n<li>Mosaic at Kristiine Shopping Centre at 45 Endla St, Tallinn<\/li>\n<li>NS King at Kristiine Shopping Centre at 45 Endla St, Tallinn<\/li>\n<li>Prisma at Kristiine Shopping Centre at 45 Endla St, Tallinn<\/li>\n<li>Leinel\u00e4n p\u00e4iv\u00e4koti, Vantaa<\/li>\n<li>Museoviraston Toimitilahanke, Helsinki<\/li>\n<li>Myllypuron ostoskeskus, Helsinki<\/li>\n<li>Oulunkyl\u00e4n Perhetukikeskus, Helsinki<\/li>\n<li>Sibelius Akatemia, Helsinki<\/li>\n<li>SITRA-talo, Helsinki<\/li>\n<li>Soukan koulu, Espoo<\/li>\n<li>Sun Chemical, Espoo<\/li>\n<li>Sunnin ja Kiseleffin talot, peruskorjaus, Helsinki<\/li>\n<li>Gym of Tallinn Industrial Education Centre, 184 S\u00f5pruse pst<\/li>\n<li>Tammiston Kauppapuisto, Vantaa<\/li>\n<li>Toimistotalo Kumpulantie 9, Helsinki<\/li>\n<li>Toimistotalo Myllytie 1A, J\u00e4rvenp\u00e4\u00e4<\/li>\n<li>VTT Palotekniikan laboratorio, Espoo<\/li>\n<\/ul>\n<\/div><\/section><\/p><\/div>\n","protected":false},"excerpt":{"rendered":"","protected":false},"author":5,"featured_media":0,"parent":89914,"menu_order":16,"comment_status":"closed","ping_status":"closed","template":"","meta":{"_acf_changed":false,"footnotes":"","_links_to":"","_links_to_target":""},"class_list":["post-90013","page","type-page","status-publish","hentry"],"acf":[],"_links":{"self":[{"href":"https:\/\/www.voller.ee\/en\/wp-json\/wp\/v2\/pages\/90013","targetHints":{"allow":["GET"]}}],"collection":[{"href":"https:\/\/www.voller.ee\/en\/wp-json\/wp\/v2\/pages"}],"about":[{"href":"https:\/\/www.voller.ee\/en\/wp-json\/wp\/v2\/types\/page"}],"author":[{"embeddable":true,"href":"https:\/\/www.voller.ee\/en\/wp-json\/wp\/v2\/users\/5"}],"replies":[{"embeddable":true,"href":"https:\/\/www.voller.ee\/en\/wp-json\/wp\/v2\/comments?post=90013"}],"version-history":[{"count":3,"href":"https:\/\/www.voller.ee\/en\/wp-json\/wp\/v2\/pages\/90013\/revisions"}],"predecessor-version":[{"id":213760,"href":"https:\/\/www.voller.ee\/en\/wp-json\/wp\/v2\/pages\/90013\/revisions\/213760"}],"up":[{"embeddable":true,"href":"https:\/\/www.voller.ee\/en\/wp-json\/wp\/v2\/pages\/89914"}],"wp:attachment":[{"href":"https:\/\/www.voller.ee\/en\/wp-json\/wp\/v2\/media?parent=90013"}],"curies":[{"name":"wp","href":"https:\/\/api.w.org\/{rel}","templated":true}]}}