{"id":574564,"date":"2022-12-27T18:13:09","date_gmt":"2022-12-27T16:13:09","guid":{"rendered":"https:\/\/www.voller.ee\/referenssit\/2022-2\/"},"modified":"2023-01-13T13:26:26","modified_gmt":"2023-01-13T11:26:26","slug":"2022-2","status":"publish","type":"page","link":"https:\/\/www.voller.ee\/fi\/referenssit\/2022-2\/","title":{"rendered":"2022"},"content":{"rendered":"<div class=\"flex_column av_one_full  flex_column_div av-zero-column-padding first  avia-builder-el-0  avia-builder-el-no-sibling  \" style='border-radius:0px; '><p><div  style='padding-bottom:10px; margin:0px 0px 30px 0px; font-size:28px;' class='av-special-heading av-special-heading-h2  blockquote modern-quote  avia-builder-el-1  el_before_av_textblock  avia-builder-el-first  av-inherit-size '><h2 class='av-special-heading-tag '  itemprop=\"headline\"  >REFERENSSIT VUODELTA 2022 (Suomi)<\/h2><div class='special-heading-border'><div class='special-heading-inner-border' ><\/div><\/div><\/div><br \/>\n<section class=\"av_textblock_section \"  itemscope=\"itemscope\" itemtype=\"https:\/\/schema.org\/CreativeWork\" ><div class='avia_textblock  '   itemprop=\"text\" ><ul>\n<li>Kauppakeskus Lippulaiva, Espoonlahti<\/li>\n<li>STUK (Suomen S\u00e4teilyturvakeskus), Vantaa<\/li>\n<li>Pakilanpuiston Allianssi (koulurakennukset), Helsinki<\/li>\n<li>Fredriksberg D talo, Helsinki<\/li>\n<li>MTV3 uudet studio- ja toimitilat, Helsinki<\/li>\n<li>Avesco Kerava<\/li>\n<li>Perhel\u00e4 J\u00e4rvenp\u00e4\u00e4 (toimistotalo)<\/li>\n<li>Avialogis logistiikkakeskus, Vantaa<\/li>\n<li>Helsinki-Vantaa T2 vanhan matkustajaterminaalin peruskorjaus<\/li>\n<li>Laajalahden koulu, Espoo<\/li>\n<li>Viherlaakson koulu, Espoo RAK 4<\/li>\n<li>Kilon koulu, Espoo<\/li>\n<li>Kuitinm\u00e4en koulu, Espoo<\/li>\n<li>Etel\u00e4-Nummelan koulu, Vihdin kunta<\/li>\n<li>Pieni Paja (YLE uudet studiot ja toimitilat), Pasila Helsinki<\/li>\n<li>Pressi Talo B, Vantaa<\/li>\n<li>Lidl Bemb\u00f6le, Espoo<\/li>\n<li>Lidl ja Tokmanni J\u00e4rvenp\u00e4\u00e4<\/li>\n<li>Kumpulan Uudisrakennus (luonnontiedelukio), Helsinki<\/li>\n<li>Kivist\u00f6n uusi kauppa-ja palvelukeskus, Vantaa<\/li>\n<li>Tapiolan Tuultenristi toimistotalo, Espoo<\/li>\n<li>Myllupuron liikuntahalli, Helsinki<\/li>\n<\/ul>\n<\/div><\/section><br \/>\n<div  style='padding-bottom:10px; margin:0px 0px 30px 0px; font-size:28px;' class='av-special-heading av-special-heading-h2  blockquote modern-quote  avia-builder-el-3  el_after_av_textblock  el_before_av_textblock  av-inherit-size '><h2 class='av-special-heading-tag '  itemprop=\"headline\"  >REFERENSSIT VUODELTA 2022 (Viro, Tallinn)<\/h2><div class='special-heading-border'><div class='special-heading-inner-border' ><\/div><\/div><\/div><br \/>\n<section class=\"av_textblock_section \"  itemscope=\"itemscope\" itemtype=\"https:\/\/schema.org\/CreativeWork\" ><div class='avia_textblock  '   itemprop=\"text\" ><ul>\n<li>B\u00fcroohoone, P\u00e4rnu mnt 113<\/li>\n<li>Mustam\u00e4e laste loomingu maj (MLLM), Huvikool, Eduard Vilde tee 54 , Tallinn<\/li>\n<li>B\u00fcroohoone, Tatari 1, Tallinn<\/li>\n<li>Hambakliinik, Mahtra 1, Tallinn<\/li>\n<li>Korterelamu, Pille tn 11, Tallinn<\/li>\n<li>L\u00e4\u00e4ne-Tallinna Keskhaigla (LTKH) Merimetsa, 7 korrus, Tallinn<\/li>\n<li>V\u00e4o Olerex \u00e4rihoone ja tankla, Tallinn<\/li>\n<li>Rocca Al Mare kaubandus, Tallinn<\/li>\n<li>B\u00fcroo, Sepise 7, Tallinn<\/li>\n<li>Eramu, Kopli 79, Tallinn<\/li>\n<li>Eramu, Jannseni 10, Tallinn, N\u00f5mme<\/li>\n<li>B\u00fcroohoone, Tatari 1, Tallinn<\/li>\n<li>Kristiine Keskus, Tallinn<\/li>\n<li>Kortermaja, Nelgi p\u00f5ik 2, Tallinn<\/li>\n<li>Estonian Business School (EBS) klassiruumid, Tallinn<\/li>\n<li>Kontor, Viadukti 2, Tallinn<\/li>\n<li>P\u00fcha Johannese Kool, Koolimaja, Tallinn, N\u00f5mme<\/li>\n<li>B\u00fcroohoone &#8220;J\u00e4rve Tornid&#8221;, Tallinn<\/li>\n<li>B\u00fcroo-ladu, T\u00e4hesaju 9, Tallinn<\/li>\n<li>Tallinna Muusika- ja Balletikool MUBA, Tallinn<\/li>\n<li>M\u00e4ealuse hostel, Tallinn<\/li>\n<li>Eesti Muusika- ja Teatriakadeemia (EMTA) Foonika (akustilised seinakatted), Tallinn<\/li>\n<li>\u00c4dala kauplus, Tallinn<\/li>\n<li>B\u00fcroo, L\u00e4ike p\u00f5ik 3, Tallinn<\/li>\n<li>Eramu, SR 26, Tallinn<\/li>\n<li>Kauplus Max-Mara, P\u00e4rnu mnt 8, Tallinn<\/li>\n<li>B\u00fcroo Solaris Manpower, Tallinn<\/li>\n<li>Autom\u00fc\u00fcgisalong Amserv (endine Sahver), Tallinn<\/li>\n<li>Kortermaja, Kadaka tee 141, Tallinn<\/li>\n<li>B\u00fcroo-ladu Sanitex, Tallinn<\/li>\n<li>KUKU raadio stuudio, Tallinn<\/li>\n<\/ul>\n<\/div><\/section><br \/>\n<div  style='padding-bottom:10px; margin:0px 0px 30px 0px; font-size:28px;' class='av-special-heading av-special-heading-h2  blockquote modern-quote  avia-builder-el-5  el_after_av_textblock  el_before_av_textblock  av-inherit-size '><h2 class='av-special-heading-tag '  itemprop=\"headline\"  >REFERENSSIT VUODELTA 2022 (muu Viro)<\/h2><div class='special-heading-border'><div class='special-heading-inner-border' ><\/div><\/div><\/div><br \/>\n<section class=\"av_textblock_section \"  itemscope=\"itemscope\" itemtype=\"https:\/\/schema.org\/CreativeWork\" ><div class='avia_textblock  '   itemprop=\"text\" ><ul>\n<li>Tartu Volleri kontor-ladu, Tartu<\/li>\n<li>J\u00f5hvi P\u00f5hikool, Ida-Virumaa<\/li>\n<li>Aespa lasteaed, Rapla maakond<\/li>\n<li>B\u00fcroo \u201cKiili Stockoffice\u201d, Harjumaa<\/li>\n<li>IKEA kaplus-ladu, Rae vald, Harjumaa<\/li>\n<li>Peetri Maja \u00e4rihoone, Peetri, Harjumaa<\/li>\n<li>Paide Kaubamaja, Paide, J\u00e4rva maakond<\/li>\n<li>B\u00fcroo-ladu Sauel, Harjumaa<\/li>\n<li>Telia b\u00fcroo, Rakvere, L\u00e4\u00e4ne-Viru maakond<\/li>\n<li>Sotsiaalhoone, Tule tn 7, Saue, Harjumaa<\/li>\n<\/ul>\n<\/div><\/section><\/p><\/div>\n","protected":false},"excerpt":{"rendered":"","protected":false},"author":5,"featured_media":0,"parent":87886,"menu_order":4,"comment_status":"closed","ping_status":"closed","template":"","meta":{"_acf_changed":false,"footnotes":"","_links_to":"","_links_to_target":""},"class_list":["post-574564","page","type-page","status-publish","hentry"],"acf":[],"_links":{"self":[{"href":"https:\/\/www.voller.ee\/fi\/wp-json\/wp\/v2\/pages\/574564","targetHints":{"allow":["GET"]}}],"collection":[{"href":"https:\/\/www.voller.ee\/fi\/wp-json\/wp\/v2\/pages"}],"about":[{"href":"https:\/\/www.voller.ee\/fi\/wp-json\/wp\/v2\/types\/page"}],"author":[{"embeddable":true,"href":"https:\/\/www.voller.ee\/fi\/wp-json\/wp\/v2\/users\/5"}],"replies":[{"embeddable":true,"href":"https:\/\/www.voller.ee\/fi\/wp-json\/wp\/v2\/comments?post=574564"}],"version-history":[{"count":5,"href":"https:\/\/www.voller.ee\/fi\/wp-json\/wp\/v2\/pages\/574564\/revisions"}],"predecessor-version":[{"id":575324,"href":"https:\/\/www.voller.ee\/fi\/wp-json\/wp\/v2\/pages\/574564\/revisions\/575324"}],"up":[{"embeddable":true,"href":"https:\/\/www.voller.ee\/fi\/wp-json\/wp\/v2\/pages\/87886"}],"wp:attachment":[{"href":"https:\/\/www.voller.ee\/fi\/wp-json\/wp\/v2\/media?parent=574564"}],"curies":[{"name":"wp","href":"https:\/\/api.w.org\/{rel}","templated":true}]}}