{"id":576252,"date":"2023-02-10T14:53:13","date_gmt":"2023-02-10T12:53:13","guid":{"rendered":"https:\/\/www.voller.ee\/tuotanto\/puit-materjalina\/"},"modified":"2023-03-27T14:32:17","modified_gmt":"2023-03-27T11:32:17","slug":"puu-materiaalina","status":"publish","type":"page","link":"https:\/\/www.voller.ee\/fi\/tuotanto\/puu-materiaalina\/","title":{"rendered":"Puu materiaalina"},"content":{"rendered":"<div class=\"flex_column av_one_full  flex_column_div first  avia-builder-el-0  avia-builder-el-no-sibling  \" style='padding:0px 0px 0px 0px ; border-radius:0px; '><p><div  style='padding-bottom:10px; color:#da0004;font-size:28px;' class='av-special-heading av-special-heading-h2 custom-color-heading blockquote modern-quote  avia-builder-el-1  el_before_av_textblock  avia-builder-el-first  av-inherit-size '><h2 class='av-special-heading-tag '  itemprop=\"headline\"  >Puu on viihtyisyytt\u00e4 ja hyv\u00e4\u00e4 akustiikkaa lis\u00e4\u00e4v\u00e4 ajaton materiaali!<\/h2><div class='special-heading-border'><div class='special-heading-inner-border' style='border-color:#da0004'><\/div><\/div><\/div><br \/>\n<section class=\"av_textblock_section \"  itemscope=\"itemscope\" itemtype=\"https:\/\/schema.org\/CreativeWork\" ><div class='avia_textblock  '   itemprop=\"text\" ><p>Puiset sis\u00e4katot ovat t\u00e4ll\u00e4 hetkell\u00e4 suosionsa hhttps:\/\/www.voller.ee\/fi\/alakatot\/uipulla l\u00e4mpim\u00e4n ja luonnonl\u00e4heisen ilmeens\u00e4 sek\u00e4 nykyaikaiseen arkkitehtuuriin sopivien suunnitteluratkaisujen ansiosta.<\/p>\n<p>Yksi yleisimmist\u00e4 materiaaleista puusis\u00e4kattojen valmistamisessa on <strong>lastulevy<\/strong>, joka toimii hyvin \u00e4\u00e4nenvaimentajana ja s\u00e4\u00e4telee osaltaan my\u00f6s tilan sis\u00e4ilmastoa imem\u00e4ll\u00e4 ja vapauttamalla kosteutta. K\u00e4yt\u00e4mme puisten sis\u00e4kattojen valmistuksessa my\u00f6s <strong>puuprofiilia (puus\u00e4lett\u00e4)<\/strong> ja <strong>puuviilulevyj\u00e4<\/strong>. Puun pintak\u00e4sittelyyn tarjoamme kaikkia yleisi\u00e4 teknologisia mahdollisuuksia \u2014 petsaamista, lakkaamista, maalaamista, vahaamista ja \u00f6ljy\u00e4mist\u00e4 sek\u00e4 k\u00e4sittely\u00e4 palonestoaineilla.<\/p>\n<p>Tutustu puumateriaaleihin ja kaikkiin myymiimme tuotteisiin ja tarvikkeisiin <a href=\"https:\/\/www.voller.ee\/fi\/alakatot\/\">T\u00c4ST\u00c4!<\/a><\/p>\n<\/div><\/section><br \/>\n<div  style='padding-bottom:10px; color:#da0004;font-size:28px;' class='av-special-heading av-special-heading-h2 custom-color-heading blockquote modern-quote  avia-builder-el-3  el_after_av_textblock  el_before_av_textblock  av-inherit-size '><h2 class='av-special-heading-tag '  itemprop=\"headline\"  >Puiset s\u00e4lepaneelit sis\u00e4kattoon ja seinille<\/h2><div class='special-heading-border'><div class='special-heading-inner-border' style='border-color:#da0004'><\/div><\/div><\/div><br \/>\n<section class=\"av_textblock_section \"  itemscope=\"itemscope\" itemtype=\"https:\/\/schema.org\/CreativeWork\" ><div class='avia_textblock  '   itemprop=\"text\" ><p>Voller suunnittelee ja valmistaa t\u00e4yspuisia ja puupohjaisiin materiaaleihin perustuvia sisustus- ja akustiikkaratkaisuja. T\u00e4rkein tuoteryhm\u00e4mme ovat s\u00e4lepaneelit sek\u00e4 sis\u00e4kattojen ett\u00e4 seinien p\u00e4\u00e4llyst\u00e4miseen. Yrityksen fokus on erikoisratkaisujen tarjoaminen.<\/p>\n<\/div><\/section><br \/>\n<div  style='padding-bottom:10px; color:#da0004;font-size:28px;' class='av-special-heading av-special-heading-h2 custom-color-heading blockquote modern-quote  avia-builder-el-5  el_after_av_textblock  el_before_av_timeline  av-inherit-size '><h2 class='av-special-heading-tag '  itemprop=\"headline\"  >5 syyt\u00e4 k\u00e4ytt\u00e4\u00e4 puuta sis\u00e4suunnittelussa ymp\u00e4rist\u00f6yst\u00e4v\u00e4llinen valinta<\/h2><div class='special-heading-border'><div class='special-heading-inner-border' style='border-color:#da0004'><\/div><\/div><\/div><br \/>\n<div  id=\"avia-timeline-1\"  class='avia-timeline-container    avia-builder-el-6  el_after_av_heading  avia-builder-el-last ' ><ul class='avia-timeline avia-timeline-vertical av-milestone-placement-left avia-timeline- avia_animate_when_almost_visible avia-timeline-animate'>\n<li  class='av-milestone av-animated-generic fade-in av-milestone-odd  av-milestone-valign-baseline '><h2 class='av-milestone-date  ' style='font-size:,px; ' id='milestone-ymparistoystavallinen-valinta'><strong>Ymp\u00e4rist\u00f6yst\u00e4v\u00e4llinen valinta<span class='av-milestone-indicator'><\/span><\/strong><\/h2><div class=\"av-milestone-icon-wrap\"><span class='milestone_icon milestone-icon-hasborder' ><span class='milestone_inner' style='background-image:url(https:\/\/www.voller.ee\/wp-content\/uploads\/2023\/02\/voller_tootmine_loodus_ikoon1-300x300.png); '>&nbsp;<\/span><\/span><\/div><article class='av-milestone-content-wrap'><div class='av-milestone-contentbox' ><div class='av-milestone-content' ><p>Metsi\u00e4 j\u00e4rkev\u00e4sti hoitaen puu on uusiutuva luonnonvara. Puu on my\u00f6s helposti kierr\u00e4tett\u00e4v\u00e4 ja biohajoava materiaali.<\/p>\n<\/div><\/div><footer  class='entry-footer'><\/footer><\/article><\/li>\n<li  class='av-milestone av-animated-generic fade-in av-milestone-even  av-milestone-valign-baseline '><h2 class='av-milestone-date  ' style='font-size:,px; ' id='milestone-laajat-kayttomahdollisuudet'><strong>Laajat k\u00e4ytt\u00f6mahdollisuudet<span class='av-milestone-indicator'><\/span><\/strong><\/h2><div class=\"av-milestone-icon-wrap\"><span class='milestone_icon milestone-icon-hasborder' ><span class='milestone_inner' style='background-image:url(https:\/\/www.voller.ee\/wp-content\/uploads\/2023\/02\/voller_tootmine_laikasutusulatus_osma_ikoon.png); '>&nbsp;<\/span><\/span><\/div><article class='av-milestone-content-wrap'><div class='av-milestone-contentbox' ><div class='av-milestone-content' ><p>Oikein k\u00e4siteltyn\u00e4 puuta voi k\u00e4ytt\u00e4\u00e4 l\u00e4hes kaikkialla.<\/p>\n<\/div><\/div><footer  class='entry-footer'><\/footer><\/article><\/li>\n<li  class='av-milestone av-animated-generic fade-in av-milestone-odd  av-milestone-valign-baseline '><h2 class='av-milestone-date  ' style='font-size:,px; ' id='milestone-akustiset-ominaisuudet'><strong>Akustiset ominaisuudet<span class='av-milestone-indicator'><\/span><\/strong><\/h2><div class=\"av-milestone-icon-wrap\"><span class='milestone_icon milestone-icon-hasborder' ><span class='milestone_inner' style='background-image:url(https:\/\/www.voller.ee\/wp-content\/uploads\/2023\/02\/voller_tootmine_akustika_ikoon.png); '>&nbsp;<\/span><\/span><\/div><article class='av-milestone-content-wrap'><div class='av-milestone-contentbox' ><div class='av-milestone-content' ><p>Puuta on vuosisatojen ajan pidetty materiaalina, jonka akustiset ominaisuudet ovat ainutlaatuiset. Siksi puuta k\u00e4ytet\u00e4\u00e4n usein konserttisalien sis\u00e4viimeistelyss\u00e4 ja my\u00f6s soittimien valmistuksessa.<\/p>\n<\/div><\/div><footer  class='entry-footer'><\/footer><\/article><\/li>\n<li  class='av-milestone av-animated-generic fade-in av-milestone-even  av-milestone-valign-baseline '><h2 class='av-milestone-date  ' style='font-size:,px; ' id='milestone-ainutlaatuinen-muotoilu'><strong>Ainutlaatuinen muotoilu<span class='av-milestone-indicator'><\/span><\/strong><\/h2><div class=\"av-milestone-icon-wrap\"><span class='milestone_icon milestone-icon-hasborder' ><span class='milestone_inner' style='background-image:url(https:\/\/www.voller.ee\/wp-content\/uploads\/2023\/02\/voller_tootmine_laikasutusulatus_vogl_ikoon.png); '>&nbsp;<\/span><\/span><\/div><article class='av-milestone-content-wrap'><div class='av-milestone-contentbox' ><div class='av-milestone-content' ><p>Jokaisella puulla on oma ainutkertainen ulkon\u00e4k\u00f6ns\u00e4 ja ominaisuutensa. Sisustuksessa puu antaa l\u00e4mp\u00f6\u00e4 ja tyylikkyytt\u00e4 eik\u00e4 j\u00e4\u00e4 koskaan muodista. Kaikkiin projekteihin sopivimpien ratkaisujen varmistamiseksi muotoiluja ja viimeistelyj\u00e4 on satoja erilaisia.<\/p>\n<\/div><\/div><footer  class='entry-footer'><\/footer><\/article><\/li>\n<li  class='av-milestone av-animated-generic fade-in av-milestone-odd  av-milestone-valign-baseline '><h2 class='av-milestone-date  ' style='font-size:,px; ' id='milestone-pitka-kayttoika'><strong>Pitk\u00e4 k\u00e4ytt\u00f6ik\u00e4<span class='av-milestone-indicator'><\/span><\/strong><\/h2><div class=\"av-milestone-icon-wrap\"><span class='milestone_icon milestone-icon-hasborder' ><span class='milestone_inner' style='background-image:url(https:\/\/www.voller.ee\/wp-content\/uploads\/2023\/02\/voller_tooted_ribilaed_ikoon-300x300.png); '>&nbsp;<\/span><\/span><\/div><article class='av-milestone-content-wrap'><div class='av-milestone-contentbox' ><div class='av-milestone-content' ><div class=\"docos-streamdocoview-authorname-timestamp\"><\/div>\n<div class=\"docos-replyview-body-container\" dir=\"ltr\">\n<p>Puu on luja ja kest\u00e4v\u00e4 ja siksi pitk\u00e4aikainen valinta!<\/p>\n<\/div>\n<\/div><\/div><footer  class='entry-footer'><\/footer><\/article><\/li>\n<\/ul><\/div><\/p><\/div>\n","protected":false},"excerpt":{"rendered":"","protected":false},"author":5,"featured_media":0,"parent":576225,"menu_order":1,"comment_status":"closed","ping_status":"closed","template":"","meta":{"_acf_changed":false,"footnotes":"","_links_to":"","_links_to_target":""},"class_list":["post-576252","page","type-page","status-publish","hentry"],"acf":[],"_links":{"self":[{"href":"https:\/\/www.voller.ee\/fi\/wp-json\/wp\/v2\/pages\/576252","targetHints":{"allow":["GET"]}}],"collection":[{"href":"https:\/\/www.voller.ee\/fi\/wp-json\/wp\/v2\/pages"}],"about":[{"href":"https:\/\/www.voller.ee\/fi\/wp-json\/wp\/v2\/types\/page"}],"author":[{"embeddable":true,"href":"https:\/\/www.voller.ee\/fi\/wp-json\/wp\/v2\/users\/5"}],"replies":[{"embeddable":true,"href":"https:\/\/www.voller.ee\/fi\/wp-json\/wp\/v2\/comments?post=576252"}],"version-history":[{"count":5,"href":"https:\/\/www.voller.ee\/fi\/wp-json\/wp\/v2\/pages\/576252\/revisions"}],"predecessor-version":[{"id":576406,"href":"https:\/\/www.voller.ee\/fi\/wp-json\/wp\/v2\/pages\/576252\/revisions\/576406"}],"up":[{"embeddable":true,"href":"https:\/\/www.voller.ee\/fi\/wp-json\/wp\/v2\/pages\/576225"}],"wp:attachment":[{"href":"https:\/\/www.voller.ee\/fi\/wp-json\/wp\/v2\/media?parent=576252"}],"curies":[{"name":"wp","href":"https:\/\/api.w.org\/{rel}","templated":true}]}}