{"id":576258,"date":"2023-02-10T15:00:08","date_gmt":"2023-02-10T13:00:08","guid":{"rendered":"https:\/\/www.voller.ee\/tuotanto\/pakutavad-teenused\/"},"modified":"2023-03-27T14:41:36","modified_gmt":"2023-03-27T11:41:36","slug":"tarjotut-palvelut","status":"publish","type":"page","link":"https:\/\/www.voller.ee\/fi\/tuotanto\/tarjotut-palvelut\/","title":{"rendered":"Tarjottavat palvelut"},"content":{"rendered":"<div class=\"flex_column av_one_full  flex_column_div first  avia-builder-el-0  avia-builder-el-no-sibling  \" style='padding:0px 0px 0px 0px ; border-radius:0px; '><p><div  style='padding-bottom:10px; color:#da0004;font-size:28px;' class='av-special-heading av-special-heading-h2 custom-color-heading blockquote modern-quote  avia-builder-el-1  el_before_av_textblock  avia-builder-el-first  av-inherit-size '><h2 class='av-special-heading-tag '  itemprop=\"headline\"  >Tarjottavat palvelut<\/h2><div class='special-heading-border'><div class='special-heading-inner-border' style='border-color:#da0004'><\/div><\/div><\/div><br \/>\n<section class=\"av_textblock_section \"  itemscope=\"itemscope\" itemtype=\"https:\/\/schema.org\/CreativeWork\" ><div class='avia_textblock  '   itemprop=\"text\" ><p>Vollerilla on yli 30 vuoden kokemukset sis\u00e4kattojen ja sis\u00e4pintojen p\u00e4\u00e4llyst\u00e4misen alalta sek\u00e4 erilaisia alakattoja asentamalla ett\u00e4 suorittamalla erilaisia sis\u00e4sein\u00e4t\u00f6it\u00e4. Osaamme auttaa l\u00f6yt\u00e4m\u00e4\u00e4n ratkaisuja kaikkein vaativimpiinkin toiveisiin \u2013 tunnemme hyvin sek\u00e4 materiaalit ett\u00e4 tuotanto- ja rakennustekniset n\u00e4k\u00f6kohdat.<\/p>\n<\/div><\/section><br \/>\n<div  id=\"avia-timeline-1\"  class='avia-timeline-container    avia-builder-el-3  el_after_av_textblock  avia-builder-el-last ' ><ul class='avia-timeline avia-timeline-vertical av-milestone-placement-left avia-timeline- avia_animate_when_almost_visible avia-timeline-animate'>\n<li  class='av-milestone av-animated-generic fade-in av-milestone-odd  av-milestone-valign-baseline '><h2 class='av-milestone-date  ' style='font-size:,px; ' id='milestone-suunnittelu-ja-muotoilu'><strong>SUUNNITTELU JA MUOTOILU<span class='av-milestone-indicator'><\/span><\/strong><\/h2><div class=\"av-milestone-icon-wrap\"><span class='milestone_icon milestone-icon-hasborder' ><span class='milestone_inner' style='background-image:url(https:\/\/www.voller.ee\/wp-content\/uploads\/2023\/02\/voller_projekteerimine_ikoon.png); '>&nbsp;<\/span><\/span><\/div><article class='av-milestone-content-wrap'><div class='av-milestone-contentbox' ><div class='av-milestone-content' ><p>Vollerilla on yli 30 vuoden kokemukset sis\u00e4kattojen ja sis\u00e4pintojen p\u00e4\u00e4llyst\u00e4misen alalta sek\u00e4 erilaisia alakattoja asentamalla ett\u00e4 suorittamalla erilaisia sis\u00e4sein\u00e4t\u00f6it\u00e4. Osaamme auttaa l\u00f6yt\u00e4m\u00e4\u00e4n ratkaisuja kaikkein vaativimpiinkin toiveisiin \u2013 tunnemme hyvin sek\u00e4 materiaalit ett\u00e4 tuotanto- ja rakennustekniset n\u00e4k\u00f6kohdat. Suunnittelussa k\u00e4yt\u00e4mme 3D-mallinnusohjelmaa, joka auttaa varmistamaan tarkkuuden ja laadun.<\/p>\n<\/div><\/div><footer  class='entry-footer'><\/footer><\/article><\/li>\n<li  class='av-milestone av-animated-generic fade-in av-milestone-even  av-milestone-valign-baseline '><h2 class='av-milestone-date  ' style='font-size:,px; ' id='milestone-erikoisratkaisujen-toteuttaminen'><strong>ERIKOISRATKAISUJEN TOTEUTTAMINEN<span class='av-milestone-indicator'><\/span><\/strong><\/h2><div class=\"av-milestone-icon-wrap\"><span class='milestone_icon milestone-icon-hasborder' ><span class='milestone_inner' style='background-image:url(https:\/\/www.voller.ee\/wp-content\/uploads\/2023\/02\/voller_erilahendused_ikoon2.png); '>&nbsp;<\/span><\/span><\/div><article class='av-milestone-content-wrap'><div class='av-milestone-contentbox' ><div class='av-milestone-content' ><p>Vollerin asiantunteva henkil\u00f6st\u00f6 auttaa suunnittelemaan ja valitsemaan sopivat materiaalit ja valmistamaan puusta ja puupohjaisista materiaaleista sisustuselementtej\u00e4 tilaajien, arkkitehtien tai sisustusarkkitehtien toiveiden mukaisesti.<\/p>\n<\/div><\/div><footer  class='entry-footer'><\/footer><\/article><\/li>\n<li  class='av-milestone av-animated-generic fade-in av-milestone-odd  av-milestone-valign-baseline '><h2 class='av-milestone-date  ' style='font-size:,px; ' id='milestone-valmistus-alihankintana'><strong>VALMISTUS ALIHANKINTANA<span class='av-milestone-indicator'><\/span><\/strong><\/h2><div class=\"av-milestone-icon-wrap\"><span class='milestone_icon milestone-icon-hasborder' ><span class='milestone_inner' style='background-image:url(https:\/\/www.voller.ee\/wp-content\/uploads\/2023\/02\/voller_erilahendused_allhange2.png); '>&nbsp;<\/span><\/span><\/div><article class='av-milestone-content-wrap'><div class='av-milestone-contentbox' ><div class='av-milestone-content' ><p>Vollerilla on nykyaikaisella teknologialla varustettu puuntuotantotehdas ja ammattitaitoinen henkil\u00f6kunta. Eri ty\u00f6yksik\u00f6ill\u00e4 on resursseja, jotka mahdollistavat t\u00f6iden tekemisen alihankintana \u2013 voimme tarjota sek\u00e4 erilaisia palveluita, osien valmistusta kuin my\u00f6s kokonaisratkaisuja. Suoritamme puun esity\u00f6st\u00f6\u00e4 (puun leikkaaminen, katkaisu ja h\u00f6yl\u00e4ys), CNC-t\u00f6it\u00e4, kanttausta ja erilaisia viimeistelyt\u00f6it\u00e4.<\/p>\n<\/div><\/div><footer  class='entry-footer'><\/footer><\/article><\/li>\n<\/ul><\/div><\/p><\/div>\n","protected":false},"excerpt":{"rendered":"","protected":false},"author":5,"featured_media":0,"parent":576225,"menu_order":3,"comment_status":"closed","ping_status":"closed","template":"","meta":{"_acf_changed":false,"footnotes":"","_links_to":"","_links_to_target":""},"class_list":["post-576258","page","type-page","status-publish","hentry"],"acf":[],"_links":{"self":[{"href":"https:\/\/www.voller.ee\/fi\/wp-json\/wp\/v2\/pages\/576258","targetHints":{"allow":["GET"]}}],"collection":[{"href":"https:\/\/www.voller.ee\/fi\/wp-json\/wp\/v2\/pages"}],"about":[{"href":"https:\/\/www.voller.ee\/fi\/wp-json\/wp\/v2\/types\/page"}],"author":[{"embeddable":true,"href":"https:\/\/www.voller.ee\/fi\/wp-json\/wp\/v2\/users\/5"}],"replies":[{"embeddable":true,"href":"https:\/\/www.voller.ee\/fi\/wp-json\/wp\/v2\/comments?post=576258"}],"version-history":[{"count":4,"href":"https:\/\/www.voller.ee\/fi\/wp-json\/wp\/v2\/pages\/576258\/revisions"}],"predecessor-version":[{"id":576410,"href":"https:\/\/www.voller.ee\/fi\/wp-json\/wp\/v2\/pages\/576258\/revisions\/576410"}],"up":[{"embeddable":true,"href":"https:\/\/www.voller.ee\/fi\/wp-json\/wp\/v2\/pages\/576225"}],"wp:attachment":[{"href":"https:\/\/www.voller.ee\/fi\/wp-json\/wp\/v2\/media?parent=576258"}],"curies":[{"name":"wp","href":"https:\/\/api.w.org\/{rel}","templated":true}]}}