{"id":576260,"date":"2023-02-10T14:52:50","date_gmt":"2023-02-10T12:52:50","guid":{"rendered":"https:\/\/www.voller.ee\/tuotanto\/tootmisprotsessid\/"},"modified":"2023-03-27T14:45:06","modified_gmt":"2023-03-27T11:45:06","slug":"tuotantoprosessit","status":"publish","type":"page","link":"https:\/\/www.voller.ee\/fi\/tuotanto\/tuotantoprosessit\/","title":{"rendered":"Tuotantoprosessit"},"content":{"rendered":"<div class=\"flex_column av_one_full  flex_column_div first  avia-builder-el-0  el_before_av_timeline  avia-builder-el-first  \" style='padding:0px 0px 0px 0px ; border-radius:0px; '><p><div  style='padding-bottom:10px; color:#da0004;font-size:28px;' class='av-special-heading av-special-heading-h2 custom-color-heading blockquote modern-quote  avia-builder-el-1  el_before_av_textblock  avia-builder-el-first  av-inherit-size '><h2 class='av-special-heading-tag '  itemprop=\"headline\"  >Vollerin suorittamat tuorantoprosessit<\/h2><div class='special-heading-border'><div class='special-heading-inner-border' style='border-color:#da0004'><\/div><\/div><\/div><br \/>\n<section class=\"av_textblock_section \"  itemscope=\"itemscope\" itemtype=\"https:\/\/schema.org\/CreativeWork\" ><div class='avia_textblock  '   itemprop=\"text\" ><p>Vollerin tuotantoyksikk\u00f6 on varustettu nykyaikaisella teknologialla. Suuremmista laitteista voi mainita tekniikan puumateriaalin esik\u00e4sittelyyn, CNC-ty\u00f6st\u00f6keskuksen, kanttauslinjan, ruiskumaalauslinjan, viimeistelykammion sek\u00e4 harjahiomakoneen.<\/p>\n<\/div><\/section><\/p><\/div><div  id=\"avia-timeline-1\"  class='avia-timeline-container    avia-builder-el-3  el_after_av_one_full  avia-builder-el-last ' ><ul class='avia-timeline avia-timeline-vertical av-milestone-placement-left avia-timeline- avia_animate_when_almost_visible avia-timeline-animate'>\n<li  class='av-milestone av-animated-generic fade-in av-milestone-odd  av-milestone-valign-baseline '><h2 class='av-milestone-date  ' style='font-size:,px; ' id='milestone-puumateriaalien-esityosto'><strong>PUUMATERIAALIEN ESITY\u00d6ST\u00d6<span class='av-milestone-indicator'><\/span><\/strong><\/h2><div class=\"av-milestone-icon-wrap\"><span class='milestone_icon milestone-icon-hasborder' ><span class='milestone_inner' style='background-image:url(https:\/\/www.voller.ee\/wp-content\/uploads\/2023\/02\/voller_tootmine_eeltootlus_ikoon.png); '>&nbsp;<\/span><\/span><\/div><article class='av-milestone-content-wrap'><div class='av-milestone-contentbox' ><div class='av-milestone-content' ><p>Leikkaaminen \u2013 tarkistuspy\u00f6r\u00f6saha ja moniter\u00e4inen leikkaussaha mahdollistavat erimittaisen aihiomateriaalin esik\u00e4sittelyn.<\/p>\n<p>H\u00f6yl\u00e4\u00e4minen \u2013 6-p\u00e4inen tasoh\u00f6yl\u00e4 mahdollistaa laadukkaan pinnan h\u00f6yl\u00e4\u00e4misen sek\u00e4 nelikulmaisiin ett\u00e4 erikoisprofiileihin.<\/p>\n<p>Katkaisu \u2013 tietokoneohjattu poikkileikkaus-sahalinja mahdollistaa osien leikkaamisen oikeaan pituuteen nopeasti, tarkasti ja materiaalitehokkaasti.<\/p>\n<\/div><\/div><footer  class='entry-footer'><\/footer><\/article><\/li>\n<li  class='av-milestone av-animated-generic fade-in av-milestone-even  av-milestone-valign-baseline '><h2 class='av-milestone-date  ' style='font-size:,px; ' id='milestone-cnc-tyosto'><strong>CNC-TY\u00d6ST\u00d6<span class='av-milestone-indicator'><\/span><\/strong><\/h2><div class=\"av-milestone-icon-wrap\"><span class='milestone_icon milestone-icon-hasborder' ><span class='milestone_inner' style='background-image:url(https:\/\/www.voller.ee\/wp-content\/uploads\/2023\/02\/voller_tootmine_cnc_ikoon.png); '>&nbsp;<\/span><\/span><\/div><article class='av-milestone-content-wrap'><div class='av-milestone-contentbox' ><div class='av-milestone-content' ><p>Meill\u00e4 on nestaustyypin CNC-ty\u00f6st\u00f6keskus, jolla voimme sahata irti ja ty\u00f6st\u00e4\u00e4 hyvin erilaisia osia ja levymateriaalia.<\/p>\n<\/div><\/div><footer  class='entry-footer'><\/footer><\/article><\/li>\n<li  class='av-milestone av-animated-generic fade-in av-milestone-odd  av-milestone-valign-baseline '><h2 class='av-milestone-date  ' style='font-size:,px; ' id='milestone-kanttaus'><strong>KANTTAUS<span class='av-milestone-indicator'><\/span><\/strong><\/h2><div class=\"av-milestone-icon-wrap\"><span class='milestone_icon milestone-icon-hasborder' ><span class='milestone_inner' style='background-image:url(https:\/\/www.voller.ee\/wp-content\/uploads\/2023\/02\/voller_tootmine_viimistlus_ikoon2.png); '>&nbsp;<\/span><\/span><\/div><article class='av-milestone-content-wrap'><div class='av-milestone-contentbox' ><div class='av-milestone-content' ><p>Voimme asentaa kanttauslinjalla erilaisia kanttausmateriaaleja (PVC, ABS, viilu) ja listoja (puu, formica, vaneri ym.). Voimme kantata EVA-liimalla 10\u201360 mm paksuja materiaaleja.<\/p>\n<\/div><\/div><footer  class='entry-footer'><\/footer><\/article><\/li>\n<li  class='av-milestone av-animated-generic fade-in av-milestone-even  av-milestone-valign-baseline '><h2 class='av-milestone-date  ' style='font-size:,px; ' id='milestone-viimeistely'><strong>VIIMEISTELY<span class='av-milestone-indicator'><\/span><\/strong><\/h2><div class=\"av-milestone-icon-wrap\"><span class='milestone_icon milestone-icon-hasborder' ><span class='milestone_inner' style='background-image:url(https:\/\/www.voller.ee\/wp-content\/uploads\/2023\/02\/voller_tootmine_viimistlus_ikoon.png); '>&nbsp;<\/span><\/span><\/div><article class='av-milestone-content-wrap'><div class='av-milestone-contentbox' ><div class='av-milestone-content' ><p>Ruiskuautomaatti \u2013 4-pistoolisen maalausrobotin ja kuivauskammion yhdistelm\u00e4ll\u00e4 voimme viimeistell\u00e4 suuremman m\u00e4\u00e4r\u00e4n tuotteita nopeasti ja laadukkaasti. Viimeistelyss\u00e4 k\u00e4yt\u00e4mme ainoastaan nykyaikaisia ja ymp\u00e4rist\u00f6yst\u00e4v\u00e4llisi\u00e4 vesipohjaisia tuotteita.<\/p>\n<p>Viimeistelykammio \u2013 erillisess\u00e4 vaatimusten mukaisessa viimeistelykammiossa voimme viimeistell\u00e4 k\u00e4sin erimuotoisia osia ja pienempi\u00e4 m\u00e4\u00e4ri\u00e4.<\/p>\n<p>Harjahiomakone \u2013 harjahiomakone mahdollistaa osien hienohiomisen ja v\u00e4lihionnan erilaisten viimeistelykerrosten v\u00e4lill\u00e4. Lis\u00e4ksi voimme suorittaa t\u00e4yspuun pintak\u00e4sittely\u00e4 harjaamalla, kuvioimalla ja patinoimalla.<\/p>\n<\/div><\/div><footer  class='entry-footer'><\/footer><\/article><\/li>\n<\/ul><\/div><\/p>\n","protected":false},"excerpt":{"rendered":"","protected":false},"author":5,"featured_media":0,"parent":576225,"menu_order":4,"comment_status":"closed","ping_status":"closed","template":"","meta":{"_acf_changed":false,"footnotes":"","_links_to":"","_links_to_target":""},"class_list":["post-576260","page","type-page","status-publish","hentry"],"acf":[],"_links":{"self":[{"href":"https:\/\/www.voller.ee\/fi\/wp-json\/wp\/v2\/pages\/576260","targetHints":{"allow":["GET"]}}],"collection":[{"href":"https:\/\/www.voller.ee\/fi\/wp-json\/wp\/v2\/pages"}],"about":[{"href":"https:\/\/www.voller.ee\/fi\/wp-json\/wp\/v2\/types\/page"}],"author":[{"embeddable":true,"href":"https:\/\/www.voller.ee\/fi\/wp-json\/wp\/v2\/users\/5"}],"replies":[{"embeddable":true,"href":"https:\/\/www.voller.ee\/fi\/wp-json\/wp\/v2\/comments?post=576260"}],"version-history":[{"count":5,"href":"https:\/\/www.voller.ee\/fi\/wp-json\/wp\/v2\/pages\/576260\/revisions"}],"predecessor-version":[{"id":576412,"href":"https:\/\/www.voller.ee\/fi\/wp-json\/wp\/v2\/pages\/576260\/revisions\/576412"}],"up":[{"embeddable":true,"href":"https:\/\/www.voller.ee\/fi\/wp-json\/wp\/v2\/pages\/576225"}],"wp:attachment":[{"href":"https:\/\/www.voller.ee\/fi\/wp-json\/wp\/v2\/media?parent=576260"}],"curies":[{"name":"wp","href":"https:\/\/api.w.org\/{rel}","templated":true}]}}