{"id":578110,"date":"2025-01-22T10:34:43","date_gmt":"2025-01-22T08:34:43","guid":{"rendered":"https:\/\/www.voller.ee\/?page_id=578110"},"modified":"2025-01-22T10:42:20","modified_gmt":"2025-01-22T08:42:20","slug":"2024-2","status":"publish","type":"page","link":"https:\/\/www.voller.ee\/fi\/referenssit\/2024-2\/","title":{"rendered":"2024"},"content":{"rendered":"<div class=\"flex_column av_one_full  flex_column_div av-zero-column-padding first  avia-builder-el-0  avia-builder-el-no-sibling  \" style='border-radius:0px; '><p><div  style='padding-bottom:10px; margin:0px 0px 30px 0px; font-size:28px;' class='av-special-heading av-special-heading-h2  blockquote modern-quote  avia-builder-el-1  el_before_av_textblock  avia-builder-el-first  av-inherit-size '><h2 class='av-special-heading-tag '  itemprop=\"headline\"  >REFERENSSIT VUODELTA 2024 (SUOMI)<\/h2><div class='special-heading-border'><div class='special-heading-inner-border' ><\/div><\/div><\/div><br \/>\n<section class=\"av_textblock_section \"  itemscope=\"itemscope\" itemtype=\"https:\/\/schema.org\/CreativeWork\" ><div class='avia_textblock  '   itemprop=\"text\" ><ul>\n<li>Nordean uusi p\u00e4\u00e4konttori (Project Boost C5), Helsinki<\/li>\n<li>Toimistotalo Lauri Korpisen katu 9, Vantaa<\/li>\n<li>Aalto-yliopiston uudet opetusrakennukset Otakaari 2A ja 2B, Espoo<\/li>\n<li>Toimistotalo We Land, Helsinki<\/li>\n<li>Logistiikkakeskus IKEA FF Unit, Espoo<\/li>\n<li>Liike- ja kauppakeskus Tammiston kauppatie 7c, Vantaa<\/li>\n<li>Varasto- ja toimistorakennus Petikkon Helmi, Vantaa<\/li>\n<li>Scania Service Center, Vantaa<\/li>\n<li>Urheilu- ja vapaa-ajankeskus Kivenlahden Hybridi Arena, Espoo<\/li>\n<li>Varasto- ja toimistorakennus Tuusulan Sulankaari, Tuusula<\/li>\n<li>Varasto- ja toimistorakennus T\u00e4ht\u00e4inkuja 1, Vantaa<\/li>\n<\/ul>\n<\/div><\/section><br \/>\n<div  style='padding-bottom:10px; margin:0px 0px 30px 0px; font-size:28px;' class='av-special-heading av-special-heading-h2  blockquote modern-quote  avia-builder-el-3  el_after_av_textblock  el_before_av_textblock  av-inherit-size '><h2 class='av-special-heading-tag '  itemprop=\"headline\"  >REFERENSSIT VUODELTA 2024 (VIRO, TALLINN)<\/h2><div class='special-heading-border'><div class='special-heading-inner-border' ><\/div><\/div><\/div><br \/>\n<section class=\"av_textblock_section \"  itemscope=\"itemscope\" itemtype=\"https:\/\/schema.org\/CreativeWork\" ><div class='avia_textblock  '   itemprop=\"text\" ><ul>\n<li>Arteri Kvartal aula ja bistro<\/li>\n<li>Arteri Kvartal kylpyl\u00e4 ja kuntosali<\/li>\n<li>Arteri Kvartal eri toimistotilat<\/li>\n<li>Rahvus Raamatukogu (Viron kansalliskirjasto)<\/li>\n<li>Paldiski mnt 227 kerrostalo<\/li>\n<li>Kadaka tee 62a TLT-toimistotalo<\/li>\n<li>Rocca Al Mare keskuksen liiketilat \u2013 UKK, Euronics, Wendre<\/li>\n<li>Hyatt Place &#8211; hotelli<\/li>\n<li>Kadriorgin puiston orangeria<\/li>\n<li>Harkun soutukeskus<\/li>\n<li>Harju 11 opetusluokat<\/li>\n<li>Manufaktuuri 7 kerrostalo<\/li>\n<\/ul>\n<\/div><\/section><br \/>\n<div  style='padding-bottom:10px; margin:0px 0px 30px 0px; font-size:28px;' class='av-special-heading av-special-heading-h2  blockquote modern-quote  avia-builder-el-5  el_after_av_textblock  el_before_av_textblock  av-inherit-size '><h2 class='av-special-heading-tag '  itemprop=\"headline\"  >REFERENSSIT VUODELTA 2024 (MUU VIRO)<\/h2><div class='special-heading-border'><div class='special-heading-inner-border' ><\/div><\/div><\/div><br \/>\n<section class=\"av_textblock_section \"  itemscope=\"itemscope\" itemtype=\"https:\/\/schema.org\/CreativeWork\" ><div class='avia_textblock  '   itemprop=\"text\" ><ul>\n<li>Omakotitalo, Peetri<\/li>\n<li>Ringi tee 11 varasto- ja toimistorakennus, J\u00fcri<\/li>\n<li>H\u00f6hle tuotantorakennus, Rapla maakond<\/li>\n<li>P\u00e4iv\u00e4koti, Vaela<\/li>\n<li>Sotilaskyl\u00e4n kasarmit, \u00c4mari<\/li>\n<li>United Motors, Peetri<\/li>\n<li>Jasmiini tee 3 kerrostalo, Viimsi<\/li>\n<li>Kaubamajakas Euronics, P\u00e4rnu<\/li>\n<li>P\u00e4iv\u00e4koti, Prillim\u00e4e<\/li>\n<\/ul>\n<\/div><\/section><\/p><\/div>\n","protected":false},"excerpt":{"rendered":"","protected":false},"author":5,"featured_media":0,"parent":87886,"menu_order":1,"comment_status":"closed","ping_status":"closed","template":"","meta":{"_acf_changed":false,"footnotes":"","_links_to":"","_links_to_target":""},"class_list":["post-578110","page","type-page","status-publish","hentry"],"acf":[],"_links":{"self":[{"href":"https:\/\/www.voller.ee\/fi\/wp-json\/wp\/v2\/pages\/578110","targetHints":{"allow":["GET"]}}],"collection":[{"href":"https:\/\/www.voller.ee\/fi\/wp-json\/wp\/v2\/pages"}],"about":[{"href":"https:\/\/www.voller.ee\/fi\/wp-json\/wp\/v2\/types\/page"}],"author":[{"embeddable":true,"href":"https:\/\/www.voller.ee\/fi\/wp-json\/wp\/v2\/users\/5"}],"replies":[{"embeddable":true,"href":"https:\/\/www.voller.ee\/fi\/wp-json\/wp\/v2\/comments?post=578110"}],"version-history":[{"count":5,"href":"https:\/\/www.voller.ee\/fi\/wp-json\/wp\/v2\/pages\/578110\/revisions"}],"predecessor-version":[{"id":578112,"href":"https:\/\/www.voller.ee\/fi\/wp-json\/wp\/v2\/pages\/578110\/revisions\/578112"}],"up":[{"embeddable":true,"href":"https:\/\/www.voller.ee\/fi\/wp-json\/wp\/v2\/pages\/87886"}],"wp:attachment":[{"href":"https:\/\/www.voller.ee\/fi\/wp-json\/wp\/v2\/media?parent=578110"}],"curies":[{"name":"wp","href":"https:\/\/api.w.org\/{rel}","templated":true}]}}