{"id":87794,"date":"2017-09-28T16:41:44","date_gmt":"2017-09-28T13:41:44","guid":{"rendered":"https:\/\/www.voller.ee\/2009-2\/"},"modified":"2020-10-30T15:34:19","modified_gmt":"2020-10-30T13:34:19","slug":"2009-2","status":"publish","type":"page","link":"https:\/\/www.voller.ee\/fi\/referenssit\/2009-2\/","title":{"rendered":"2009"},"content":{"rendered":"<div class=\"flex_column av_one_full  flex_column_div av-zero-column-padding first  avia-builder-el-0  avia-builder-el-no-sibling  \" style='border-radius:0px; '><p><div  style='padding-bottom:10px; margin:0px 0px 30px 0px; font-size:28px;' class='av-special-heading av-special-heading-h2  blockquote modern-quote  avia-builder-el-1  el_before_av_textblock  avia-builder-el-first  av-inherit-size '><h2 class='av-special-heading-tag '  itemprop=\"headline\"  >Referenssit vuodelta 2009<\/h2><div class='special-heading-border'><div class='special-heading-inner-border' ><\/div><\/div><\/div><br \/>\n<section class=\"av_textblock_section \"  itemscope=\"itemscope\" itemtype=\"https:\/\/schema.org\/CreativeWork\" ><div class='avia_textblock  '   itemprop=\"text\" ><ul>\n<li>Airport Plaza II, Rondo-toimistotalo, Vantaa<\/li>\n<li>Baltikan toimistorakennus, Veerenni 24, Tallinna<\/li>\n<li>Solaris-keskuksen Cinamon-elokuvateatteri, Sakala 12, Tallinna<\/li>\n<li>Falcon Business Park, Lago, Espoo<\/li>\n<li>Musiikkitalo, Helsinki<\/li>\n<li>Helsingin yliopiston A-rakennuksen peruskorjaus, Viikki<\/li>\n<li>Kauppakeskus Tammiston T\u00e4hti, Vantaa<\/li>\n<li>Koivuhaan Liikekeskus, Vantaa<\/li>\n<li>Kiinteist\u00f6 Oy Esterinportti 2, toimistotalon peruskorjaus, Helsinki<\/li>\n<li>Kiinteist\u00f6 Oy H\u00e4meentie 19, Helsinki<\/li>\n<li>Kiinteist\u00f6 Oy L\u00e4kkisep\u00e4nkuja, Helsinki<\/li>\n<li>Kiinteist\u00f6 Oy Siltasaarenkatu 14, Helsinki (Hotelli Cumulus)<\/li>\n<li>Kiinteist\u00f6 Oy Tammistonportti, 2. vaihe, Vantaa<\/li>\n<li>Maakri 23a, Tallinna<\/li>\n<li>Rocca al Mare -kauppakeskuksen Mosaic-vaatemyym\u00e4l\u00e4, Paldiski maantee 102, Tallinna<\/li>\n<li>Narva maantee 13 ja 13a, Tallinna<\/li>\n<li>Oil Oyj, Porvoon keskuslaboratorio, Kilpilahti<\/li>\n<li>Paasivuorenkatu 3, toimistotalon peruskorjaus, Helsinki<\/li>\n<li>Pasilan toimistotalo, El\u00e4ke Fennia Oy, Helsinki<\/li>\n<li>Port Artur 2 -tavaratalon laajennos, Lai 11, P\u00e4rnu<\/li>\n<li>Salmisaaren liikuntakeskus, Helsinki<\/li>\n<li>Sampo Pankin tilojen peruskorjaus, Siltasaarenkatu 12, Helsinki<\/li>\n<li>S\u00f6rn\u00e4isten Rantatie 27, toimistotalon peruskorjaus, Helsinki<\/li>\n<li>Tallinnan teknillisen yliopiston kirjasto, Ehitajate tee 7, Tallinna<\/li>\n<li>Waco Logistics Finland Oy, Vantaa<\/li>\n<li>Viinikkalan logistiikkakeskus K3, Vantaa<\/li>\n<li>YTV J\u00e4tehuolto, biokaasumoottorivoimalaitos, Espoo<\/li>\n<\/ul>\n<\/div><\/section><\/p><\/div>\n","protected":false},"excerpt":{"rendered":"","protected":false},"author":5,"featured_media":0,"parent":87886,"menu_order":17,"comment_status":"closed","ping_status":"closed","template":"","meta":{"_acf_changed":false,"footnotes":"","_links_to":"","_links_to_target":""},"class_list":["post-87794","page","type-page","status-publish","hentry"],"acf":[],"_links":{"self":[{"href":"https:\/\/www.voller.ee\/fi\/wp-json\/wp\/v2\/pages\/87794","targetHints":{"allow":["GET"]}}],"collection":[{"href":"https:\/\/www.voller.ee\/fi\/wp-json\/wp\/v2\/pages"}],"about":[{"href":"https:\/\/www.voller.ee\/fi\/wp-json\/wp\/v2\/types\/page"}],"author":[{"embeddable":true,"href":"https:\/\/www.voller.ee\/fi\/wp-json\/wp\/v2\/users\/5"}],"replies":[{"embeddable":true,"href":"https:\/\/www.voller.ee\/fi\/wp-json\/wp\/v2\/comments?post=87794"}],"version-history":[{"count":5,"href":"https:\/\/www.voller.ee\/fi\/wp-json\/wp\/v2\/pages\/87794\/revisions"}],"predecessor-version":[{"id":213722,"href":"https:\/\/www.voller.ee\/fi\/wp-json\/wp\/v2\/pages\/87794\/revisions\/213722"}],"up":[{"embeddable":true,"href":"https:\/\/www.voller.ee\/fi\/wp-json\/wp\/v2\/pages\/87886"}],"wp:attachment":[{"href":"https:\/\/www.voller.ee\/fi\/wp-json\/wp\/v2\/media?parent=87794"}],"curies":[{"name":"wp","href":"https:\/\/api.w.org\/{rel}","templated":true}]}}