{"id":87796,"date":"2017-03-14T09:24:40","date_gmt":"2017-03-14T07:24:40","guid":{"rendered":"https:\/\/www.voller.ee\/yhteystiedot\/"},"modified":"2026-02-21T12:30:57","modified_gmt":"2026-02-21T10:30:57","slug":"yhteystiedot","status":"publish","type":"page","link":"https:\/\/www.voller.ee\/fi\/yhteystiedot\/","title":{"rendered":"Yhteystiedot"},"content":{"rendered":"<div class=\"flex_column av_three_fifth  flex_column_div first  avia-builder-el-0  el_before_av_two_fifth  avia-builder-el-first  \" style='padding:0px 0px 50px 0px ; border-radius:0px; '><p><div  style='padding-bottom:10px; font-size:28px;' class='av-special-heading av-special-heading-h2 custom-color-heading blockquote modern-quote  avia-builder-el-1  el_before_av_textblock  avia-builder-el-first  av-inherit-size '><h2 class='av-special-heading-tag '  itemprop=\"headline\"  >VOLLER \u2013 keit\u00e4 olemme<\/h2><div class='special-heading-border'><div class='special-heading-inner-border' ><\/div><\/div><\/div><br \/>\n<section class=\"av_textblock_section \"  itemscope=\"itemscope\" itemtype=\"https:\/\/schema.org\/CreativeWork\" ><div class='avia_textblock  '   itemprop=\"text\" ><p>Vollerin historia ulottuu vuoteen 1992, joten voimme pit\u00e4\u00e4 itse\u00e4mme Viron kokeneimpien alakattoasentajien joukkoon kuuluvana. Nyky\u00e4\u00e4n Suomikin on meille eritt\u00e4in t\u00e4rke\u00e4 markkina-alue.<\/p>\n<p>Tavoitteenamme on tarjota kattavia alakatto- ja sis\u00e4sein\u00e4ratkaisuja huipputason rakennevalmistajilta. Panostamme mahdollisimman laajaan ja monikasvoiseen tuotevalikoimaan ja ammattimaiseen asennuspalveluun \u2013 pyrimme aina siihen, ett\u00e4 asiakas saa meilt\u00e4 kaiken, mik\u00e4 liittyy alakattoihin. Riippumatta budjetista tai ratkaisun eksklusiivisuudesta<\/p>\n<\/div><\/section><br \/>\n<div  style='padding-bottom:10px; font-size:28px;' class='av-special-heading av-special-heading-h2 custom-color-heading blockquote modern-quote  avia-builder-el-3  el_after_av_textblock  el_before_av_textblock  av-inherit-size '><h2 class='av-special-heading-tag '  itemprop=\"headline\"  >TODISTUS<\/h2><div class='special-heading-border'><div class='special-heading-inner-border' ><\/div><\/div><\/div><br \/>\n<section class=\"av_textblock_section \"  itemscope=\"itemscope\" itemtype=\"https:\/\/schema.org\/CreativeWork\" ><div class='avia_textblock  '   itemprop=\"text\" ><p class=\"product-title text-size-2\">Yrityksell\u00e4 on voimassa oleva sertifikaatti nro 2866-CPR-0041 &#8220;EVS-EN 14915:2013+A2:2020 Massiivipuinen vuoraus ja p\u00e4\u00e4llyste. Ominaisuudet, vaatimukset ja merkinn\u00e4t&#8221;, jonka on my\u00f6nt\u00e4nyt riippumaton vaatimustenmukaisuuden arvioija (NCS Estonia O\u00dc). Todistus \u00a02866-CPR-0041: <a href=\"https:\/\/www.voller.ee\/wp-content\/uploads\/2024\/09\/certificate-pc-cpr-en-14915-voller-tootmine-ou-0041-v2.pdf\" target=\"_blank\" rel=\"noopener\">CERTIFICATE OF CONSTANCY OF PERFORMANCE 2866-CPR-0041<\/a><\/p>\n<\/div><\/section><br \/>\n<section class=\"av_textblock_section \"  itemscope=\"itemscope\" itemtype=\"https:\/\/schema.org\/CreativeWork\" ><div class='avia_textblock  '   itemprop=\"text\" ><p>Yrityksell\u00e4 on voimassa oleva sertifikaatti nro Q-102-23 &#8220;EVS-EN ISO 9001:2015, EVS-EN ISO 14001:2015, EVS-EN ISO 45001:2018&#8221;, jonka on my\u00f6nt\u00e4nyt riippumaton vaatimustenmukaisuuden arvioija (Inspecta Estonia O\u00dc, KIWA).<\/p>\n<\/div><\/section><br \/>\n<div  style='padding-bottom:10px; font-size:28px;' class='av-special-heading av-special-heading-h2 custom-color-heading blockquote modern-quote  avia-builder-el-6  el_after_av_textblock  el_before_av_textblock  av-inherit-size '><h2 class='av-special-heading-tag '  itemprop=\"headline\"  >MYYNTI JA VARASTO<\/h2><div class='special-heading-border'><div class='special-heading-inner-border' ><\/div><\/div><\/div><br \/>\n<section class=\"av_textblock_section \"  itemscope=\"itemscope\" itemtype=\"https:\/\/schema.org\/CreativeWork\" ><div class='avia_textblock contact_details '   itemprop=\"text\" ><p><strong>Voller Kaubandus O\u00dc<\/strong><\/p>\n<p><span style=\"color: #003300;\">Puhelin: +372 671 8880<\/span><br \/>\n<span style=\"color: #003300;\"> S\u00e4hk\u00f6posti: <a style=\"color: #003300;\" href=\"m&#97;&#105;&#x6c;&#x74;o&#58;&#118;&#x6f;&#x6c;&#x6c;e&#114;&#64;&#x76;&#x6f;ll&#101;&#x72;&#x2e;&#x65;e\">&#x76;&#x6f;&#108;l&#x65;&#x72;&#64;vo&#x6c;&#x6c;&#101;r&#x2e;&#x65;&#101;<br \/>\n<\/a>Graniidi tee 4, Rae k\u00fcla, Rae vald, 75310 Harjumaa<\/span><\/p>\n<p><span style=\"color: #003300;\">Olemme avoinna ma\u2013pe 8\u201316.30<\/span><\/p>\n<\/div><\/section><br \/>\n<section class=\"av_textblock_section \"  itemscope=\"itemscope\" itemtype=\"https:\/\/schema.org\/CreativeWork\" ><div class='avia_textblock contact_details '   itemprop=\"text\" ><p><span style=\"color: #003300;\"><strong>Eha Kask<\/strong><\/span><\/p>\n<p><span style=\"color: #003300;\">Myyntip\u00e4\u00e4llikk\u00f6<\/span><br \/>\n<span style=\"color: #003300;\">Puhelin: +372 52 56 487<\/span><br \/>\n<span style=\"color: #003300;\">S\u00e4hk\u00f6posti:<a style=\"color: #003300;\" href=\"&#109;&#x61;&#x69;&#108;&#x74;&#x6f;&#58;&#x65;&#x68;&#97;&#x2e;&#x6b;&#97;&#x73;&#x6b;&#64;&#x76;&#x6f;&#108;&#x6c;&#x65;&#114;&#x2e;&#x65;&#101;\">\u00a0&#x65;&#x68;&#x61;&#x2e;&#x6b;&#97;&#115;&#107;&#64;&#118;olle&#x72;&#x2e;&#x65;&#x65;<\/a><\/span><\/p>\n<p><span style=\"color: #003300;\"><strong>Toomas Telgma<\/strong><\/span><\/p>\n<p><span style=\"color: #003300;\"><span class=\"jCAhz ChMk0b\"><span class=\"ryNqvb\">Toimitusjohtaja |<\/span><\/span> <span class=\"jCAhz ChMk0b\"><span class=\"ryNqvb\">Hallituksen j\u00e4sen<\/span><\/span><\/span><br \/>\n<span style=\"color: #003300;\">Puhelin: +372 671 8880<\/span><br \/>\n<span style=\"color: #003300;\">S\u00e4hk\u00f6post: <a style=\"color: #003300;\" href=\"m&#97;&#105;&#108;&#x74;&#x6f;&#x3a;to&#111;&#109;&#x61;&#x73;&#x40;&#x76;ol&#108;&#101;&#x72;&#x2e;&#x65;&#x65;\">&#116;&#x6f;o&#109;&#x61;s&#64;&#x76;o&#108;&#x6c;e&#114;&#x2e;&#101;&#x65;<\/a><\/span><\/p>\n<\/div><\/section><br \/>\n<div  class='avia-image-container  av-styling-    avia-builder-el-9  el_after_av_textblock  el_before_av_codeblock  avia-align-center '  itemprop=\"image\" itemscope=\"itemscope\" itemtype=\"https:\/\/schema.org\/ImageObject\"  ><div class='avia-image-container-inner'><div class='avia-image-overlay-wrap'><img class='avia_image' src='https:\/\/www.voller.ee\/wp-content\/uploads\/2023\/02\/muuk-pais-1210x423.jpg' alt='' title='M\u00dc\u00dcK P\u00c4IS' height=\"423\" width=\"1210\"  itemprop=\"thumbnailUrl\"  \/><\/div><\/div><\/div><br \/>\n<br \/>\n<div  style='padding-bottom:10px; font-size:28px;' class='av-special-heading av-special-heading-h2 custom-color-heading blockquote modern-quote  avia-builder-el-11  el_after_av_codeblock  el_before_av_textblock  av-inherit-size '><h2 class='av-special-heading-tag '  itemprop=\"headline\"  >TUOTANTO<\/h2><div class='special-heading-border'><div class='special-heading-inner-border' ><\/div><\/div><\/div><br \/>\n<section class=\"av_textblock_section \"  itemscope=\"itemscope\" itemtype=\"https:\/\/schema.org\/CreativeWork\" ><div class='avia_textblock contact_details '   itemprop=\"text\" ><p><strong>Voller Tootmine O\u00dc<\/strong><\/p>\n<p><span style=\"color: #003300;\">Puhelin: +372 67 18 880<\/span><br \/>\n<span style=\"color: #003300;\"> S\u00e4hk\u00f6posti: <a style=\"color: #003300;\" href=\"&#x6d;&#x61;&#x69;&#108;&#116;&#111;:v&#x6f;&#x6c;&#x6c;&#x65;&#114;&#64;vo&#x6c;&#x6c;&#x65;&#x72;&#46;&#101;e\">vo&#108;&#108;&#101;&#x72;&#x40;&#x76;&#x6f;ll&#101;&#114;&#46;&#x65;&#x65;<br \/>\n<\/a>Loom\u00e4e tee 5,\u00a0Lehmja k\u00fcla, Rae vald, Harju maakond,\u00a075306<\/span><\/p>\n<p><span style=\"color: #003300;\">Varaathan ajan etuk\u00e4teen!<\/span><\/p>\n<\/div><\/section><br \/>\n<section class=\"av_textblock_section \"  itemscope=\"itemscope\" itemtype=\"https:\/\/schema.org\/CreativeWork\" ><div class='avia_textblock contact_details '   itemprop=\"text\" ><p><strong>Meelis Kivirand<\/strong><\/p>\n<p><span class=\"jCAhz ChMk0b\"><span class=\"ryNqvb\">Projektip\u00e4\u00e4llikk\u00f6\u00a0<\/span><\/span><br \/>\n<span style=\"color: #666666;\">Puhelin: +372 5399 8408<\/span><br \/>\n<span style=\"color: #666666;\">S\u00e4hk\u00f6posti<a style=\"color: #666666;\" href=\"&#x6d;a&#x69;&#108;&#x74;&#111;&#x3a;&#x6d;e&#x65;&#108;&#x69;&#115;&#x40;&#114;a&#x65;&#119;&#x6f;&#111;&#x64;&#46;e&#x65;\">: meelis&#64;&#114;&#97;&#101;&#119;&#111;&#111;&#x64;&#x2e;&#x65;&#x65;<\/a><\/span><\/p>\n<\/div><\/section><br \/>\n<div  class='avia-image-container  av-styling-    avia-builder-el-14  el_after_av_textblock  el_before_av_hr  avia-align-center '  itemprop=\"image\" itemscope=\"itemscope\" itemtype=\"https:\/\/schema.org\/ImageObject\"  ><div class='avia-image-container-inner'><div class='avia-image-overlay-wrap'><img class='avia_image' src='https:\/\/www.voller.ee\/wp-content\/uploads\/2024\/05\/22.png' alt='' title='22' height=\"394\" width=\"1190\"  itemprop=\"thumbnailUrl\"  \/><\/div><\/div><\/div><br \/>\n<div   class='hr hr-default   avia-builder-el-15  el_after_av_image  el_before_av_image '><span class='hr-inner ' ><span class='hr-inner-style'><\/span><\/span><\/div><br \/>\n<div  class='avia-image-container  av-styling-    avia-builder-el-16  el_after_av_hr  el_before_av_codeblock  avia-align-center '  itemprop=\"image\" itemscope=\"itemscope\" itemtype=\"https:\/\/schema.org\/ImageObject\"  ><div class='avia-image-container-inner'><div class='avia-image-overlay-wrap'><img class='avia_image' src='https:\/\/www.voller.ee\/wp-content\/uploads\/2023\/02\/voller-tootmine-lai-banner-1210x337.jpg' alt='' title='Voller-tootmine-lai-banner' height=\"337\" width=\"1210\"  itemprop=\"thumbnailUrl\"  \/><\/div><\/div><\/div><br \/>\n<br \/>\n<div  style='padding-bottom:10px; font-size:28px;' class='av-special-heading av-special-heading-h2 custom-color-heading blockquote modern-quote  avia-builder-el-18  el_after_av_codeblock  el_before_av_textblock  av-inherit-size '><h2 class='av-special-heading-tag '  itemprop=\"headline\"  >Myynti ja varasto Tartossa<\/h2><div class='special-heading-border'><div class='special-heading-inner-border' ><\/div><\/div><\/div><br \/>\n<section class=\"av_textblock_section \"  itemscope=\"itemscope\" itemtype=\"https:\/\/schema.org\/CreativeWork\" ><div class='avia_textblock contact_details '   itemprop=\"text\" ><p><strong>Voller Kaubandus O\u00dc<\/strong><\/p>\n<p><span style=\"color: #003300;\">Puhelimet: +372 738 0466, +372 522 4142<\/span><br \/>\n<span style=\"color: #003300;\"> S\u00e4hk\u00f6posti: <a style=\"color: #003300;\" href=\"&#x6d;a&#x69;&#108;t&#x6f;&#58;&#x74;&#97;r&#x74;&#117;&#x40;&#118;o&#x6c;&#108;&#x65;&#x72;&#46;&#x65;&#101;\">&#x74;a&#x72;&#116;&#x75;&#x40;v&#x6f;&#108;&#x6c;&#x65;r&#x2e;&#101;&#x65;<br \/>\n<\/a>Riia t\u00e4nav 136c, Tartu linn, 50411 Tartu maakond<\/span><\/p>\n<p><span style=\"color: #003300;\">Olemme avoinna ma\u2013pe 8\u201317<\/span><\/p>\n<\/div><\/section><br \/>\n<section class=\"av_textblock_section \"  itemscope=\"itemscope\" itemtype=\"https:\/\/schema.org\/CreativeWork\" ><div class='avia_textblock contact_details '   itemprop=\"text\" ><p><strong>Riivo Neumann<\/strong><\/p>\n<p>Tarton myyntiedustaja<br \/>\n<span style=\"color: #003300;\">Puhelin: +372 738 0466, +372 522 4142<\/span><br \/>\n<span style=\"color: #003300;\">S\u00e4hk\u00f6posti: <a style=\"color: #003300;\" href=\"&#109;&#x61;&#x69;&#108;&#x74;&#x6f;:&#x72;&#x69;i&#118;&#x6f;&#64;&#118;&#x6f;l&#108;&#x65;r&#46;&#x65;e\">&#x72;&#x69;&#105;&#118;&#111;&#64;&#x76;&#x6f;&#x6c;&#108;&#101;r&#46;&#x65;&#x65;<\/a><\/span><\/p>\n<\/div><\/section><br \/>\n<div  class='avia-image-container  av-styling-    avia-builder-el-21  el_after_av_textblock  el_before_av_hr  avia-align-center '  itemprop=\"image\" itemscope=\"itemscope\" itemtype=\"https:\/\/schema.org\/ImageObject\"  ><div class='avia-image-container-inner'><div class='avia-image-overlay-wrap'><img class='avia_image' src='https:\/\/www.voller.ee\/wp-content\/uploads\/2023\/02\/voller_tartu_esindus-1210x423.jpg' alt='' title='Voller_Tartu_esindus' height=\"423\" width=\"1210\"  itemprop=\"thumbnailUrl\"  \/><\/div><\/div><\/div><br \/>\n<div   class='hr hr-default   avia-builder-el-22  el_after_av_image  el_before_av_codeblock '><span class='hr-inner ' ><span class='hr-inner-style'><\/span><\/span><\/div><br \/>\n<br \/>\n<div  style='padding-bottom:10px; font-size:28px;' class='av-special-heading av-special-heading-h2 custom-color-heading blockquote modern-quote  avia-builder-el-24  el_after_av_codeblock  el_before_av_textblock  av-inherit-size '><h2 class='av-special-heading-tag '  itemprop=\"headline\"  >Sis\u00e4tilojen alakattojen ja kevyiden v\u00e4liseinien asennus, rakenteelliset puusep\u00e4nty\u00f6t ja akustiset ratkaisut<\/h2><div class='special-heading-border'><div class='special-heading-inner-border' ><\/div><\/div><\/div><br \/>\n<section class=\"av_textblock_section \"  itemscope=\"itemscope\" itemtype=\"https:\/\/schema.org\/CreativeWork\" ><div class='avia_textblock contact_details '   itemprop=\"text\" ><p><strong>Voller Sisustus O\u00dc<\/strong><\/p>\n<p>Puhelin: +372 67 18 880<br \/>\nS\u00e4hk\u00f6posti: <a href=\"mail&#116;&#111;&#58;&#118;&#111;&#x6c;&#x6c;&#x65;&#x72;&#x40;&#x76;&#x6f;ller&#46;&#101;&#101;\">&#x76;&#111;&#x6c;&#x6c;&#101;&#x72;&#x40;&#118;&#x6f;&#x6c;&#108;&#x65;&#x72;&#46;&#x65;&#x65;<br \/>\n<\/a>Graniidi tee 4, Rae k\u00fcla, Rae vald, 75310, Harjumaa<\/p>\n<\/div><\/section><br \/>\n<section class=\"av_textblock_section \"  itemscope=\"itemscope\" itemtype=\"https:\/\/schema.org\/CreativeWork\" ><div class='avia_textblock contact_details '   itemprop=\"text\" ><p><span style=\"color: #003300;\"><strong>Toomas Telgma<\/strong><\/span><\/p>\n<p>Projektinjohtaja | Hallituksen j\u00e4sen<br \/>\nPuhelin: +358 40 09 09 017<br \/>\nPuhelin: +372 6718 880<br \/>\nS\u00e4hk\u00f6post: <a href=\"&#x6d;a&#x69;&#108;&#x74;&#111;:&#x74;&#111;&#x6f;&#109;a&#x73;&#64;&#x76;&#111;l&#x6c;e&#x72;&#46;&#x65;&#x65;\">&#116;&#x6f;&#x6f;m&#97;&#x73;&#64;&#118;&#x6f;l&#108;&#x65;r&#46;&#x65;&#x65;<\/a><\/p>\n<p><span style=\"color: #003300;\"><strong>Janek Laur<\/strong><\/span><\/p>\n<p><span style=\"color: #003300;\">Ty\u00f6p\u00e4\u00e4llikk\u00f6<\/span><br \/>\n<span style=\"color: #003300;\">Puhelin: +358 40 06 09\u00a0543<\/span><br \/>\n<span style=\"color: #003300;\">S\u00e4hk\u00f6posti:\u00a0<a style=\"color: #003300;\" href=\"&#109;&#x61;i&#x6c;&#x74;&#111;&#x3a;j&#97;&#x6e;&#101;&#x6b;&#64;&#118;&#x6f;l&#x6c;e&#114;&#x2e;e&#x65;\">&#x6a;&#97;n&#x65;&#107;&#64;&#x76;&#x6f;&#108;&#x6c;&#x65;&#114;&#46;&#x65;&#101;<\/a><\/span><\/p>\n<p><span style=\"color: #003300;\"><strong>Margus Vain<\/strong><\/span><\/p>\n<p><span style=\"color: #003300;\">Ty\u00f6p\u00e4\u00e4llikk\u00f6<\/span><br \/>\n<span style=\"color: #003300;\">Puhelin: +358 40 06 09\u00a0053<\/span><br \/>\n<span style=\"color: #003300;\">S\u00e4hk\u00f6posti: <a style=\"color: #003300;\" href=\"&#x6d;&#97;i&#x6c;&#116;o&#x3a;&#109;a&#x72;&#103;u&#x73;&#46;v&#x61;&#x69;n&#x40;&#x76;&#111;&#x6c;&#x6c;&#101;&#x72;&#x2e;&#101;e\">&#x6d;&#97;r&#x67;&#x75;&#115;&#46;&#x76;&#x61;&#105;n&#x40;&#x76;&#111;l&#x6c;&#x65;&#114;&#46;&#x65;&#101;<\/a><\/span><\/p>\n<p><span style=\"color: #003300;\"><strong>Margus Nurmela<\/strong><\/span><\/p>\n<p><span style=\"color: #003300;\">Ty\u00f6p\u00e4\u00e4llikk\u00f6<\/span><br \/>\n<span style=\"color: #003300;\">Puhelin: +358 40 06 09\u00a0254<\/span><br \/>\n<span style=\"color: #003300;\">S\u00e4hk\u00f6posti:\u00a0<a style=\"color: #003300;\" href=\"&#109;&#97;&#x69;l&#116;&#x6f;&#x3a;m&#97;&#x72;&#x67;u&#115;&#x2e;&#x6e;u&#114;&#x6d;&#x65;l&#97;&#x40;&#x76;o&#108;&#x6c;e&#114;&#46;&#x65;e\">&#109;&#97;&#x72;g&#117;&#x73;&#x2e;n&#117;&#x72;&#x6d;e&#108;&#x61;&#x40;v&#111;&#x6c;&#x6c;e&#114;&#x2e;&#x65;e<\/a><\/span><\/p>\n<\/div><\/section><\/p><\/div><div class=\"flex_column av_two_fifth  flex_column_div   avia-builder-el-27  el_after_av_three_fifth  avia-builder-el-last  contact_details_block \" style='padding:50px 30px 50px 30px ; background-color:#f8f8f8; border-radius:0px; '><p><div  style='padding-bottom:10px; font-size:24px;' class='av-special-heading av-special-heading-h2  blockquote modern-quote  avia-builder-el-28  el_before_av_textblock  avia-builder-el-first  av-inherit-size '><h2 class='av-special-heading-tag '  itemprop=\"headline\"  >Yleiset tiedot<\/h2><div class='special-heading-border'><div class='special-heading-inner-border' ><\/div><\/div><\/div><br \/>\n<section class=\"av_textblock_section \"  itemscope=\"itemscope\" itemtype=\"https:\/\/schema.org\/CreativeWork\" ><div class='avia_textblock contact_details '   itemprop=\"text\" ><p><strong>VOLLER KAUBANDUS O\u00dc<\/strong><\/p>\n<p><span style=\"color: #003300;\">Toiminta-ala: Myynti<\/span><br \/>\n<span style=\"color: #003300;\"> Yritystunnus:\u00a012288495<\/span><br \/>\n<span style=\"color: #003300;\"> Alv-tunniste:\u00a0EE101541552<\/span><br \/>\n<span style=\"color: #003300;\"> Pankkitili: EE751010220222696224<\/span><\/p>\n<p><span style=\"color: #003300;\">Puhelin:\u00a0+372 671 8880<\/span><br \/>\n<span style=\"color: #003300;\"> S\u00e4hk\u00f6posti:\u00a0<a style=\"color: #003300;\" href=\"&#109;&#x61;&#105;&#x6c;&#116;&#x6f;&#58;&#x76;&#111;&#x6c;&#108;&#x65;r&#x40;v&#x6f;l&#x6c;e&#x72;&#46;&#x65;e\">&#x76;o&#x6c;&#108;e&#x72;&#64;&#x76;&#x6f;l&#x6c;&#101;r&#x2e;&#101;&#x65;<\/a><\/span><\/p>\n<\/div><\/section><br \/>\n<section class=\"av_textblock_section \"  itemscope=\"itemscope\" itemtype=\"https:\/\/schema.org\/CreativeWork\" ><div class='avia_textblock contact_details '   itemprop=\"text\" ><p><strong>VOLLER SISUSTUS O\u00dc<\/strong><\/p>\n<p><span style=\"color: #003300;\">Toiminta-ala: Valmistus ja asennus <\/span><br \/>\n<span style=\"color: #003300;\"> Yritystunnus: 12035601<\/span><br \/>\n<span style=\"color: #003300;\"> Alv-tunniste: EE101508773<\/span><br \/>\n<span style=\"color: #003300;\"> Pankkitili: EE471010220222700220<\/span><\/p>\n<p><span style=\"color: #003300;\">Puhelin: +372 671 8880<\/span><br \/>\n<span style=\"color: #003300;\"> S\u00e4hk\u00f6posti: <a style=\"color: #003300;\" href=\"&#x6d;&#x61;&#x69;&#x6c;&#x74;&#x6f;&#x3a;&#118;&#111;&#108;&#108;&#101;r&#64;vo&#x6c;&#x6c;&#x65;&#x72;&#x2e;&#x65;&#x65;\">vo&#108;&#108;&#101;&#x72;&#x40;&#x76;&#x6f;&#x6c;le&#114;&#46;&#101;&#x65;<\/a><\/span><\/p>\n<\/div><\/section><br \/>\n<section class=\"av_textblock_section \"  itemscope=\"itemscope\" itemtype=\"https:\/\/schema.org\/CreativeWork\" ><div class='avia_textblock contact_details '   itemprop=\"text\" ><p><strong>VOLLER TOOTMINE O\u00dc<\/strong><\/p>\n<p><span style=\"color: #003300;\">Toiminta-ala: Valmistus<\/span><br \/>\n<span style=\"color: #003300;\"> Yritystunnus: 16969812<\/span><br \/>\n<span style=\"color: #003300;\"> Alv-tunniste: EE102730252<\/span><br \/>\n<span style=\"color: #003300;\"> Pankkitili: EE072200221086838884<\/span><\/p>\n<p><span style=\"color: #003300;\">Puhelin: +372 671 8880<\/span><br \/>\n<span style=\"color: #003300;\"> S\u00e4hk\u00f6posti: <a style=\"color: #003300;\" href=\"&#x6d;&#97;i&#x6c;&#x74;&#111;:&#x76;&#x6f;&#108;l&#x65;&#x72;&#64;v&#x6f;&#x6c;&#108;e&#x72;&#46;&#101;e\">&#x76;&#x6f;&#108;&#108;e&#x72;&#x40;&#x76;&#111;ll&#x65;&#x72;&#46;&#101;e<\/a><\/span><\/p>\n<\/div><\/section><br \/>\n<div  style='padding-bottom:10px; font-size:24px;' class='av-special-heading av-special-heading-h2  blockquote modern-quote  avia-builder-el-32  el_after_av_textblock  el_before_av_textblock  av-inherit-size '><h2 class='av-special-heading-tag '  itemprop=\"headline\"  >Ota yhteytt\u00e4<\/h2><div class='special-heading-border'><div class='special-heading-inner-border' ><\/div><\/div><\/div><br \/>\n<section class=\"av_textblock_section \"  itemscope=\"itemscope\" itemtype=\"https:\/\/schema.org\/CreativeWork\" ><div class='avia_textblock  '   itemprop=\"text\" >\n<div class=\"wpcf7 no-js\" id=\"wpcf7-f87801-o1\" lang=\"fi-FI\" dir=\"ltr\" data-wpcf7-id=\"87801\">\n<div class=\"screen-reader-response\"><p role=\"status\" aria-live=\"polite\" aria-atomic=\"true\"><\/p> <ul><\/ul><\/div>\n<form action=\"\/fi\/wp-json\/wp\/v2\/pages\/87796#wpcf7-f87801-o1\" method=\"post\" class=\"wpcf7-form init\" aria-label=\"Contact form\" novalidate=\"novalidate\" data-status=\"init\">\n<fieldset class=\"hidden-fields-container\"><input type=\"hidden\" name=\"_wpcf7\" value=\"87801\" \/><input type=\"hidden\" name=\"_wpcf7_version\" value=\"6.1.5\" \/><input type=\"hidden\" name=\"_wpcf7_locale\" value=\"fi_FI\" \/><input type=\"hidden\" name=\"_wpcf7_unit_tag\" value=\"wpcf7-f87801-o1\" \/><input type=\"hidden\" name=\"_wpcf7_container_post\" value=\"0\" \/><input type=\"hidden\" name=\"_wpcf7_posted_data_hash\" value=\"\" \/><input type=\"hidden\" name=\"_wpcf7_recaptcha_response\" value=\"\" \/>\n<\/fieldset>\n<p><label> Etu- ja sukunimi*<br \/>\n<span class=\"wpcf7-form-control-wrap\" data-name=\"your-name\"><input size=\"40\" maxlength=\"400\" class=\"wpcf7-form-control wpcf7-text wpcf7-validates-as-required\" aria-required=\"true\" aria-invalid=\"false\" value=\"\" type=\"text\" name=\"your-name\" \/><\/span> <\/label>\n<\/p>\n<p><label> S\u00e4hk\u00f6postiosoite*<br \/>\n<span class=\"wpcf7-form-control-wrap\" data-name=\"your-email\"><input size=\"40\" maxlength=\"400\" class=\"wpcf7-form-control wpcf7-email wpcf7-validates-as-required wpcf7-text wpcf7-validates-as-email\" aria-required=\"true\" aria-invalid=\"false\" value=\"\" type=\"email\" name=\"your-email\" \/><\/span> <\/label>\n<\/p>\n<p><label> Viesti*<br \/>\n<span class=\"wpcf7-form-control-wrap\" data-name=\"your-message\"><textarea cols=\"40\" rows=\"10\" maxlength=\"2000\" class=\"wpcf7-form-control wpcf7-textarea wpcf7-validates-as-required\" aria-required=\"true\" aria-invalid=\"false\" name=\"your-message\"><\/textarea><\/span> <\/label>\n<\/p>\n<p><input class=\"wpcf7-form-control wpcf7-submit has-spinner\" type=\"submit\" value=\"L\u00e4het\u00e4\" \/>\n<\/p><div class=\"wpcf7-response-output\" aria-hidden=\"true\"><\/div>\n<\/form>\n<\/div>\n\n<\/div><\/section><\/p><\/div><\/p>\n","protected":false},"excerpt":{"rendered":"","protected":false},"author":5,"featured_media":0,"parent":0,"menu_order":0,"comment_status":"closed","ping_status":"closed","template":"","meta":{"_acf_changed":false,"footnotes":"","_links_to":"","_links_to_target":""},"class_list":["post-87796","page","type-page","status-publish","hentry"],"acf":[],"_links":{"self":[{"href":"https:\/\/www.voller.ee\/fi\/wp-json\/wp\/v2\/pages\/87796","targetHints":{"allow":["GET"]}}],"collection":[{"href":"https:\/\/www.voller.ee\/fi\/wp-json\/wp\/v2\/pages"}],"about":[{"href":"https:\/\/www.voller.ee\/fi\/wp-json\/wp\/v2\/types\/page"}],"author":[{"embeddable":true,"href":"https:\/\/www.voller.ee\/fi\/wp-json\/wp\/v2\/users\/5"}],"replies":[{"embeddable":true,"href":"https:\/\/www.voller.ee\/fi\/wp-json\/wp\/v2\/comments?post=87796"}],"version-history":[{"count":5,"href":"https:\/\/www.voller.ee\/fi\/wp-json\/wp\/v2\/pages\/87796\/revisions"}],"predecessor-version":[{"id":584416,"href":"https:\/\/www.voller.ee\/fi\/wp-json\/wp\/v2\/pages\/87796\/revisions\/584416"}],"wp:attachment":[{"href":"https:\/\/www.voller.ee\/fi\/wp-json\/wp\/v2\/media?parent=87796"}],"curies":[{"name":"wp","href":"https:\/\/api.w.org\/{rel}","templated":true}]}}