{"id":87799,"date":"2017-03-17T14:54:20","date_gmt":"2017-03-17T12:54:20","guid":{"rendered":"https:\/\/www.voller.ee\/villakatot\/"},"modified":"2023-01-13T11:35:49","modified_gmt":"2023-01-13T09:35:49","slug":"villakatot","status":"publish","type":"page","link":"https:\/\/www.voller.ee\/fi\/alakatot\/villakatot\/","title":{"rendered":"Villakatot"},"content":{"rendered":"<div class=\"flex_column av_one_full  flex_column_div first  avia-builder-el-0  el_before_av_one_third  avia-builder-el-first  \" style='padding:0px 0px 0px 0px ; border-radius:0px; '><p><div  style='padding-bottom:10px; font-size:28px;' class='av-special-heading av-special-heading-h1  blockquote modern-quote  avia-builder-el-1  el_before_av_textblock  avia-builder-el-first  av-inherit-size '><h1 class='av-special-heading-tag '  itemprop=\"headline\"  >Villakatot<\/h1><div class='special-heading-border'><div class='special-heading-inner-border' ><\/div><\/div><\/div><br \/>\n<section class=\"av_textblock_section \"  itemscope=\"itemscope\" itemtype=\"https:\/\/schema.org\/CreativeWork\" ><div class='avia_textblock  '   itemprop=\"text\" ><p>Moduuleista (600 \u00d7 600\/1200 mm) koottavien villakattojen etuja ovat kohtuullinen hinta ja hyv\u00e4t akustiset ominaisuudet. Se tekee puolestaan villakatosta maailman yleisimm\u00e4n alakattotuotteen.<\/p>\n<p>Villakattoon voi valita eri menetelmill\u00e4 valmistettuja levyj\u00e4. M\u00e4rk\u00e4menettelyll\u00e4 valmistetuille mineraalikuitulevyille voi antaa erilaisia pintatekstuureja, lis\u00e4\u00e4 palonkest\u00e4vyytt\u00e4 ja hyvin erilaisia akustisia ominaisuuksia. Kuivamenettelyll\u00e4 kivi- tai lasivillasta valmistetut levyt ovat kevyempi\u00e4 ja vaimentavat yleens\u00e4 hyvin \u00e4\u00e4nt\u00e4.<\/p>\n<p>Erilaisten alakattorakenteiden lis\u00e4ksi villalevyj\u00e4 voi liimata kattoon parantamaan tilan akustiikkaa.<\/p>\n<\/div><\/section><\/p><\/div>\n<div class=\"flex_column av_one_third  flex_column_div av-zero-column-padding first  avia-builder-el-3  el_after_av_one_full  el_before_av_one_third  column-top-margin\" style='border-radius:0px; '><p><div  style='padding-bottom:10px; ' class='av-special-heading av-special-heading-h3    avia-builder-el-4  el_before_av_image  avia-builder-el-first  '><h3 class='av-special-heading-tag '  itemprop=\"headline\"  >Kivivilla-alakatot<\/h3><div class='special-heading-border'><div class='special-heading-inner-border' ><\/div><\/div><\/div><br \/>\n<div  class='avia-image-container  av-styling-    avia-builder-el-5  el_after_av_heading  el_before_av_hr  avia-align- '  itemprop=\"image\" itemscope=\"itemscope\" itemtype=\"https:\/\/schema.org\/ImageObject\"  ><div class='avia-image-container-inner'><div class='avia-image-overlay-wrap'><img class='avia_image' src='https:\/\/www.voller.ee\/wp-content\/uploads\/2017\/03\/Kivivill-ripplaed.png' alt='' title='Kivivill ripplaed' height=\"149\" width=\"217\"  itemprop=\"thumbnailUrl\"  \/><\/div><\/div><\/div><br \/>\n<div  style='height:20px' class='hr hr-invisible   avia-builder-el-6  el_after_av_image  el_before_av_textblock '><span class='hr-inner ' ><span class='hr-inner-style'><\/span><\/span><\/div><br \/>\n<section class=\"av_textblock_section \"  itemscope=\"itemscope\" itemtype=\"https:\/\/schema.org\/CreativeWork\" ><div class='avia_textblock sub-products '   itemprop=\"text\" ><p><a href=\"http:\/\/rockfon.co.uk\" target=\"_blank\" rel=\"noopener noreferrer\"><u>Kotisivu (.Rockfon)<\/u><\/a><br \/>\n<a href=\"https:\/\/www.voller.ee\/wp-content\/uploads\/2020\/09\/uk-navigator-brochure_d_08_2020_spreads.pdf\">Tueteluettelo(.pdf)<\/a><\/p>\n<p><img loading=\"lazy\" decoding=\"async\" class=\"alignnone size-full wp-image-2106\" src=\"https:\/\/www.voller.ee\/wp-content\/uploads\/2017\/03\/rockfon.gif\" alt=\"\" width=\"117\" height=\"30\" \/><\/p>\n<\/div><\/section><br \/>\n<div  class='avia-button-wrap avia-button-left  avia-builder-el-8  el_after_av_textblock  avia-builder-el-last ' ><a href='https:\/\/www.voller.ee\/kategooria\/villalaed\/kivivill-ripplaed\/'  class='avia-button   avia-icon_select-no avia-color-theme-color avia-size-small avia-position-left '   ><span class='avia_iconbox_title' >Varastotuotteet<\/span><\/a><\/div><\/p><\/div>\n<div class=\"flex_column av_one_third  flex_column_div av-zero-column-padding   avia-builder-el-9  el_after_av_one_third  el_before_av_one_third  column-top-margin\" style='border-radius:0px; '><p><div  style='padding-bottom:10px; ' class='av-special-heading av-special-heading-h3    avia-builder-el-10  el_before_av_image  avia-builder-el-first  '><h3 class='av-special-heading-tag '  itemprop=\"headline\"  >Mineraalikuitualakatot<\/h3><div class='special-heading-border'><div class='special-heading-inner-border' ><\/div><\/div><\/div><br \/>\n<div  class='avia-image-container  av-styling-    avia-builder-el-11  el_after_av_heading  el_before_av_hr  avia-align- '  itemprop=\"image\" itemscope=\"itemscope\" itemtype=\"https:\/\/schema.org\/ImageObject\"  ><div class='avia-image-container-inner'><div class='avia-image-overlay-wrap'><img class='avia_image' src='https:\/\/www.voller.ee\/wp-content\/uploads\/2021\/02\/amf-lagi-1.jpg' alt='' title='AMF lagi' height=\"150\" width=\"217\"  itemprop=\"thumbnailUrl\"  \/><\/div><\/div><\/div><br \/>\n<div  style='height:20px' class='hr hr-invisible   avia-builder-el-12  el_after_av_image  el_before_av_textblock '><span class='hr-inner ' ><span class='hr-inner-style'><\/span><\/span><\/div><br \/>\n<section class=\"av_textblock_section \"  itemscope=\"itemscope\" itemtype=\"https:\/\/schema.org\/CreativeWork\" ><div class='avia_textblock sub-products '   itemprop=\"text\" ><p><a href=\"https:\/\/www.knaufceilingsolutions.com\/en\/products\/\" target=\"_blank\" rel=\"noopener noreferrer\"><u>Kotisivu(.AMF)<\/u><\/a><br \/>\n<a href=\"https:\/\/www.voller.ee\/wp-content\/uploads\/2021\/02\/152351_produktkatalog_thermatex_gb_web.pdf\">Tueteluettelo(.pdf)<\/a><\/p>\n<p><img loading=\"lazy\" decoding=\"async\" class=\"alignnone size-full wp-image-479562\" src=\"https:\/\/www.voller.ee\/wp-content\/uploads\/2021\/02\/knauf-amf.jpg\" alt=\"\" width=\"89\" height=\"40\" \/><\/p>\n<\/div><\/section><br \/>\n<div  class='avia-button-wrap avia-button-left  avia-builder-el-14  el_after_av_textblock  avia-builder-el-last ' ><a href='https:\/\/www.voller.ee\/kategooria\/villalaed\/mineraalkiud-ripplaed\/'  class='avia-button   avia-icon_select-no avia-color-theme-color avia-size-small avia-position-left '   ><span class='avia_iconbox_title' >Varastotuotteet<\/span><\/a><\/div><\/p><\/div><div class=\"flex_column av_one_third  flex_column_div av-zero-column-padding   avia-builder-el-15  el_after_av_one_third  avia-builder-el-last  column-top-margin\" style='border-radius:0px; '><p><div  style='padding-bottom:10px; ' class='av-special-heading av-special-heading-h3    avia-builder-el-16  el_before_av_image  avia-builder-el-first  '><h3 class='av-special-heading-tag '  itemprop=\"headline\"  >Lasivilla-alakatot<\/h3><div class='special-heading-border'><div class='special-heading-inner-border' ><\/div><\/div><\/div><br \/>\n<div  class='avia-image-container  av-styling-    avia-builder-el-17  el_after_av_heading  el_before_av_hr  avia-align- '  itemprop=\"image\" itemscope=\"itemscope\" itemtype=\"https:\/\/schema.org\/ImageObject\"  ><div class='avia-image-container-inner'><div class='avia-image-overlay-wrap'><img class='avia_image' src='https:\/\/www.voller.ee\/wp-content\/uploads\/2017\/03\/Klaasvill-ripplaed.png' alt='' title='Klaasvill ripplaed' height=\"149\" width=\"217\"  itemprop=\"thumbnailUrl\"  \/><\/div><\/div><\/div><br \/>\n<div  style='height:20px' class='hr hr-invisible   avia-builder-el-18  el_after_av_image  el_before_av_textblock '><span class='hr-inner ' ><span class='hr-inner-style'><\/span><\/span><\/div><br \/>\n<section class=\"av_textblock_section \"  itemscope=\"itemscope\" itemtype=\"https:\/\/schema.org\/CreativeWork\" ><div class='avia_textblock sub-products '   itemprop=\"text\" ><p><a href=\"http:\/\/www.ecophon.com\/et\/\" target=\"_blank\" rel=\"noopener noreferrer\"><u>Kotisivu (.Ecophon)<\/u><\/a><\/p>\n<p><img loading=\"lazy\" decoding=\"async\" class=\"alignnone size-full wp-image-2110\" src=\"https:\/\/www.voller.ee\/wp-content\/uploads\/2017\/03\/ecophon.png\" alt=\"\" width=\"154\" height=\"40\" \/><\/p>\n<\/div><\/section><br \/>\n<div  class='avia-button-wrap avia-button-left  avia-builder-el-20  el_after_av_textblock  avia-builder-el-last ' ><a href='https:\/\/www.voller.ee\/kategooria\/villalaed\/klaasvill-ripplaed\/'  class='avia-button   avia-icon_select-no avia-color-theme-color avia-size-small avia-position-left '   ><span class='avia_iconbox_title' >Varastotuotteet<\/span><\/a><\/div><\/p><\/div><\/p>\n","protected":false},"excerpt":{"rendered":"","protected":false},"author":5,"featured_media":0,"parent":87881,"menu_order":2,"comment_status":"closed","ping_status":"closed","template":"","meta":{"_acf_changed":false,"footnotes":"","_links_to":"","_links_to_target":""},"class_list":["post-87799","page","type-page","status-publish","hentry"],"acf":[],"_links":{"self":[{"href":"https:\/\/www.voller.ee\/fi\/wp-json\/wp\/v2\/pages\/87799","targetHints":{"allow":["GET"]}}],"collection":[{"href":"https:\/\/www.voller.ee\/fi\/wp-json\/wp\/v2\/pages"}],"about":[{"href":"https:\/\/www.voller.ee\/fi\/wp-json\/wp\/v2\/types\/page"}],"author":[{"embeddable":true,"href":"https:\/\/www.voller.ee\/fi\/wp-json\/wp\/v2\/users\/5"}],"replies":[{"embeddable":true,"href":"https:\/\/www.voller.ee\/fi\/wp-json\/wp\/v2\/comments?post=87799"}],"version-history":[{"count":5,"href":"https:\/\/www.voller.ee\/fi\/wp-json\/wp\/v2\/pages\/87799\/revisions"}],"predecessor-version":[{"id":575207,"href":"https:\/\/www.voller.ee\/fi\/wp-json\/wp\/v2\/pages\/87799\/revisions\/575207"}],"up":[{"embeddable":true,"href":"https:\/\/www.voller.ee\/fi\/wp-json\/wp\/v2\/pages\/87881"}],"wp:attachment":[{"href":"https:\/\/www.voller.ee\/fi\/wp-json\/wp\/v2\/media?parent=87799"}],"curies":[{"name":"wp","href":"https:\/\/api.w.org\/{rel}","templated":true}]}}