{"id":87802,"date":"2017-04-11T13:57:10","date_gmt":"2017-04-11T10:57:10","guid":{"rendered":"https:\/\/www.voller.ee\/etusivu\/"},"modified":"2023-01-12T18:36:51","modified_gmt":"2023-01-12T16:36:51","slug":"etusivu","status":"publish","type":"page","link":"https:\/\/www.voller.ee\/fi\/","title":{"rendered":"Etusivu"},"content":{"rendered":"<div id='full_slider_1'  class='avia-fullwidth-slider main_color avia-shadow   avia-builder-el-0  el_before_av_one_third  avia-builder-el-first   container_wrap fullsize' style=' '  ><div   data-size='featured_large'  data-lightbox_size='large'  data-animation='fade'  data-conditional_play=''  data-ids='575126'  data-video_counter='0'  data-autoplay='false'  data-bg_slider='false'  data-slide_height=''  data-handle='av_slideshow_full'  data-interval='5'  data-class=' image_no_stretch'  data-el_id=''  data-css_id=''  data-scroll_down=''  data-control_layout='av-control-default'  data-custom_markup=''  data-perma_caption=''  data-autoplay_stopper=''  data-image_attachment=''  data-min_height='0px'  data-src=''  data-position='top left'  data-repeat='no-repeat'  data-attach='scroll'  data-stretch='image_no_stretch'  data-default-height='42'  class='avia-slideshow avia-slideshow-1  av-control-default av-default-height-applied avia-slideshow-featured_large av_slideshow_full  image_no_stretch avia-fade-slider '  itemprop=\"image\" itemscope=\"itemscope\" itemtype=\"https:\/\/schema.org\/ImageObject\" ><ul class='avia-slideshow-inner ' style='padding-bottom: 43.3884297521%;' ><li  class=' av-single-slide slide-1 ' ><div data-rel='slideshow-1' class='avia-slide-wrap '   ><div class = \"caption_fullwidth av-slideshow-caption caption_left caption_left_framed caption_framed\"><div class = \"container caption_container\"><div class = \"slideshow_caption\"><div class = \"slideshow_inner_caption\"><div class = \"slideshow_align_caption\"><h2  style='font-size:42px; color:#5b5b5b; ' class='avia-caption-title  '  itemprop=\"name\" >Alakattojen myynti\u00e4 ja asennusta vuodesta 1992<\/h2><\/div><\/div><\/div><\/div><\/div><img src='https:\/\/www.voller.ee\/wp-content\/uploads\/2023\/01\/voller_vogl_3-1452x630.jpg' width='1452' height='630' title='Voller_Vogl_3' alt=''  itemprop=\"thumbnailUrl\"   \/><\/div><\/li><\/ul><\/div><\/div><div id='after_full_slider_1'  class='main_color av_default_container_wrap container_wrap fullsize' style=' '  ><div class='container' ><div class='template-page content  av-content-full alpha units'><div class='post-entry post-entry-type-page post-entry-87802'><div class='entry-content-wrapper clearfix'>\n<div class=\"flex_column av_one_third  flex_column_div first  avia-builder-el-1  el_after_av_slideshow_full  el_before_av_one_third  avia-builder-el-first  home_bottom_one \" style='margin-top:-126px; margin-bottom:0px; padding:30px 0px 30px 0px ; background-color:#ffffff; border-radius:0px; '><p><div  style='padding-bottom:20px; font-size:32px;' class='av-special-heading av-special-heading-h2  blockquote modern-quote  avia-builder-el-2  el_before_av_textblock  avia-builder-el-first  av-inherit-size '><h2 class='av-special-heading-tag '  itemprop=\"headline\"  >Laaja valikoima<\/h2><div class='special-heading-border'><div class='special-heading-inner-border' ><\/div><\/div><\/div><br \/>\n<section class=\"av_textblock_section \"  itemscope=\"itemscope\" itemtype=\"https:\/\/schema.org\/CreativeWork\" ><div class='avia_textblock  '   itemprop=\"text\" ><p style=\"text-align: left;\">Tavoitteenamme on tarjota jatkuvasti mahdollisimman laaja valikoima huipputason rakennevalmistajilta. Kuitenkin ajattelemme aina my\u00f6s sellaisia hankkeita, joiden budjetti on pienempi \u2013 toimimme p\u00e4ivitt\u00e4in niin, ett\u00e4 meilt\u00e4 saa kaikkia alakattoihin liittyvi\u00e4 tuotteita.<br \/>\nSuuren varastotuotevalikoiman ansiosta tarjoamme useille tuotteille lyhyit\u00e4 toimitusaikoja, lis\u00e4ksi meilt\u00e4 voi tilata kattojen asennuspalveluja.<\/p>\n<p style=\"text-align: left;\"><a href=\"https:\/\/www.voller.ee\/fi\/alakatot\/\">Tutustu tuotteisiin<\/a><\/p>\n<\/div><\/section><\/p><\/div>\n<div class=\"flex_column av_one_third  avia-full-stretch flex_column_div   avia-builder-el-4  el_after_av_one_third  el_before_av_one_third  home_bottom_two \" style='margin-top:-126px; margin-bottom:0px; padding:30px 0px 30px 0px ; background-color:#fafafa; border-radius:0px; '><p><div  style='padding-bottom:20px; font-size:32px;' class='av-special-heading av-special-heading-h2  blockquote modern-quote  avia-builder-el-5  el_before_av_textblock  avia-builder-el-first  av-inherit-size '><h2 class='av-special-heading-tag '  itemprop=\"headline\"  >Referenssit<\/h2><div class='special-heading-border'><div class='special-heading-inner-border' ><\/div><\/div><\/div><br \/>\n<section class=\"av_textblock_section \"  itemscope=\"itemscope\" itemtype=\"https:\/\/schema.org\/CreativeWork\" ><div class='avia_textblock  '   itemprop=\"text\" ><p style=\"text-align: left;\">Toimintavuosiemme kuluessa meill\u00e4 on ollut mahdollisuus asentaa kattoja useisiin erinomaisiin<br \/>\nrakennuksiin \u2013 tutustu referensseihin t\u00e4ss\u00e4!<\/p>\n<p style=\"text-align: left;\"><a href=\"https:\/\/www.voller.ee\/fi\/referenssit\/\">Referenssit<\/a><\/p>\n<\/div><\/section><\/p><\/div>\n<div class=\"flex_column av_one_third  avia-full-stretch flex_column_div   avia-builder-el-7  el_after_av_one_third  avia-builder-el-last  home_bottom_three \" style='margin-top:-126px; margin-bottom:0px; padding:30px 0px 30px 0px ; background-color:#fafafa; border-radius:0px; '><p><div  style='padding-bottom:20px; font-size:32px;' class='av-special-heading av-special-heading-h2  blockquote modern-quote  avia-builder-el-8  el_before_av_textblock  avia-builder-el-first  av-inherit-size '><h2 class='av-special-heading-tag '  itemprop=\"headline\"  >Keit\u00e4 olemme<\/h2><div class='special-heading-border'><div class='special-heading-inner-border' ><\/div><\/div><\/div><br \/>\n<section class=\"av_textblock_section \"  itemscope=\"itemscope\" itemtype=\"https:\/\/schema.org\/CreativeWork\" ><div class='avia_textblock  '   itemprop=\"text\" ><p style=\"text-align: left;\">Vollerin historia ulottuu vuoteen 1992, joten voimme pit\u00e4\u00e4 itse\u00e4mme Viron kokeneimpien alakattoasentajien joukkoon kuuluvana. Nyky\u00e4\u00e4n Suomikin on meille eritt\u00e4in t\u00e4rke\u00e4 markkina-alue.<\/p>\n<p style=\"text-align: left;\"><a href=\"https:\/\/www.voller.ee\/fi\/keita-olemme\/\">Lue lis\u00e4\u00e4<\/a><\/p>\n<\/div><\/section><\/p><\/div>\n","protected":false},"excerpt":{"rendered":"","protected":false},"author":5,"featured_media":0,"parent":0,"menu_order":0,"comment_status":"closed","ping_status":"closed","template":"","meta":{"_acf_changed":false,"footnotes":"","_links_to":"","_links_to_target":""},"class_list":["post-87802","page","type-page","status-publish","hentry"],"acf":[],"_links":{"self":[{"href":"https:\/\/www.voller.ee\/fi\/wp-json\/wp\/v2\/pages\/87802","targetHints":{"allow":["GET"]}}],"collection":[{"href":"https:\/\/www.voller.ee\/fi\/wp-json\/wp\/v2\/pages"}],"about":[{"href":"https:\/\/www.voller.ee\/fi\/wp-json\/wp\/v2\/types\/page"}],"author":[{"embeddable":true,"href":"https:\/\/www.voller.ee\/fi\/wp-json\/wp\/v2\/users\/5"}],"replies":[{"embeddable":true,"href":"https:\/\/www.voller.ee\/fi\/wp-json\/wp\/v2\/comments?post=87802"}],"version-history":[{"count":5,"href":"https:\/\/www.voller.ee\/fi\/wp-json\/wp\/v2\/pages\/87802\/revisions"}],"predecessor-version":[{"id":578043,"href":"https:\/\/www.voller.ee\/fi\/wp-json\/wp\/v2\/pages\/87802\/revisions\/578043"}],"wp:attachment":[{"href":"https:\/\/www.voller.ee\/fi\/wp-json\/wp\/v2\/media?parent=87802"}],"curies":[{"name":"wp","href":"https:\/\/api.w.org\/{rel}","templated":true}]}}