{"id":87805,"date":"2017-08-14T17:09:52","date_gmt":"2017-08-14T14:09:52","guid":{"rendered":"https:\/\/www.voller.ee\/metallikatot\/"},"modified":"2024-09-12T13:14:30","modified_gmt":"2024-09-12T10:14:30","slug":"metallikatot","status":"publish","type":"page","link":"https:\/\/www.voller.ee\/fi\/alakatot\/metallikatot\/","title":{"rendered":"Metallikatot"},"content":{"rendered":"<div class=\"flex_column av_one_full  flex_column_div first  avia-builder-el-0  el_before_av_one_third  avia-builder-el-first  \" style='padding:0px 0px 0px 0px ; border-radius:0px; '><p><div  style='padding-bottom:10px; font-size:28px;' class='av-special-heading av-special-heading-h2  blockquote modern-quote  avia-builder-el-1  el_before_av_textblock  avia-builder-el-first  av-inherit-size '><h2 class='av-special-heading-tag '  itemprop=\"headline\"  >Metallikatot<\/h2><div class='special-heading-border'><div class='special-heading-inner-border' ><\/div><\/div><\/div><br \/>\n<section class=\"av_textblock_section \"  itemscope=\"itemscope\" itemtype=\"https:\/\/schema.org\/CreativeWork\" ><div class='avia_textblock  '   itemprop=\"text\" ><p>Metallikatot erottuvat vakaudellaan ja pitk\u00e4ll\u00e4 k\u00e4ytt\u00f6i\u00e4ll\u00e4\u00e4n sek\u00e4 mahdollistavat eritt\u00e4in hyv\u00e4t akustiset ominaisuudet, my\u00f6s kosteuden- ja savunpoiston. Metallikattojen suurin etu on mahdollisuus keksi\u00e4 hyvin erilaisia ja yksil\u00f6llisi\u00e4 designratkaisuja sek\u00e4 visuaalisia tehosteita. Juuri sen takia metallikattoja n\u00e4kyy runsaasti julkisissa tiloissa: kauppakeskuksissa, toimistoissa, pys\u00e4k\u00f6intihalleissa ja muualla.<\/p>\n<p>Metallikattojen edut ilmenev\u00e4t my\u00f6s esimerkiksi terveys- ja ravintola-alalla, jolla tulee kiinnitt\u00e4\u00e4 eritt\u00e4in suurta huomiota hygieniavaatimusten t\u00e4ytt\u00e4miseen.<\/p>\n<p>Ulkok\u00e4yt\u00f6ss\u00e4 olevien metallikattojen materiaalina k\u00e4ytet\u00e4\u00e4n usein alumiinia etenkin sen ruostumattomuuden vuoksi.<\/p>\n<p>Tarjoamme metallikattojen maalausta koko RAL-v\u00e4rikartan laajuudessa.<\/p>\n<\/div><\/section><\/p><\/div>\n<div class=\"flex_column av_one_third  flex_column_div av-zero-column-padding first  avia-builder-el-3  el_after_av_one_full  el_before_av_one_third  column-top-margin\" style='border-radius:0px; '><p><div  style='padding-bottom:10px; ' class='av-special-heading av-special-heading-h3    avia-builder-el-4  el_before_av_image  avia-builder-el-first  '><h3 class='av-special-heading-tag '  itemprop=\"headline\"  >Kasetit<\/h3><div class='special-heading-border'><div class='special-heading-inner-border' ><\/div><\/div><\/div><br \/>\n<div  class='avia-image-container  av-styling-    avia-builder-el-5  el_after_av_heading  el_before_av_hr  avia-align- '  itemprop=\"image\" itemscope=\"itemscope\" itemtype=\"https:\/\/schema.org\/ImageObject\"  ><div class='avia-image-container-inner'><div class='avia-image-overlay-wrap'><img class='avia_image' src='https:\/\/www.voller.ee\/wp-content\/uploads\/2017\/08\/Kassettlaed.jpg' alt='' title='Kassettlaed' height=\"150\" width=\"217\"  itemprop=\"thumbnailUrl\"  \/><\/div><\/div><\/div><br \/>\n<div  style='height:20px' class='hr hr-invisible   avia-builder-el-6  el_after_av_image  el_before_av_textblock '><span class='hr-inner ' ><span class='hr-inner-style'><\/span><\/span><\/div><br \/>\n<section class=\"av_textblock_section \"  itemscope=\"itemscope\" itemtype=\"https:\/\/schema.org\/CreativeWork\" ><div class='avia_textblock sub-products '   itemprop=\"text\" ><p><a href=\"https:\/\/www.integra-groep.com\/#\" target=\"_blank\" rel=\"noopener noreferrer\"><u>Kotisivu (*Integra Groep.)<\/u><\/a><br \/>\n<a href=\"https:\/\/www.lindner-group.com\/\" target=\"_blank\" rel=\"noopener noreferrer\"><u>Kotisivu (*Lindner Group)<\/u><\/a><br \/>\n<a href=\"https:\/\/lautex.com\/en\/home\/\" target=\"_blank\" rel=\"noopener noreferrer\"><u>Kotisivu (*Oy Lautex Ab)<\/u><\/a><\/p>\n<\/div><\/section><br \/>\n<div  class='avia-button-wrap avia-button-left  avia-builder-el-8  el_after_av_textblock  avia-builder-el-last ' ><a href='\/?product_cat=metall-laed\/kassetid'  class='avia-button   avia-icon_select-no avia-color-theme-color avia-size-small avia-position-left '   ><span class='avia_iconbox_title' >Varastotuotteet<\/span><\/a><\/div><\/p><\/div>\n<div class=\"flex_column av_one_third  flex_column_div av-zero-column-padding   avia-builder-el-9  el_after_av_one_third  el_before_av_one_third  column-top-margin\" style='border-radius:0px; '><p><div  style='padding-bottom:10px; ' class='av-special-heading av-special-heading-h3    avia-builder-el-10  el_before_av_image  avia-builder-el-first  '><h3 class='av-special-heading-tag '  itemprop=\"headline\"  >Paneelit<\/h3><div class='special-heading-border'><div class='special-heading-inner-border' ><\/div><\/div><\/div><br \/>\n<div  class='avia-image-container  av-styling-    avia-builder-el-11  el_after_av_heading  el_before_av_hr  avia-align- '  itemprop=\"image\" itemscope=\"itemscope\" itemtype=\"https:\/\/schema.org\/ImageObject\"  ><div class='avia-image-container-inner'><div class='avia-image-overlay-wrap'><img class='avia_image' src='https:\/\/www.voller.ee\/wp-content\/uploads\/2020\/09\/paneel1.jpg' alt='' title=''   itemprop=\"thumbnailUrl\"  \/><\/div><\/div><\/div><br \/>\n<div  style='height:20px' class='hr hr-invisible   avia-builder-el-12  el_after_av_image  el_before_av_textblock '><span class='hr-inner ' ><span class='hr-inner-style'><\/span><\/span><\/div><br \/>\n<section class=\"av_textblock_section \"  itemscope=\"itemscope\" itemtype=\"https:\/\/schema.org\/CreativeWork\" ><div class='avia_textblock sub-products '   itemprop=\"text\" ><p><a href=\"http:\/\/www.nordprofil.com\/\" target=\"_blank\" rel=\"noopener noreferrer\"><u>Kotisivu (*Nordprofil)<\/u><\/a><br \/>\n<a href=\"https:\/\/www.integra-groep.com\/\" target=\"_blank\" rel=\"noopener noreferrer\"><u>Kotisivu (*Integra Groep.)<\/u><\/a><br \/>\n<a href=\"https:\/\/www.parmet.ee\/\" target=\"_blank\" rel=\"noopener noreferrer\"><u>Kotisivu (*Parmet)<\/u><\/a><\/p>\n<\/div><\/section><br \/>\n<div  class='avia-button-wrap avia-button-left  avia-builder-el-14  el_after_av_textblock  avia-builder-el-last ' ><a href='\/?product_cat=metall-laed\/paneelid'  class='avia-button   avia-icon_select-no avia-color-theme-color avia-size-small avia-position-left '   ><span class='avia_iconbox_title' >Varastotuotteet<\/span><\/a><\/div><\/p><\/div><div class=\"flex_column av_one_third  flex_column_div av-zero-column-padding   avia-builder-el-15  el_after_av_one_third  el_before_av_one_third  column-top-margin\" style='border-radius:0px; '><p><div  style='padding-bottom:10px; ' class='av-special-heading av-special-heading-h3    avia-builder-el-16  el_before_av_image  avia-builder-el-first  '><h3 class='av-special-heading-tag '  itemprop=\"headline\"  >Ritil\u00e4t<\/h3><div class='special-heading-border'><div class='special-heading-inner-border' ><\/div><\/div><\/div><br \/>\n<div  class='avia-image-container  av-styling-    avia-builder-el-17  el_after_av_heading  el_before_av_hr  avia-align- '  itemprop=\"image\" itemscope=\"itemscope\" itemtype=\"https:\/\/schema.org\/ImageObject\"  ><div class='avia-image-container-inner'><div class='avia-image-overlay-wrap'><img class='avia_image' src='https:\/\/www.voller.ee\/wp-content\/uploads\/2017\/08\/Restlaed.jpg' alt='' title='Restlaed' height=\"150\" width=\"217\"  itemprop=\"thumbnailUrl\"  \/><\/div><\/div><\/div><br \/>\n<div  style='height:20px' class='hr hr-invisible   avia-builder-el-18  el_after_av_image  el_before_av_textblock '><span class='hr-inner ' ><span class='hr-inner-style'><\/span><\/span><\/div><br \/>\n<section class=\"av_textblock_section \"  itemscope=\"itemscope\" itemtype=\"https:\/\/schema.org\/CreativeWork\" ><div class='avia_textblock sub-products '   itemprop=\"text\" ><p><a href=\"http:\/\/www.nordprofil.com\/\" target=\"_blank\" rel=\"noopener noreferrer\"><u>Kotisivu (*Nordprofil)<\/u><\/a><br \/>\n<a href=\"https:\/\/www.integra-groep.com\/\" target=\"_blank\" rel=\"noopener noreferrer\"><u>Kotisivu (*Integra Groep.)<\/u><\/a><br \/>\n<a href=\"https:\/\/lautex.com\/en\/home\/\" target=\"_blank\" rel=\"noopener noreferrer\"><u>Kotisivu (*Lautex)<\/u><\/a><\/p>\n<\/div><\/section><br \/>\n<div  class='avia-button-wrap avia-button-left  avia-builder-el-20  el_after_av_textblock  avia-builder-el-last ' ><a href='\/?product_cat=metall-laed\/restid'  class='avia-button   avia-icon_select-no avia-color-theme-color avia-size-small avia-position-left '   ><span class='avia_iconbox_title' >Varastotuotteet<\/span><\/a><\/div><\/p><\/div><\/p>\n<div class=\"flex_column av_one_third  flex_column_div av-zero-column-padding first  avia-builder-el-21  el_after_av_one_third  el_before_av_one_third  column-top-margin\" style='border-radius:0px; '><p><div  style='padding-bottom:10px; ' class='av-special-heading av-special-heading-h3    avia-builder-el-22  el_before_av_image  avia-builder-el-first  '><h3 class='av-special-heading-tag '  itemprop=\"headline\"  >Lankaverkot<\/h3><div class='special-heading-border'><div class='special-heading-inner-border' ><\/div><\/div><\/div><br \/>\n<div  class='avia-image-container  av-styling-    avia-builder-el-23  el_after_av_heading  el_before_av_hr  avia-align- '  itemprop=\"image\" itemscope=\"itemscope\" itemtype=\"https:\/\/schema.org\/ImageObject\"  ><div class='avia-image-container-inner'><div class='avia-image-overlay-wrap'><img class='avia_image' src='https:\/\/www.voller.ee\/wp-content\/uploads\/2020\/09\/traat2-1.jpg' alt='' title=''   itemprop=\"thumbnailUrl\"  \/><\/div><\/div><\/div><br \/>\n<div  style='height:20px' class='hr hr-invisible   avia-builder-el-24  el_after_av_image  el_before_av_textblock '><span class='hr-inner ' ><span class='hr-inner-style'><\/span><\/span><\/div><br \/>\n<section class=\"av_textblock_section \"  itemscope=\"itemscope\" itemtype=\"https:\/\/schema.org\/CreativeWork\" ><div class='avia_textblock sub-products '   itemprop=\"text\" ><\/div><\/section><br \/>\n<div  class='avia-button-wrap avia-button-left  avia-builder-el-26  el_after_av_textblock  avia-builder-el-last ' ><a href='\/?product_cat=metall-laed\/vorgud\/traatvork'  class='avia-button   avia-icon_select-no avia-color-theme-color avia-size-small avia-position-left '   ><span class='avia_iconbox_title' >Varastotuotteet<\/span><\/a><\/div><\/p><\/div>\n<div class=\"flex_column av_one_third  flex_column_div av-zero-column-padding   avia-builder-el-27  el_after_av_one_third  el_before_av_one_third  column-top-margin\" style='border-radius:0px; '><p><div  style='padding-bottom:10px; ' class='av-special-heading av-special-heading-h3    avia-builder-el-28  el_before_av_image  avia-builder-el-first  '><h3 class='av-special-heading-tag '  itemprop=\"headline\"  >Levyverkot<\/h3><div class='special-heading-border'><div class='special-heading-inner-border' ><\/div><\/div><\/div><br \/>\n<div  class='avia-image-container  av-styling-    avia-builder-el-29  el_after_av_heading  el_before_av_hr  avia-align- '  itemprop=\"image\" itemscope=\"itemscope\" itemtype=\"https:\/\/schema.org\/ImageObject\"  ><div class='avia-image-container-inner'><div class='avia-image-overlay-wrap'><img class='avia_image' src='https:\/\/www.voller.ee\/wp-content\/uploads\/2020\/09\/leht2-1.jpg' alt='' title=''   itemprop=\"thumbnailUrl\"  \/><\/div><\/div><\/div><br \/>\n<div  style='height:20px' class='hr hr-invisible   avia-builder-el-30  el_after_av_image  el_before_av_textblock '><span class='hr-inner ' ><span class='hr-inner-style'><\/span><\/span><\/div><br \/>\n<section class=\"av_textblock_section \"  itemscope=\"itemscope\" itemtype=\"https:\/\/schema.org\/CreativeWork\" ><div class='avia_textblock sub-products '   itemprop=\"text\" ><\/div><\/section><br \/>\n<div  class='avia-button-wrap avia-button-left  avia-builder-el-32  el_after_av_textblock  avia-builder-el-last ' ><a href='\/?product_cat=metall-laed\/vorgud\/lehtvork'  class='avia-button   avia-icon_select-no avia-color-theme-color avia-size-small avia-position-left '   ><span class='avia_iconbox_title' >Varastotuotteet<\/span><\/a><\/div><\/p><\/div>\n<div class=\"flex_column av_one_third  flex_column_div av-zero-column-padding   avia-builder-el-33  el_after_av_one_third  avia-builder-el-last  column-top-margin\" style='border-radius:0px; '><\/div>\n","protected":false},"excerpt":{"rendered":"","protected":false},"author":5,"featured_media":0,"parent":87881,"menu_order":4,"comment_status":"closed","ping_status":"closed","template":"","meta":{"_acf_changed":false,"footnotes":"","_links_to":"","_links_to_target":""},"class_list":["post-87805","page","type-page","status-publish","hentry"],"acf":[],"_links":{"self":[{"href":"https:\/\/www.voller.ee\/fi\/wp-json\/wp\/v2\/pages\/87805","targetHints":{"allow":["GET"]}}],"collection":[{"href":"https:\/\/www.voller.ee\/fi\/wp-json\/wp\/v2\/pages"}],"about":[{"href":"https:\/\/www.voller.ee\/fi\/wp-json\/wp\/v2\/types\/page"}],"author":[{"embeddable":true,"href":"https:\/\/www.voller.ee\/fi\/wp-json\/wp\/v2\/users\/5"}],"replies":[{"embeddable":true,"href":"https:\/\/www.voller.ee\/fi\/wp-json\/wp\/v2\/comments?post=87805"}],"version-history":[{"count":5,"href":"https:\/\/www.voller.ee\/fi\/wp-json\/wp\/v2\/pages\/87805\/revisions"}],"predecessor-version":[{"id":577810,"href":"https:\/\/www.voller.ee\/fi\/wp-json\/wp\/v2\/pages\/87805\/revisions\/577810"}],"up":[{"embeddable":true,"href":"https:\/\/www.voller.ee\/fi\/wp-json\/wp\/v2\/pages\/87881"}],"wp:attachment":[{"href":"https:\/\/www.voller.ee\/fi\/wp-json\/wp\/v2\/media?parent=87805"}],"curies":[{"name":"wp","href":"https:\/\/api.w.org\/{rel}","templated":true}]}}