{"id":87807,"date":"2017-08-14T17:10:51","date_gmt":"2017-08-14T14:10:51","guid":{"rendered":"https:\/\/www.voller.ee\/puukatot\/"},"modified":"2024-09-12T13:15:52","modified_gmt":"2024-09-12T10:15:52","slug":"puukatot","status":"publish","type":"page","link":"https:\/\/www.voller.ee\/fi\/alakatot\/puukatot\/","title":{"rendered":"Puukatot"},"content":{"rendered":"<div class=\"flex_column av_one_full  flex_column_div first  avia-builder-el-0  el_before_av_one_third  avia-builder-el-first  \" style='padding:0px 0px 0px 0px ; border-radius:0px; '><p><div  style='padding-bottom:10px; font-size:28px;' class='av-special-heading av-special-heading-h2  blockquote modern-quote  avia-builder-el-1  el_before_av_textblock  avia-builder-el-first  av-inherit-size '><h2 class='av-special-heading-tag '  itemprop=\"headline\"  >Puukatot<\/h2><div class='special-heading-border'><div class='special-heading-inner-border' ><\/div><\/div><\/div><br \/>\n<section class=\"av_textblock_section \"  itemscope=\"itemscope\" itemtype=\"https:\/\/schema.org\/CreativeWork\" ><div class='avia_textblock  '   itemprop=\"text\" ><p>Puukatot ovat nykyisin suosionsa huipulla, koska ne n\u00e4ytt\u00e4v\u00e4t l\u00e4mpimilt\u00e4 ja luonnonl\u00e4heisilt\u00e4 ja sallivat nykyaikaiseen arkkitehtuuriin sopivia designratkaisuja. Suosituimpia puukattomateriaaleja on lastulevy, joka vaimentaa hyvin \u00e4\u00e4nt\u00e4 ja s\u00e4\u00e4telee huomattavasti sis\u00e4ilmastoa imem\u00e4ll\u00e4 ja vapauttamalla kosteutta. Valmistamme puukattoja my\u00f6s puuprofiilista ja viilulevyist\u00e4.<\/p>\n<p>Puun pinnoitukseen tarjoamme kaikkia yleisi\u00e4 teknisi\u00e4 vaihtoehtoja: petsausta, lakkausta, maalausta, vahausta ja \u00f6ljy\u00e4mist\u00e4 sek\u00e4 k\u00e4sittely\u00e4 palosuoja-aineilla.<\/p>\n<\/div><\/section><\/p><\/div>\n<div class=\"flex_column av_one_third  flex_column_div av-zero-column-padding first  avia-builder-el-3  el_after_av_one_full  el_before_av_one_third  column-top-margin\" style='border-radius:0px; '><p><div  style='padding-bottom:10px; ' class='av-special-heading av-special-heading-h3    avia-builder-el-4  el_before_av_image  avia-builder-el-first  '><h3 class='av-special-heading-tag '  itemprop=\"headline\"  >Puuprofiilikatot<\/h3><div class='special-heading-border'><div class='special-heading-inner-border' ><\/div><\/div><\/div><br \/>\n<div  class='avia-image-container  av-styling-    avia-builder-el-5  el_after_av_heading  el_before_av_hr  avia-align-center '  itemprop=\"image\" itemscope=\"itemscope\" itemtype=\"https:\/\/schema.org\/ImageObject\"  ><div class='avia-image-container-inner'><div class='avia-image-overlay-wrap'><img class='avia_image' src='https:\/\/www.voller.ee\/wp-content\/uploads\/2017\/08\/Puitprofiillaed.jpg' alt='' title='Puitprofiillaed' height=\"150\" width=\"217\"  itemprop=\"thumbnailUrl\"  \/><\/div><\/div><\/div><br \/>\n<div  style='height:20px' class='hr hr-invisible   avia-builder-el-6  el_after_av_image  el_before_av_textblock '><span class='hr-inner ' ><span class='hr-inner-style'><\/span><\/span><\/div><br \/>\n<section class=\"av_textblock_section \"  itemscope=\"itemscope\" itemtype=\"https:\/\/schema.org\/CreativeWork\" ><div class='avia_textblock sub-products '   itemprop=\"text\" ><p><a href=\"https:\/\/raewood.ee\/fi\/\" target=\"_blank\" rel=\"noopener noreferrer\"><u>Kotisivu (.Raewood<\/u><\/a><a href=\"http:\/\/www.voller.ee\/tootmine\" target=\"_blank\" rel=\"noopener noreferrer\"><u>)<\/u><\/a><\/p>\n<p><img loading=\"lazy\" decoding=\"async\" class=\"alignleft wp-image-577775\" src=\"https:\/\/www.voller.ee\/wp-content\/uploads\/2024\/09\/logo-1000x423.jpg\" alt=\"\" width=\"161\" height=\"68\" \/><\/p>\n<\/div><\/section><br \/>\n<div  class='avia-button-wrap avia-button-left  avia-builder-el-8  el_after_av_textblock  avia-builder-el-last ' ><a href='https:\/\/www.voller.ee\/fi\/yhteystiedot\/'  class='avia-button   avia-icon_select-no avia-color-theme-color avia-size-small avia-position-left '  target=\"_blank\"   ><span class='avia_iconbox_title' > Pyyd\u00e4 meilt\u00e4 tarjous!<\/span><\/a><\/div><\/p><\/div><div class=\"flex_column av_one_third  flex_column_div av-zero-column-padding   avia-builder-el-9  el_after_av_one_third  el_before_av_one_third  column-top-margin\" style='border-radius:0px; '><p><div  style='padding-bottom:10px; ' class='av-special-heading av-special-heading-h3    avia-builder-el-10  el_before_av_image  avia-builder-el-first  '><h3 class='av-special-heading-tag '  itemprop=\"headline\"  >Kuitulevyt<\/h3><div class='special-heading-border'><div class='special-heading-inner-border' ><\/div><\/div><\/div><br \/>\n<div  class='avia-image-container  av-styling-    avia-builder-el-11  el_after_av_heading  el_before_av_hr  avia-align- '  itemprop=\"image\" itemscope=\"itemscope\" itemtype=\"https:\/\/schema.org\/ImageObject\"  ><div class='avia-image-container-inner'><div class='avia-image-overlay-wrap'><img class='avia_image' src='https:\/\/www.voller.ee\/wp-content\/uploads\/2017\/08\/Puitkiudplaadid.jpg' alt='' title='Puitkiudplaadid' height=\"150\" width=\"217\"  itemprop=\"thumbnailUrl\"  \/><\/div><\/div><\/div><br \/>\n<div  style='height:20px' class='hr hr-invisible   avia-builder-el-12  el_after_av_image  el_before_av_textblock '><span class='hr-inner ' ><span class='hr-inner-style'><\/span><\/span><\/div><br \/>\n<section class=\"av_textblock_section \"  itemscope=\"itemscope\" itemtype=\"https:\/\/schema.org\/CreativeWork\" ><div class='avia_textblock sub-products '   itemprop=\"text\" ><p><a href=\"https:\/\/heradesigncreative.com\/?lang=en\" target=\"_blank\" rel=\"noopener\">Kotisivu (.Heradesing)<\/a><\/p>\n<p><img loading=\"lazy\" decoding=\"async\" class=\"alignnone wp-image-2184\" src=\"https:\/\/www.voller.ee\/wp-content\/uploads\/2017\/08\/heradesign.png\" alt=\"\" width=\"185\" height=\"54\" srcset=\"https:\/\/www.voller.ee\/wp-content\/uploads\/2017\/08\/heradesign.png 103w, https:\/\/www.voller.ee\/wp-content\/uploads\/2017\/08\/heradesign-100x30.png 100w\" sizes=\"auto, (max-width: 185px) 100vw, 185px\" \/><\/p>\n<\/div><\/section><br \/>\n<section class=\"av_textblock_section \"  itemscope=\"itemscope\" itemtype=\"https:\/\/schema.org\/CreativeWork\" ><div class='avia_textblock sub-products '   itemprop=\"text\" ><p><a href=\"https:\/\/www.cewood.com\/\" target=\"_blank\" rel=\"noopener\">Kotisivu (.SeeWood)<\/a><\/p>\n<p><img loading=\"lazy\" decoding=\"async\" class=\"alignnone wp-image-575188\" src=\"https:\/\/www.voller.ee\/wp-content\/uploads\/2023\/01\/cewood-logo-300x60.png\" alt=\"\" width=\"225\" height=\"45\" srcset=\"https:\/\/www.voller.ee\/wp-content\/uploads\/2023\/01\/cewood-logo-300x60.png 300w, https:\/\/www.voller.ee\/wp-content\/uploads\/2023\/01\/cewood-logo-450x89.png 450w, https:\/\/www.voller.ee\/wp-content\/uploads\/2023\/01\/cewood-logo.png 549w\" sizes=\"auto, (max-width: 225px) 100vw, 225px\" \/><\/p>\n<\/div><\/section><br \/>\n<div  class='avia-button-wrap avia-button-left  avia-builder-el-15  el_after_av_textblock  avia-builder-el-last ' ><a href='https:\/\/www.voller.ee\/kategooria\/puitlaed\/puitlaast\/'  class='avia-button   avia-icon_select-no avia-color-theme-color avia-size-small avia-position-left '   ><span class='avia_iconbox_title' >Varastotuotteet<\/span><\/a><\/div><\/p><\/div><\/p>\n<div class=\"flex_column av_one_third  flex_column_div av-zero-column-padding   avia-builder-el-16  el_after_av_one_third  avia-builder-el-last  column-top-margin\" style='border-radius:0px; '><p><div  style='padding-bottom:10px; ' class='av-special-heading av-special-heading-h3    avia-builder-el-17  el_before_av_image  avia-builder-el-first  '><h3 class='av-special-heading-tag '  itemprop=\"headline\"  >Viilulevyt<\/h3><div class='special-heading-border'><div class='special-heading-inner-border' ><\/div><\/div><\/div><br \/>\n<div  class='avia-image-container  av-styling-    avia-builder-el-18  el_after_av_heading  el_before_av_hr  avia-align-center '  itemprop=\"image\" itemscope=\"itemscope\" itemtype=\"https:\/\/schema.org\/ImageObject\"  ><div class='avia-image-container-inner'><div class='avia-image-overlay-wrap'><img class='avia_image' src='https:\/\/www.voller.ee\/wp-content\/uploads\/2017\/08\/Puitspoonplaadid.jpg' alt='' title='Puitspoonplaadid' height=\"150\" width=\"217\"  itemprop=\"thumbnailUrl\"  \/><\/div><\/div><\/div><br \/>\n<div  style='height:20px' class='hr hr-invisible   avia-builder-el-19  el_after_av_image  el_before_av_textblock '><span class='hr-inner ' ><span class='hr-inner-style'><\/span><\/span><\/div><br \/>\n<section class=\"av_textblock_section \"  itemscope=\"itemscope\" itemtype=\"https:\/\/schema.org\/CreativeWork\" ><div class='avia_textblock sub-products '   itemprop=\"text\" ><p><a href=\"https:\/\/www.puucomp.com\/en\/\" target=\"_blank\" rel=\"noopener noreferrer\"><u>Kotisivu (.Puukomp)<\/u><\/a><\/p>\n<p><img loading=\"lazy\" decoding=\"async\" class=\"alignnone wp-image-575149\" src=\"https:\/\/www.voller.ee\/wp-content\/uploads\/2023\/01\/puucomp-logo.jpg\" alt=\"\" width=\"190\" height=\"48\" \/><\/p>\n<\/div><\/section><br \/>\n<div  class='avia-button-wrap avia-button-left  avia-builder-el-21  el_after_av_textblock  avia-builder-el-last ' ><a href='https:\/\/www.voller.ee\/kategooria\/puitlaed\/puitspoon\/'  class='avia-button   avia-icon_select-no avia-color-theme-color avia-size-small avia-position-left '   ><span class='avia_iconbox_title' >Varastotuotteet<\/span><\/a><\/div><\/p><\/div>\n","protected":false},"excerpt":{"rendered":"","protected":false},"author":5,"featured_media":0,"parent":87881,"menu_order":1,"comment_status":"closed","ping_status":"closed","template":"","meta":{"_acf_changed":false,"footnotes":"","_links_to":"","_links_to_target":""},"class_list":["post-87807","page","type-page","status-publish","hentry"],"acf":[],"_links":{"self":[{"href":"https:\/\/www.voller.ee\/fi\/wp-json\/wp\/v2\/pages\/87807","targetHints":{"allow":["GET"]}}],"collection":[{"href":"https:\/\/www.voller.ee\/fi\/wp-json\/wp\/v2\/pages"}],"about":[{"href":"https:\/\/www.voller.ee\/fi\/wp-json\/wp\/v2\/types\/page"}],"author":[{"embeddable":true,"href":"https:\/\/www.voller.ee\/fi\/wp-json\/wp\/v2\/users\/5"}],"replies":[{"embeddable":true,"href":"https:\/\/www.voller.ee\/fi\/wp-json\/wp\/v2\/comments?post=87807"}],"version-history":[{"count":5,"href":"https:\/\/www.voller.ee\/fi\/wp-json\/wp\/v2\/pages\/87807\/revisions"}],"predecessor-version":[{"id":577818,"href":"https:\/\/www.voller.ee\/fi\/wp-json\/wp\/v2\/pages\/87807\/revisions\/577818"}],"up":[{"embeddable":true,"href":"https:\/\/www.voller.ee\/fi\/wp-json\/wp\/v2\/pages\/87881"}],"wp:attachment":[{"href":"https:\/\/www.voller.ee\/fi\/wp-json\/wp\/v2\/media?parent=87807"}],"curies":[{"name":"wp","href":"https:\/\/api.w.org\/{rel}","templated":true}]}}