{"id":87813,"date":"2017-08-15T15:19:12","date_gmt":"2017-08-15T12:19:12","guid":{"rendered":"https:\/\/www.voller.ee\/kipsikatot\/"},"modified":"2023-01-13T12:55:47","modified_gmt":"2023-01-13T10:55:47","slug":"kipsikatot","status":"publish","type":"page","link":"https:\/\/www.voller.ee\/fi\/alakatot\/kipsikatot\/","title":{"rendered":"Kipsikatot"},"content":{"rendered":"<div class=\"flex_column av_one_full  flex_column_div first  avia-builder-el-0  el_before_av_one_third  avia-builder-el-first  \" style='padding:0px 0px 0px 0px ; border-radius:0px; '><p><div  style='padding-bottom:10px; font-size:28px;' class='av-special-heading av-special-heading-h2  blockquote modern-quote  avia-builder-el-1  el_before_av_textblock  avia-builder-el-first  av-inherit-size '><h2 class='av-special-heading-tag '  itemprop=\"headline\"  >Kipsikatot<\/h2><div class='special-heading-border'><div class='special-heading-inner-border' ><\/div><\/div><\/div><br \/>\n<section class=\"av_textblock_section \"  itemscope=\"itemscope\" itemtype=\"https:\/\/schema.org\/CreativeWork\" ><div class='avia_textblock  '   itemprop=\"text\" ><p>Kipsimoduulikatot sekoitetaan usein umpikipsikattoihin, jotka ovat CD-runkoon ruuvattuja rakennuskipsilevyj\u00e4. Mekin tarjoamme umpikipsikattojen ratkaisuja, materiaaleja ja asennusta, mutta tarjoamme my\u00f6s kipsisi\u00e4 kattomoduuleja, joilla voi olla sek\u00e4 k\u00e4yt\u00e4nn\u00f6llinen ett\u00e4 koristeellinen funktio. Moduuleja voi tilata erilaisilla kiinnitystavoilla, reunatyypeill\u00e4 ja rei\u2019ityksill\u00e4 tai ilman, olkoon sitten tavoitteena siev\u00e4 ulkon\u00e4k\u00f6 tai tilan akustiikka.<\/p>\n<p>Pinnoitteesta riippuen kipsiset kattomoduulit ovat puhdistettavia, pest\u00e4vi\u00e4, maalattavia ja helppohoitoisia.<\/p>\n<\/div><\/section><\/p><\/div>\n<div class=\"flex_column av_one_third  flex_column_div av-zero-column-padding first  avia-builder-el-3  el_after_av_one_full  el_before_av_one_third  column-top-margin\" style='border-radius:0px; '><p><div  style='padding-bottom:10px; ' class='av-special-heading av-special-heading-h3    avia-builder-el-4  el_before_av_image  avia-builder-el-first  '><h3 class='av-special-heading-tag '  itemprop=\"headline\"  >Danoline-kipsikatot<\/h3><div class='special-heading-border'><div class='special-heading-inner-border' ><\/div><\/div><\/div><br \/>\n<div  class='avia-image-container  av-styling-    avia-builder-el-5  el_after_av_heading  el_before_av_hr  avia-align- '  itemprop=\"image\" itemscope=\"itemscope\" itemtype=\"https:\/\/schema.org\/ImageObject\"  ><div class='avia-image-container-inner'><div class='avia-image-overlay-wrap'><img class='avia_image' src='https:\/\/www.voller.ee\/wp-content\/uploads\/2017\/08\/Danoline_kipslaed.jpg' alt='' title='Danoline_kipslaed' height=\"150\" width=\"217\"  itemprop=\"thumbnailUrl\"  \/><\/div><\/div><\/div><br \/>\n<div  style='height:20px' class='hr hr-invisible   avia-builder-el-6  el_after_av_image  el_before_av_textblock '><span class='hr-inner ' ><span class='hr-inner-style'><\/span><\/span><\/div><br \/>\n<section class=\"av_textblock_section \"  itemscope=\"itemscope\" itemtype=\"https:\/\/schema.org\/CreativeWork\" ><div class='avia_textblock sub-products '   itemprop=\"text\" ><p><a href=\"https:\/\/www.voller.ee\/wp-content\/uploads\/2020\/08\/knaufdanoline_catalogue_uk-052019-final-1.pdf\">Tuoteluettelo (.pdf)<\/a><br \/>\n<a href=\"http:\/\/knaufdanoline.com\/\" target=\"_blank\" rel=\"noopener noreferrer\">Kotisivu (.Danoline)<\/a><\/p>\n<p><img loading=\"lazy\" decoding=\"async\" class=\"alignnone size-full wp-image-2137\" src=\"https:\/\/www.voller.ee\/wp-content\/uploads\/2017\/08\/knauf_danoline.png\" alt=\"\" width=\"171\" height=\"51\" \/><\/p>\n<\/div><\/section><br \/>\n<div  class='avia-button-wrap avia-button-left  avia-builder-el-8  el_after_av_textblock  avia-builder-el-last ' ><a href='https:\/\/www.voller.ee\/kategooria\/kipslaed\/?filter_tootja=danoline'  class='avia-button   avia-icon_select-no avia-color-theme-color avia-size-small avia-position-left '   ><span class='avia_iconbox_title' >Varastotuotteet<\/span><\/a><\/div><\/p><\/div>\n<div class=\"flex_column av_one_third  flex_column_div av-zero-column-padding   avia-builder-el-9  el_after_av_one_third  el_before_av_one_third  column-top-margin\" style='border-radius:0px; '><p><div  style='padding-bottom:10px; ' class='av-special-heading av-special-heading-h3    avia-builder-el-10  el_before_av_image  avia-builder-el-first  '><h3 class='av-special-heading-tag '  itemprop=\"headline\"  >Gyptone-kipsikatot<\/h3><div class='special-heading-border'><div class='special-heading-inner-border' ><\/div><\/div><\/div><br \/>\n<div  class='avia-image-container  av-styling-    avia-builder-el-11  el_after_av_heading  el_before_av_hr  avia-align- '  itemprop=\"image\" itemscope=\"itemscope\" itemtype=\"https:\/\/schema.org\/ImageObject\"  ><div class='avia-image-container-inner'><div class='avia-image-overlay-wrap'><img class='avia_image' src='https:\/\/www.voller.ee\/wp-content\/uploads\/2017\/08\/Gyptone_kipslaed.jpg' alt='' title='Gyptone_kipslaed' height=\"150\" width=\"217\"  itemprop=\"thumbnailUrl\"  \/><\/div><\/div><\/div><br \/>\n<div  style='height:20px' class='hr hr-invisible   avia-builder-el-12  el_after_av_image  el_before_av_textblock '><span class='hr-inner ' ><span class='hr-inner-style'><\/span><\/span><\/div><br \/>\n<section class=\"av_textblock_section \"  itemscope=\"itemscope\" itemtype=\"https:\/\/schema.org\/CreativeWork\" ><div class='avia_textblock sub-products '   itemprop=\"text\" ><p><a href=\"https:\/\/www.voller.ee\/wp-content\/uploads\/2020\/08\/gyptone-tiles-borchure-2020-web.pdf\">Tuoteluettelo (.pdf)<\/a><br \/>\n<a href=\"https:\/\/www.gyptone.com\/\" target=\"_blank\" rel=\"noopener noreferrer\">Kotisivu (.Gyptone)<\/a><\/p>\n<p><img loading=\"lazy\" decoding=\"async\" class=\"alignnone wp-image-575239\" src=\"https:\/\/www.voller.ee\/wp-content\/uploads\/2023\/01\/gyptone-logo-300x97.jpg\" alt=\"\" width=\"176\" height=\"57\" srcset=\"https:\/\/www.voller.ee\/wp-content\/uploads\/2023\/01\/gyptone-logo-300x97.jpg 300w, https:\/\/www.voller.ee\/wp-content\/uploads\/2023\/01\/gyptone-logo-1030x335.jpg 1030w, https:\/\/www.voller.ee\/wp-content\/uploads\/2023\/01\/gyptone-logo-768x250.jpg 768w, https:\/\/www.voller.ee\/wp-content\/uploads\/2023\/01\/gyptone-logo-1536x499.jpg 1536w, https:\/\/www.voller.ee\/wp-content\/uploads\/2023\/01\/gyptone-logo-1500x487.jpg 1500w, https:\/\/www.voller.ee\/wp-content\/uploads\/2023\/01\/gyptone-logo-705x229.jpg 705w, https:\/\/www.voller.ee\/wp-content\/uploads\/2023\/01\/gyptone-logo-450x146.jpg 450w, https:\/\/www.voller.ee\/wp-content\/uploads\/2023\/01\/gyptone-logo.jpg 1539w\" sizes=\"auto, (max-width: 176px) 100vw, 176px\" \/><\/p>\n<\/div><\/section><br \/>\n<div  class='avia-button-wrap avia-button-left  avia-builder-el-14  el_after_av_textblock  avia-builder-el-last ' ><a href='https:\/\/www.voller.ee\/kategooria\/kipslaed\/?filter_tootja=gyptone'  class='avia-button   avia-icon_select-no avia-color-theme-color avia-size-small avia-position-left '   ><span class='avia_iconbox_title' >Varastotuotteet<\/span><\/a><\/div><\/p><\/div><div class=\"flex_column av_one_third  flex_column_div av-zero-column-padding   avia-builder-el-15  el_after_av_one_third  avia-builder-el-last  column-top-margin\" style='border-radius:0px; '><p><div  style='padding-bottom:10px; ' class='av-special-heading av-special-heading-h3    avia-builder-el-16  el_before_av_image  avia-builder-el-first  '><h3 class='av-special-heading-tag '  itemprop=\"headline\"  >Vogl-kipsikatot<\/h3><div class='special-heading-border'><div class='special-heading-inner-border' ><\/div><\/div><\/div><br \/>\n<div  class='avia-image-container  av-styling-    avia-builder-el-17  el_after_av_heading  el_before_av_hr  avia-align- '  itemprop=\"image\" itemscope=\"itemscope\" itemtype=\"https:\/\/schema.org\/ImageObject\"  ><div class='avia-image-container-inner'><div class='avia-image-overlay-wrap'><img class='avia_image' src='https:\/\/www.voller.ee\/wp-content\/uploads\/2017\/08\/Vogl_kipslaed.jpg' alt='' title='Vogl_kipslaed' height=\"150\" width=\"217\"  itemprop=\"thumbnailUrl\"  \/><\/div><\/div><\/div><br \/>\n<div  style='height:20px' class='hr hr-invisible   avia-builder-el-18  el_after_av_image  el_before_av_textblock '><span class='hr-inner ' ><span class='hr-inner-style'><\/span><\/span><\/div><br \/>\n<section class=\"av_textblock_section \"  itemscope=\"itemscope\" itemtype=\"https:\/\/schema.org\/CreativeWork\" ><div class='avia_textblock sub-products '   itemprop=\"text\" ><p><a href=\"https:\/\/www.vogl-deckensysteme.de\/dateien\/englisch\/Gesamtkatalog_2018\/0_Katalog_EN_103412.pdf\" target=\"_blank\" rel=\"noopener noreferrer\">Tuoteluettelo (.pdf)<\/a><br \/>\n<a href=\"https:\/\/www.vogl-deckensysteme.de\/en\/\" target=\"_blank\" rel=\"noopener noreferrer\">Kotisivu (.Vogl)<\/a><\/p>\n<p><img loading=\"lazy\" decoding=\"async\" class=\"alignnone size-full wp-image-2153\" src=\"https:\/\/www.voller.ee\/wp-content\/uploads\/2017\/08\/vogl.png\" alt=\"\" width=\"104\" height=\"63\" \/><\/p>\n<\/div><\/section><br \/>\n<div  class='avia-button-wrap avia-button-left  avia-builder-el-20  el_after_av_textblock  avia-builder-el-last ' ><a href='https:\/\/www.voller.ee\/kategooria\/kipslaed\/?filter_tootja=vogl'  class='avia-button   avia-icon_select-no avia-color-theme-color avia-size-small avia-position-left '   ><span class='avia_iconbox_title' >Varastotuotteet<\/span><\/a><\/div><\/p><\/div><\/p>\n","protected":false},"excerpt":{"rendered":"","protected":false},"author":5,"featured_media":0,"parent":87881,"menu_order":3,"comment_status":"closed","ping_status":"closed","template":"","meta":{"_acf_changed":false,"footnotes":"","_links_to":"","_links_to_target":""},"class_list":["post-87813","page","type-page","status-publish","hentry"],"acf":[],"_links":{"self":[{"href":"https:\/\/www.voller.ee\/fi\/wp-json\/wp\/v2\/pages\/87813","targetHints":{"allow":["GET"]}}],"collection":[{"href":"https:\/\/www.voller.ee\/fi\/wp-json\/wp\/v2\/pages"}],"about":[{"href":"https:\/\/www.voller.ee\/fi\/wp-json\/wp\/v2\/types\/page"}],"author":[{"embeddable":true,"href":"https:\/\/www.voller.ee\/fi\/wp-json\/wp\/v2\/users\/5"}],"replies":[{"embeddable":true,"href":"https:\/\/www.voller.ee\/fi\/wp-json\/wp\/v2\/comments?post=87813"}],"version-history":[{"count":5,"href":"https:\/\/www.voller.ee\/fi\/wp-json\/wp\/v2\/pages\/87813\/revisions"}],"predecessor-version":[{"id":575257,"href":"https:\/\/www.voller.ee\/fi\/wp-json\/wp\/v2\/pages\/87813\/revisions\/575257"}],"up":[{"embeddable":true,"href":"https:\/\/www.voller.ee\/fi\/wp-json\/wp\/v2\/pages\/87881"}],"wp:attachment":[{"href":"https:\/\/www.voller.ee\/fi\/wp-json\/wp\/v2\/media?parent=87813"}],"curies":[{"name":"wp","href":"https:\/\/api.w.org\/{rel}","templated":true}]}}