{"id":87818,"date":"2017-08-16T01:01:41","date_gmt":"2017-08-15T22:01:41","guid":{"rendered":"https:\/\/www.voller.ee\/2016-2\/"},"modified":"2020-10-30T15:34:19","modified_gmt":"2020-10-30T13:34:19","slug":"2016-2","status":"publish","type":"page","link":"https:\/\/www.voller.ee\/fi\/referenssit\/2016-2\/","title":{"rendered":"2016"},"content":{"rendered":"<div class=\"flex_column av_one_full  flex_column_div av-zero-column-padding first  avia-builder-el-0  avia-builder-el-no-sibling  \" style='border-radius:0px; '><p><div  style='padding-bottom:10px; margin:0px 0px 30px 0px; font-size:28px;' class='av-special-heading av-special-heading-h2  blockquote modern-quote  avia-builder-el-1  el_before_av_textblock  avia-builder-el-first  av-inherit-size '><h2 class='av-special-heading-tag '  itemprop=\"headline\"  >Referenssit vuodelta 2016<\/h2><div class='special-heading-border'><div class='special-heading-inner-border' ><\/div><\/div><\/div><br \/>\n<section class=\"av_textblock_section \"  itemscope=\"itemscope\" itemtype=\"https:\/\/schema.org\/CreativeWork\" ><div class='avia_textblock  '   itemprop=\"text\" ><ul>\n<li>Alberga Talo E, Bertel Jungin aukio 1, Espoo<\/li>\n<li>As Oy J\u00e4rvenp\u00e4\u00e4 Aino, Tehtaankatu 4, J\u00e4rvenp\u00e4\u00e4<\/li>\n<li>Baltic Agro (ABB), Raen J\u00fcri, Harjumaa<\/li>\n<li>Dixi 2, Ratatie 11, Vantaa<\/li>\n<li>AS Eesti Talleks (eri kiinteist\u00f6j\u00e4)<\/li>\n<li>Etel\u00e4ranta 10, Helsinki<\/li>\n<li>Exmetin varasto<\/li>\n<li>Fazer 125S, Fazerintie 6, Vantaa<\/li>\n<li>Grossi Toidukaubad -elintarvikemyym\u00e4l\u00e4, Saue, Harjumaa<\/li>\n<li>Haapsalu Universaalhall -tavaratalo, Haapsalu<\/li>\n<li>Alepa Havukoski, Etel\u00e4inen Rastitie 6, Vantaa<\/li>\n<li>Heikkinen Yhti\u00f6t Oy, Koivuhaantie 21, Vantaa<\/li>\n<li>As Oy Helsingin Atriumpiha, L\u00e4nsisatamankatu 28, Helsinki<\/li>\n<li>Helsingin KTK Oy, Kivikonlaita 33, Helsinki<\/li>\n<li>Hiidenmaan lukio (Hiiumaa G\u00fcmnaasium)<\/li>\n<li>HUB Logistics, Vanha Porvoontie 256, Vantaa<\/li>\n<li>Iso Omena, D-osa, Piispansilta 11, Espoo<\/li>\n<li>J\u00e4rve 34a, Tallinna<\/li>\n<li>As Oy J\u00e4rvenp\u00e4\u00e4n Aino, Tehtaankatu 4, J\u00e4rvenp\u00e4\u00e4<\/li>\n<li>J\u00e4rvenp\u00e4\u00e4n sosiaali- ja terveyskeskus JUST, L\u00e4\u00e4k\u00e4rinkuja 1, J\u00e4rvenp\u00e4\u00e4<\/li>\n<li>K3 Biisoni, Suokalliontie 9, Vantaa<\/li>\n<li>Kerrostalo, Kaare tee 5\/2, Raen J\u00e4rvek\u00fcla, Harjumaa<\/li>\n<li>Kerrostalo, Kadaka tee 142, 2. osa, Tallinna<\/li>\n<li>Kasarmikatu 21, Helsinki<\/li>\n<li>Kiriku 2\/4,Tallinna<\/li>\n<li>Alepa Kivist\u00f6, Kannistontie 1, Vantaa<\/li>\n<li>Lehtikuusen koulu, Hiirakkotie 9, Vantaa<\/li>\n<li>L\u00e4hiTapiola, Suomenlahdentie 1, Espoo<\/li>\n<li>Kerros- ja liikerakennus, Mardi 9, Tallinna<\/li>\n<li>Narva maantee 63 NORTH, Tallinna<\/li>\n<li>Narva maantee 63 SOUTH, Tallinna<\/li>\n<li>Narva maantee 7a, Tallinna<\/li>\n<li>Monitoimitalo Monikko, Kuntotie 7, Nurmij\u00e4rven Klaukkala<\/li>\n<li>OP Team, Kielotie 14, Vantaa<\/li>\n<li>Pirita TOP -hotelli, Tallinna<\/li>\n<li>Pronksi 12, Tallinna<\/li>\n<li>P\u00e4rnu maantee 18, Tallinna<\/li>\n<li>Rajamaankuja 3, Espoo<\/li>\n<li>Rakveren sairaalan ensihoito-osasto<\/li>\n<li>Rajavartiolaitoksen helikopterihalli, Tullimiehentie 16, Vantaa<\/li>\n<li>Scanoffice Oy, Juvanmalmintie 11, Espoo<\/li>\n<li>Silikaltsiidi 7, Tallinna<\/li>\n<li>Kerrostalo, Sipelga 3, lis\u00e4rakennus 1, Tallinna<\/li>\n<li>Tallink-tenniskeskus, Punane 76, Tallinna<\/li>\n<li>Tallinna Kiirabi (Tallinnan ambulanssi), Retke tee 1, Tallinna<\/li>\n<li>Kerrostalot, Tohu 1 ja 3, Tallinna<\/li>\n<li>Tripla, Pasilan v\u00e4liaikainen asema<\/li>\n<li>Kiinteist\u00f6 Oy Vantaan S\u00e4hkotie 5, S\u00e4hkotie 5, Vantaa<\/li>\n<li>VAV Asunnot Oy:n vuokrakerrostalot, Loiskekuja 1, Vantaa<\/li>\n<li>VRM (Vana Raadiomaja \u2013 Vanha Radiotalo), Kreutzwaldi 14, Tallinna<\/li>\n<li>WST Narva<\/li>\n<li>Kerrostalo, V\u00e4ljaku 5, Raen J\u00fcri, Harjumaa<\/li>\n<li>\u00d6piku Maja, \u00dclemiste City, Sepise 9 \/ Valukoja 8, Tallinna<\/li>\n<\/ul>\n<\/div><\/section><\/p><\/div>\n","protected":false},"excerpt":{"rendered":"","protected":false},"author":5,"featured_media":0,"parent":87886,"menu_order":10,"comment_status":"closed","ping_status":"closed","template":"","meta":{"_acf_changed":false,"footnotes":"","_links_to":"","_links_to_target":""},"class_list":["post-87818","page","type-page","status-publish","hentry"],"acf":[],"_links":{"self":[{"href":"https:\/\/www.voller.ee\/fi\/wp-json\/wp\/v2\/pages\/87818","targetHints":{"allow":["GET"]}}],"collection":[{"href":"https:\/\/www.voller.ee\/fi\/wp-json\/wp\/v2\/pages"}],"about":[{"href":"https:\/\/www.voller.ee\/fi\/wp-json\/wp\/v2\/types\/page"}],"author":[{"embeddable":true,"href":"https:\/\/www.voller.ee\/fi\/wp-json\/wp\/v2\/users\/5"}],"replies":[{"embeddable":true,"href":"https:\/\/www.voller.ee\/fi\/wp-json\/wp\/v2\/comments?post=87818"}],"version-history":[{"count":4,"href":"https:\/\/www.voller.ee\/fi\/wp-json\/wp\/v2\/pages\/87818\/revisions"}],"predecessor-version":[{"id":213698,"href":"https:\/\/www.voller.ee\/fi\/wp-json\/wp\/v2\/pages\/87818\/revisions\/213698"}],"up":[{"embeddable":true,"href":"https:\/\/www.voller.ee\/fi\/wp-json\/wp\/v2\/pages\/87886"}],"wp:attachment":[{"href":"https:\/\/www.voller.ee\/fi\/wp-json\/wp\/v2\/media?parent=87818"}],"curies":[{"name":"wp","href":"https:\/\/api.w.org\/{rel}","templated":true}]}}