{"id":87824,"date":"2017-08-16T01:05:47","date_gmt":"2017-08-15T22:05:47","guid":{"rendered":"https:\/\/www.voller.ee\/2013-2\/"},"modified":"2020-10-30T15:34:19","modified_gmt":"2020-10-30T13:34:19","slug":"2013-2","status":"publish","type":"page","link":"https:\/\/www.voller.ee\/fi\/referenssit\/2013-2\/","title":{"rendered":"2013"},"content":{"rendered":"<div class=\"flex_column av_one_full  flex_column_div av-zero-column-padding first  avia-builder-el-0  avia-builder-el-no-sibling  \" style='border-radius:0px; '><p><div  style='padding-bottom:10px; margin:0px 0px 30px 0px; font-size:28px;' class='av-special-heading av-special-heading-h2  blockquote modern-quote  avia-builder-el-1  el_before_av_textblock  avia-builder-el-first  av-inherit-size '><h2 class='av-special-heading-tag '  itemprop=\"headline\"  >Referenssit vuodelta 2013<\/h2><div class='special-heading-border'><div class='special-heading-inner-border' ><\/div><\/div><\/div><br \/>\n<section class=\"av_textblock_section \"  itemscope=\"itemscope\" itemtype=\"https:\/\/schema.org\/CreativeWork\" ><div class='avia_textblock  '   itemprop=\"text\" ><ul>\n<li>1Store Itis, It\u00e4katu 1, Helsinki<\/li>\n<li>Amer Vallila, Aleksis Kiven katu 17, Helsinki<\/li>\n<li>ANK Tehnology O\u00dc:n teollisuusrakennus<\/li>\n<li>Bisnespaja Avia, Perint\u00f6tie 8, Vantaa<\/li>\n<li>Brondankulma, Etel\u00e4esplanadi 2, Helsinki<\/li>\n<li>Toimistorakennus, Koplipere tee 17, Rae, Harjumaa<\/li>\n<li>Toimistorakennus, Punane 56, Tallinna<\/li>\n<li>Kerrostalo, Ehitajate tee 68, Tallinna<\/li>\n<li>As Oy Espoon Ametisti, Adjutantinkatu 2, Espoon M\u00e4kkyl\u00e4<\/li>\n<li>As Oy Espoon Stailia, Matinniitynkuja 3, Espoon Matinkyl\u00e4<\/li>\n<li>Estanc AS:n teollisuusrakennus, P\u00f5rguv\u00e4lja tee 5a, Raen Pildik\u00fcla, Harjumaa<\/li>\n<li>Estin Warehousing O\u00dc:n varasto, Kadastiku 39b, Narva<\/li>\n<li>Eventes Business Garden, Espoo<\/li>\n<li>Kiinteist\u00f6 Oy Falcon Gentti, Vaisalantie 8, Espoon Otaniemi<\/li>\n<li>Febparts O\u00dc:n varasto- ja toimistorakennus, Narva<\/li>\n<li>G-Star RAW -myym\u00e4l\u00e4, P\u00e4rnu maantee 15, Tallinna<\/li>\n<li>Hekamerk O\u00dc:n varasto- ja toimistorakennus, Leiva 4, Tallinna<\/li>\n<li>As Oy Helsingin Paahtaja, Kahvipavunkuja 3, Helsinki<\/li>\n<li>Helsingin yliopiston E-rakennus ja TiKe-sali (peruskorjaus), Helsinki<\/li>\n<li>Hoitokoti Kuninkaanhovi, Kolohongankuja 2, Vantaan Kolohonka<\/li>\n<li>Hoivakeskus, Staadioni 15, Tartto<\/li>\n<li>Hydroscand AS:n teollisuusrakennus, K\u00f5rtsi tee 5, Raen Lehmja, Harjumaa<\/li>\n<li>Itis-liikuntakeskus, It\u00e4katu 7, Helsinki<\/li>\n<li>Itis Stockmann, It\u00e4katu 7, Helsinki<\/li>\n<li>Itis-terveyskeskus, It\u00e4katu 7, Helsinki<\/li>\n<li>It\u00e4keskuksen terveysasema, Helsinki<\/li>\n<li>J\u00f5gevamaa G\u00fcmnaasium (J\u00f5gevamaan lukio), Aia 34, J\u00f5geva<\/li>\n<li>Diacor Kannelm\u00e4ki -terveysasema, Helsinki<\/li>\n<li>Karakallion koulu, Kotkakuja 5, Espoo<\/li>\n<li>Kaubaekspress, Reti tee 4, Raen Peetri, Harjumaa<\/li>\n<li>Teollisuus- ja varastorakennus, Kesk tee 14, Raen J\u00fcri, Harjumaa<\/li>\n<li>Kivikoda O\u00dc:n teollisuusrakennus, Suur-Paala tn 13, Tallinna<\/li>\n<li>Kristiine Keskuksen H&amp;M-myym\u00e4l\u00e4, Endla 4, Tallinna<\/li>\n<li>L\u00e4nsiterminaali L4, Tyynenmerenkatu 8, Helsinki<\/li>\n<li>AS Mass, toimistorakennus, Kalda 3b, Tallinna<\/li>\n<li>MotorCenter Espoonlahti, Sillankorva 15, Espoo<\/li>\n<li>Stadin ammatti- ja aikuisopisto, Meritalon toimipaikka, Haapaniemenkatu 7-9, Helsinki<\/li>\n<li>As Oy Saukonpaaden Merituuli, Saukonpaadenranta 14, Helsinki<\/li>\n<li>MyFitness-kuntotalo, Rocca al Mare, Tallinna<\/li>\n<li>MyFitness-kuntotalo, Solaris, Tallinna<\/li>\n<li>MyFitness-kuntotalo, Tartu Kaubahall, Tartto<\/li>\n<li>MyFitness-kuntotalo, Virbi, Tallinna<\/li>\n<li>J\u00e4rvenp\u00e4\u00e4n Myllytie 1a Kiinteist\u00f6 Oy, J\u00e4rvenp\u00e4\u00e4<\/li>\n<li>NS King -kenk\u00e4kauppa, Postimaja, Tallinna<\/li>\n<li>Pelican Self Storage, Olarin s\u00e4ilytystila, Piispanm\u00e4entie 8, Espoo<\/li>\n<li>Pelican Self Storage, Konalan s\u00e4ilytystila, Paperitie 5, Helsinki<\/li>\n<li>Plaza Business Park Halo, \u00c4yritie 24, Vantaa<\/li>\n<li>Punane 56, Tallinna<\/li>\n<li>Raadiomaja (Radiotalo), Gonsiori 21, Tallinna<\/li>\n<li>Radisson Blu -hotellin sis\u00e4\u00e4nk\u00e4ynti<\/li>\n<li>Raua-sauna, Raua 23, Tallinna<\/li>\n<li>Baltman-vaatemyym\u00e4l\u00e4, Rocca al Mare -kauppakeskus, Tallinna<\/li>\n<li>SRP3, Suokallionkuja, Vantaa<\/li>\n<li>Talent Plastics Tartu AS, Tartumaa<\/li>\n<li>Tallinnan lentoaseman alkoholimyym\u00e4l\u00e4<\/li>\n<li>Tallinnan lentoaseman WC<\/li>\n<li>As Oy Espoon Tawastinkallio, Piispankulma 1, Espoo<\/li>\n<li>Technopolis Ruoholahti 1, A- ja B-rakennus, Helsinki<\/li>\n<li>Terra-Team Oy, Juvan teollisuuskatu 16, Espoo<\/li>\n<li>Tikkurilan Asemakeskus, Ratatie 11, Vantaa<\/li>\n<li>Tallinnan lentoaseman matkustajaterminaali<\/li>\n<li>Tokmanni Nummela, Ky\u00f6stinpolku 6, Vihdin Nummela<\/li>\n<li>Valkea talo 2, Ilkantie 4a, Helsinki<\/li>\n<li>Vantaan Energia JV1, L\u00e5ngmossa<\/li>\n<li>Vantaan Energian j\u00e4tevoimala<\/li>\n<li>Kiinteist\u00f6 Oy Vantaan Honkanummentie 12, Vantaa<\/li>\n<li>Kiinteist\u00f6 Oy Vantaan S\u00e4hk\u00f6tie 5, Vantaa<\/li>\n<li>Kiinteist\u00f6 Oy Vantaan S\u00e4hk\u00f6tie 5, Vantaa<\/li>\n<li>VGP Nehatu -logistiikkakeskus, A-rakennus<\/li>\n<li>Viikin E-rakennus, Latokartano, Helsinki<\/li>\n<li>Villardi 22, Tallinna<\/li>\n<li>Viru Keskuksen pys\u00e4k\u00f6intialue, Tallinna<\/li>\n<li>Work &amp; Trade Avia, Niittyvilla<\/li>\n<li>\u00d5ism\u00e4en koulu, Vilde tee 120, Tallinna<\/li>\n<\/ul>\n<\/div><\/section><\/p><\/div>\n","protected":false},"excerpt":{"rendered":"","protected":false},"author":5,"featured_media":0,"parent":87886,"menu_order":13,"comment_status":"closed","ping_status":"closed","template":"","meta":{"_acf_changed":false,"footnotes":"","_links_to":"","_links_to_target":""},"class_list":["post-87824","page","type-page","status-publish","hentry"],"acf":[],"_links":{"self":[{"href":"https:\/\/www.voller.ee\/fi\/wp-json\/wp\/v2\/pages\/87824","targetHints":{"allow":["GET"]}}],"collection":[{"href":"https:\/\/www.voller.ee\/fi\/wp-json\/wp\/v2\/pages"}],"about":[{"href":"https:\/\/www.voller.ee\/fi\/wp-json\/wp\/v2\/types\/page"}],"author":[{"embeddable":true,"href":"https:\/\/www.voller.ee\/fi\/wp-json\/wp\/v2\/users\/5"}],"replies":[{"embeddable":true,"href":"https:\/\/www.voller.ee\/fi\/wp-json\/wp\/v2\/comments?post=87824"}],"version-history":[{"count":4,"href":"https:\/\/www.voller.ee\/fi\/wp-json\/wp\/v2\/pages\/87824\/revisions"}],"predecessor-version":[{"id":213707,"href":"https:\/\/www.voller.ee\/fi\/wp-json\/wp\/v2\/pages\/87824\/revisions\/213707"}],"up":[{"embeddable":true,"href":"https:\/\/www.voller.ee\/fi\/wp-json\/wp\/v2\/pages\/87886"}],"wp:attachment":[{"href":"https:\/\/www.voller.ee\/fi\/wp-json\/wp\/v2\/media?parent=87824"}],"curies":[{"name":"wp","href":"https:\/\/api.w.org\/{rel}","templated":true}]}}