{"id":87826,"date":"2017-08-16T01:06:39","date_gmt":"2017-08-15T22:06:39","guid":{"rendered":"https:\/\/www.voller.ee\/2011-2\/"},"modified":"2020-10-30T15:34:19","modified_gmt":"2020-10-30T13:34:19","slug":"2011-2","status":"publish","type":"page","link":"https:\/\/www.voller.ee\/fi\/referenssit\/2011-2\/","title":{"rendered":"2011"},"content":{"rendered":"<div class=\"flex_column av_one_full  flex_column_div av-zero-column-padding first  avia-builder-el-0  avia-builder-el-no-sibling  \" style='border-radius:0px; '><p><div  style='padding-bottom:10px; margin:0px 0px 30px 0px; font-size:28px;' class='av-special-heading av-special-heading-h2  blockquote modern-quote  avia-builder-el-1  el_before_av_textblock  avia-builder-el-first  av-inherit-size '><h2 class='av-special-heading-tag '  itemprop=\"headline\"  >Referenssit vuodelta 2011<\/h2><div class='special-heading-border'><div class='special-heading-inner-border' ><\/div><\/div><\/div><br \/>\n<section class=\"av_textblock_section \"  itemscope=\"itemscope\" itemtype=\"https:\/\/schema.org\/CreativeWork\" ><div class='avia_textblock  '   itemprop=\"text\" ><ul>\n<li>Aalto-yliopiston peruskorjaus, Espoo<\/li>\n<li>Airport Plaza III Hehku, Vantaa<\/li>\n<li>Airport Plaza III Park, Vantaa<\/li>\n<li>Kiinteist\u00f6 Oy Alberga, B-talo, Bertel Jungin aukio 1, Espoo<\/li>\n<li>As Oy Espoon Jade, Adjutantinkatu 8, Espoon M\u00e4kkyl\u00e4<\/li>\n<li>Autokeskus Oy Airport, Silvastintie 4, Vantaa<\/li>\n<li>Diapol Granite O\u00dc, Kasesalu 10, Saue, Harjumaa<\/li>\n<li>Eesti Rahvusringh\u00e4\u00e4ling (Viron yleisradio), Gonsiori 27, Tallinna<\/li>\n<li>AS Eesti Talleks, Tallinna<\/li>\n<li>EOS:n toimisto, Pirita tee 102, Tallinna<\/li>\n<li>Helkama-Kiinteist\u00f6t Oy, Lautamiehentie 3, Espoo<\/li>\n<li>Helsingin hovioikeus (Kiinteist\u00f6 Oy Ratamestarinkatu 9), Helsinki<\/li>\n<li>Hessumobiili Oy, Yritt\u00e4j\u00e4nkulma 5, Nurmij\u00e4rven Klaukkala<\/li>\n<li>Solaris-keskuksen Apple-myym\u00e4l\u00e4, Tallinna<\/li>\n<li>K3 Aaro Forsman Oy, Vantaa<\/li>\n<li>Kavika Oy, J\u00e4rvenp\u00e4\u00e4<\/li>\n<li>Kiinteist\u00f6 Oy Herttokaari, Abraham Wetterin tie 4, Helsinki<\/li>\n<li>Kiinteist\u00f6 Oy Triotto K\u00e4pyl\u00e4, Helsinki<\/li>\n<li>Lepp\u00e4tien koulu, Sipoo<\/li>\n<li>Lindstr\u00f6min Koivuhaan palvelukeskus, Vantaa<\/li>\n<li>Louhelan ostoskeskus, Er\u00e4kuja 1, Vantaan Myyrm\u00e4ki<\/li>\n<li>Kerrostalo, Uus-Tatari 21, Tallinna<\/li>\n<li>Mikkel\u00e4n tukikohta, Teirinsyrj\u00e4 4, Espoo<\/li>\n<li>MotorCenter Avia, Tikkurilantie 98, Vantaa<\/li>\n<li>MotorCenter Herttoniemi, Helsinki<\/li>\n<li>Kiinteist\u00f6 Oy Maali, Niittytie 25, Vantaa<\/li>\n<li>Pelican Self Storage, Kilon s\u00e4ilytystila, Kilonkartanontie 1, Espoo<\/li>\n<li>Pelican Self Storage, Suutarilan s\u00e4ilytystila, H\u00e4rk\u00e4valjakontie 28, Helsinki<\/li>\n<li>Airport Plaza III Park, \u00c4yritie 14, Vantaa<\/li>\n<li>Polaris Capella<\/li>\n<li>P\u00e4rnu maantee 102c, Tallinna<\/li>\n<li>Ruusulankatu 10, Helsinki<\/li>\n<li>Safiiri 1, Puolikkotie 8, Espoo<\/li>\n<li>Saunalahden koulu, Brinkinm\u00e4entie 1, Espoo<\/li>\n<li>Tallinnan lentoasema<\/li>\n<li>Vantaan Tiilitie Logistics West Kiinteist\u00f6 Oy, Tiilitie 6, Vantaa<\/li>\n<li>Tiilitie Trade Park, Vantaa<\/li>\n<li>Uudenmaan sairaalapesulan laajennus, Kerava<\/li>\n<li>As Oy Vantaan Piparminttu, Minttutie 28, Vantaa<\/li>\n<li>Volkswagen Center Espoo, Piispantilantie 2, Espoo<\/li>\n<\/ul>\n<\/div><\/section><\/p><\/div>\n","protected":false},"excerpt":{"rendered":"","protected":false},"author":5,"featured_media":0,"parent":87886,"menu_order":15,"comment_status":"closed","ping_status":"closed","template":"","meta":{"_acf_changed":false,"footnotes":"","_links_to":"","_links_to_target":""},"class_list":["post-87826","page","type-page","status-publish","hentry"],"acf":[],"_links":{"self":[{"href":"https:\/\/www.voller.ee\/fi\/wp-json\/wp\/v2\/pages\/87826","targetHints":{"allow":["GET"]}}],"collection":[{"href":"https:\/\/www.voller.ee\/fi\/wp-json\/wp\/v2\/pages"}],"about":[{"href":"https:\/\/www.voller.ee\/fi\/wp-json\/wp\/v2\/types\/page"}],"author":[{"embeddable":true,"href":"https:\/\/www.voller.ee\/fi\/wp-json\/wp\/v2\/users\/5"}],"replies":[{"embeddable":true,"href":"https:\/\/www.voller.ee\/fi\/wp-json\/wp\/v2\/comments?post=87826"}],"version-history":[{"count":4,"href":"https:\/\/www.voller.ee\/fi\/wp-json\/wp\/v2\/pages\/87826\/revisions"}],"predecessor-version":[{"id":213710,"href":"https:\/\/www.voller.ee\/fi\/wp-json\/wp\/v2\/pages\/87826\/revisions\/213710"}],"up":[{"embeddable":true,"href":"https:\/\/www.voller.ee\/fi\/wp-json\/wp\/v2\/pages\/87886"}],"wp:attachment":[{"href":"https:\/\/www.voller.ee\/fi\/wp-json\/wp\/v2\/media?parent=87826"}],"curies":[{"name":"wp","href":"https:\/\/api.w.org\/{rel}","templated":true}]}}