{"id":87832,"date":"2017-09-28T16:40:35","date_gmt":"2017-09-28T13:40:35","guid":{"rendered":"https:\/\/www.voller.ee\/2007-2\/"},"modified":"2020-10-30T15:34:19","modified_gmt":"2020-10-30T13:34:19","slug":"2007-2","status":"publish","type":"page","link":"https:\/\/www.voller.ee\/fi\/referenssit\/2007-2\/","title":{"rendered":"2007"},"content":{"rendered":"<div class=\"flex_column av_one_full  flex_column_div av-zero-column-padding first  avia-builder-el-0  avia-builder-el-no-sibling  \" style='border-radius:0px; '><p><div  style='padding-bottom:10px; margin:0px 0px 30px 0px; font-size:28px;' class='av-special-heading av-special-heading-h2  blockquote modern-quote  avia-builder-el-1  el_before_av_textblock  avia-builder-el-first  av-inherit-size '><h2 class='av-special-heading-tag '  itemprop=\"headline\"  >Referenssit vuodelta 2007<\/h2><div class='special-heading-border'><div class='special-heading-inner-border' ><\/div><\/div><\/div><br \/>\n<section class=\"av_textblock_section \"  itemscope=\"itemscope\" itemtype=\"https:\/\/schema.org\/CreativeWork\" ><div class='avia_textblock  '   itemprop=\"text\" ><ul>\n<li>Airport Plaza II Vivace, Vantaa<\/li>\n<li>Falcon Business Park, Tinnu (toimistotalo), Helsinki<\/li>\n<li>Jumbo Park (Flamingo), vapaa-ajankeskus, Vantaa<\/li>\n<li>Kiinteist\u00f6 Oy Duetto K\u00e4pyl\u00e4, Helsinki<\/li>\n<li>Kiinteist\u00f6 Oy Salmisaarenranta 9 (Ahlstr\u00f6min toimitalo), Helsinki<\/li>\n<li>Kerrostalo, Lehe 31, Tallinna (Merko)<\/li>\n<li>Logistiikkakeskus, Vae 16, Sauen Laagri, Harjumaa<\/li>\n<li>Mannerheimintie 105a (NCC-3), Helsinki<\/li>\n<li>Panorama Tower (3 toimistotaloa), Espoon Lepp\u00e4vaara<\/li>\n<li>Viron rajavartioston lentoyksik\u00f6n (Piirivalve Lennusalk) toimistorakennus<\/li>\n<li>Uudenmaankadun palvelutalo, Riihim\u00e4ki<\/li>\n<li>Simetron Autotalo, Helsingin Herttoniemi<\/li>\n<li>Sipoon lukio, Keravan AOL, Sipoo<\/li>\n<li>Kerros- ja liiketalo, S\u00f5pruse puiestee 29, Tallinna<\/li>\n<li>S\u00f5pruse \u00c4rihoone -toimistorakennus, S\u00f5pruse puiestee 145<\/li>\n<li>VVO-talo, Helsinki<\/li>\n<li>YIT:n p\u00e4\u00e4konttorin laajennus, K\u00e4pyl\u00e4, Helsinki<\/li>\n<\/ul>\n<\/div><\/section><\/p><\/div>\n","protected":false},"excerpt":{"rendered":"","protected":false},"author":5,"featured_media":0,"parent":87886,"menu_order":19,"comment_status":"closed","ping_status":"closed","template":"","meta":{"_acf_changed":false,"footnotes":"","_links_to":"","_links_to_target":""},"class_list":["post-87832","page","type-page","status-publish","hentry"],"acf":[],"_links":{"self":[{"href":"https:\/\/www.voller.ee\/fi\/wp-json\/wp\/v2\/pages\/87832","targetHints":{"allow":["GET"]}}],"collection":[{"href":"https:\/\/www.voller.ee\/fi\/wp-json\/wp\/v2\/pages"}],"about":[{"href":"https:\/\/www.voller.ee\/fi\/wp-json\/wp\/v2\/types\/page"}],"author":[{"embeddable":true,"href":"https:\/\/www.voller.ee\/fi\/wp-json\/wp\/v2\/users\/5"}],"replies":[{"embeddable":true,"href":"https:\/\/www.voller.ee\/fi\/wp-json\/wp\/v2\/comments?post=87832"}],"version-history":[{"count":4,"href":"https:\/\/www.voller.ee\/fi\/wp-json\/wp\/v2\/pages\/87832\/revisions"}],"predecessor-version":[{"id":213716,"href":"https:\/\/www.voller.ee\/fi\/wp-json\/wp\/v2\/pages\/87832\/revisions\/213716"}],"up":[{"embeddable":true,"href":"https:\/\/www.voller.ee\/fi\/wp-json\/wp\/v2\/pages\/87886"}],"wp:attachment":[{"href":"https:\/\/www.voller.ee\/fi\/wp-json\/wp\/v2\/media?parent=87832"}],"curies":[{"name":"wp","href":"https:\/\/api.w.org\/{rel}","templated":true}]}}