{"id":87834,"date":"2017-09-28T16:41:12","date_gmt":"2017-09-28T13:41:12","guid":{"rendered":"https:\/\/www.voller.ee\/2008-2\/"},"modified":"2020-10-30T15:34:19","modified_gmt":"2020-10-30T13:34:19","slug":"2008-2","status":"publish","type":"page","link":"https:\/\/www.voller.ee\/fi\/referenssit\/2008-2\/","title":{"rendered":"2008"},"content":{"rendered":"<div class=\"flex_column av_one_full  flex_column_div av-zero-column-padding first  avia-builder-el-0  avia-builder-el-no-sibling  \" style='border-radius:0px; '><p><div  style='padding-bottom:10px; margin:0px 0px 30px 0px; font-size:28px;' class='av-special-heading av-special-heading-h2  blockquote modern-quote  avia-builder-el-1  el_before_av_textblock  avia-builder-el-first  av-inherit-size '><h2 class='av-special-heading-tag '  itemprop=\"headline\"  >Referenssit vuodelta 2008<\/h2><div class='special-heading-border'><div class='special-heading-inner-border' ><\/div><\/div><\/div><br \/>\n<section class=\"av_textblock_section \"  itemscope=\"itemscope\" itemtype=\"https:\/\/schema.org\/CreativeWork\" ><div class='avia_textblock  '   itemprop=\"text\" ><ul>\n<li>Airport Plaza II Largo, Vantaa<\/li>\n<li>Asko\/Sotka-huonekalumyym\u00e4l\u00e4, Rannam\u00f5isa tee 8, Tallinna<\/li>\n<li>Avia-Line, talo 1, Vantaa<\/li>\n<li>Business Park Mankkaa (Torni 2), Espoo<\/li>\n<li>Grani-2, kauppakeskus, Kauniainen<\/li>\n<li>Haagisekeskus O\u00dc:n toimisto-korjaamo, Paju 3, Saue, Harjumaa<\/li>\n<li>Kauppakeskus Grandis, Vantaa<\/li>\n<li>Kiinteist\u00f6 Oy Maalitori, Vantaan Tikkurila<\/li>\n<li>Kiinteist\u00f6 Oy Sinikalliontie 3, Espoo<\/li>\n<li>Kiinteist\u00f6 Oy Tilkan Viuhka, Helsinki<\/li>\n<li>Neste, Porvoo H-toimistotalon peruskorjaus, Kilpilahti<\/li>\n<li>Polaris Business Park, Espoo<\/li>\n<li>Rakveren P\u00f5hjakeskus<\/li>\n<li>Selloparkki, Espoon Lepp\u00e4vaara<\/li>\n<li>SLO:n p\u00e4\u00e4konttorin laajennus, Vantaa<\/li>\n<li>Tammistoportin kauppakeskus, Vantaa<\/li>\n<li>Tapiolan uusi p\u00e4\u00e4konttori, Helsinki<\/li>\n<li>Toimistotalo Sinim\u00e4entie 12, peruskorjaus, Espoo<\/li>\n<li>Viinikkalan logistiikkakeskus, Vantaa<\/li>\n<\/ul>\n<\/div><\/section><\/p><\/div>\n","protected":false},"excerpt":{"rendered":"","protected":false},"author":5,"featured_media":0,"parent":87886,"menu_order":18,"comment_status":"closed","ping_status":"closed","template":"","meta":{"_acf_changed":false,"footnotes":"","_links_to":"","_links_to_target":""},"class_list":["post-87834","page","type-page","status-publish","hentry"],"acf":[],"_links":{"self":[{"href":"https:\/\/www.voller.ee\/fi\/wp-json\/wp\/v2\/pages\/87834","targetHints":{"allow":["GET"]}}],"collection":[{"href":"https:\/\/www.voller.ee\/fi\/wp-json\/wp\/v2\/pages"}],"about":[{"href":"https:\/\/www.voller.ee\/fi\/wp-json\/wp\/v2\/types\/page"}],"author":[{"embeddable":true,"href":"https:\/\/www.voller.ee\/fi\/wp-json\/wp\/v2\/users\/5"}],"replies":[{"embeddable":true,"href":"https:\/\/www.voller.ee\/fi\/wp-json\/wp\/v2\/comments?post=87834"}],"version-history":[{"count":4,"href":"https:\/\/www.voller.ee\/fi\/wp-json\/wp\/v2\/pages\/87834\/revisions"}],"predecessor-version":[{"id":213719,"href":"https:\/\/www.voller.ee\/fi\/wp-json\/wp\/v2\/pages\/87834\/revisions\/213719"}],"up":[{"embeddable":true,"href":"https:\/\/www.voller.ee\/fi\/wp-json\/wp\/v2\/pages\/87886"}],"wp:attachment":[{"href":"https:\/\/www.voller.ee\/fi\/wp-json\/wp\/v2\/media?parent=87834"}],"curies":[{"name":"wp","href":"https:\/\/api.w.org\/{rel}","templated":true}]}}