{"id":87849,"date":"2020-02-10T16:39:12","date_gmt":"2020-02-10T14:39:12","guid":{"rendered":"https:\/\/www.voller.ee\/2012-2\/"},"modified":"2020-09-15T15:15:34","modified_gmt":"2020-09-15T12:15:34","slug":"2012-2","status":"publish","type":"page","link":"https:\/\/www.voller.ee\/fi\/referenssit\/2012-2\/","title":{"rendered":"2012"},"content":{"rendered":"<div class=\"flex_column av_one_full  flex_column_div av-zero-column-padding first  avia-builder-el-0  avia-builder-el-no-sibling  \" style='border-radius:0px; '><p><div  style='padding-bottom:10px; margin:0px 0px 30px 0px; font-size:28px;' class='av-special-heading av-special-heading-h2  blockquote modern-quote  avia-builder-el-1  el_before_av_textblock  avia-builder-el-first  av-inherit-size '><h2 class='av-special-heading-tag '  itemprop=\"headline\"  >Referenssit vuodelta 2012<\/h2><div class='special-heading-border'><div class='special-heading-inner-border' ><\/div><\/div><\/div><br \/>\n<section class=\"av_textblock_section \"  itemscope=\"itemscope\" itemtype=\"https:\/\/schema.org\/CreativeWork\" ><div class='avia_textblock  '   itemprop=\"text\" ><ul>\n<li>Aitio Business Park Vivaldi, Helsinki<\/li>\n<li>Alberga Talo C, Bertel Jungin, Espoo<\/li>\n<li>Avia Line 3, Perint\u00f6tie 2b, 01, Vantaa<\/li>\n<li>Eesti Energian asiakaspalvelutoimisto, Tartto<\/li>\n<li>AS Eesti Talleks, Mustam\u00e4e tee 4, Tallinna<\/li>\n<li>Esko Nurmisen Maalaamo Oy (nykyinen Nurminen Works Oy), Rajap\u00e4\u00e4<\/li>\n<li>Espoonlahden koulu ja lukio, Opettajantie 3, Espoo<\/li>\n<li>Europcarin logistiikkakeskus, Perint\u00f6tie 8, Vantaa<\/li>\n<li>Finavia Oyj, Ilmailutie 5, Vantaa<\/li>\n<li>Fincoat Oy:n tuotantorakennus, W\u00fcrthintie 3, Riihim\u00e4ki<\/li>\n<li>FlyWay Cargo, Pakkalantie 27, Vantaa<\/li>\n<li>Helsingin yliopiston A-rakennus, Latokartanonkaari 9, Helsinki<\/li>\n<li>As Oy Helsingin Aamukahvi, Gustav Pauligin katu 7, Helsinki<\/li>\n<li>As Oy Helsingin Kotisaari, Kotisaarenkatu 7, Helsinki<\/li>\n<li>HOTT, Kiinteist\u00f6 Oy Vantaan Tietotie 11 (Finnairin uusi p\u00e4\u00e4konttori), Vantaa<\/li>\n<li>Humatec-myym\u00e4l\u00e4, Etel\u00e4esplanadi, Helsinki<\/li>\n<li>Ida-Virumaa Kutsehariduskeskuksen (It\u00e4-Virumaan ammattiopetuskeskus) asuntola, Kutse 13, J\u00f5hvi<\/li>\n<li>Itis, It\u00e4katu 1, Helsinki<\/li>\n<li>J\u00f5gevamaa G\u00fcmnaasium (J\u00f5gevamaan lukio), Aia 34, J\u00f5geva<\/li>\n<li>Kauppakeskus Kaari, Kantelettarentie 1, Helsingin Kannelm\u00e4ki<\/li>\n<li>Karulaugu tee 9 -kerrostalot, Viimsi, Harjumaa<\/li>\n<li>Kavika Oy, Tempo 2, J\u00e4rvenp\u00e4\u00e4<\/li>\n<li>Kehtnan ammattioppilaitoksen raskaan kaluston opetusrakennus, Raplamaa<\/li>\n<li>Bauhof-rautakauppa, Keila, Harjumaa<\/li>\n<li>Kiinteist\u00f6 Oy Koivuhaan Yrityskeskus, talo A, Vantaa<\/li>\n<li>Pae 48 -kerrostalo, Tallinnan Lasnam\u00e4e<\/li>\n<li>Korttelitalo Kanava, Helsingin Aurinkolahti<\/li>\n<li>Kiinteist\u00f6 Oy Alvar Aallonkatu 3 (Alma Media Oyj:n Alma-talo), Helsinki<\/li>\n<li>LAK, Ilmailutie 9, 01530 Vantaa<\/li>\n<li>Liivan varastot, Kalmistu tee 26, Tallinna<\/li>\n<li>Magistral-kauppakeskus, S\u00f5pruse puiestee 201\/203, Tallinnan Mustam\u00e4e<\/li>\n<li>Motocenter Konala, Ristipellontie 19, Helsinki<\/li>\n<li>MT Varahalduse O\u00dc:n varasto- ja toimistorakennus, Tallinna<\/li>\n<li>M\u00e4etagusen peruskoulu, Kooli 6, M\u00e4etaguse, It\u00e4-Virumaa<\/li>\n<li>AS Norma, Laki 14, Tallinna<\/li>\n<li>Solaris-kauppakeskuksen NS King -kenk\u00e4kauppa, Tallinna<\/li>\n<li>Kiinteist\u00f6 Oy Otaniemen tiedeasunnot, Otaranta 4, Espoo<\/li>\n<li>Piritan p\u00e4iv\u00e4koti, E. Bornh\u00f6he tee 10, Tallinna<\/li>\n<li>Plaza Hehku, \u00c4yritie 18, Vantaa<\/li>\n<li>Plaza Loiste, \u00c4yritie 20, Vantaa<\/li>\n<li>Plaza Business Park Tuike, \u00c4yritie 22, Vantaa<\/li>\n<li>Polaris Business Parkin Vega-talo, Itsehallintokuja 6, Espoo<\/li>\n<li>Porkkalankatu 5, Helsinki<\/li>\n<li>P\u00e4hklim\u00e4e tee 25, Saku, Harjumaa<\/li>\n<li>Ragn-Sells AS, Suur-S\u00f5jam\u00e4e 50, Tallinna<\/li>\n<li>Ratamestarinkatu 9, Helsinki<\/li>\n<li>Roosna-Allikun p\u00e4iv\u00e4koti, J\u00e4rvamaa<\/li>\n<li>Safiiri 2, Puolikkotie 8, Espoo<\/li>\n<li>Saunalahden koulu, Brinkinm\u00e4entie 1, Espoo<\/li>\n<li>S-market Malmi, Syystie 19, Helsinki<\/li>\n<li>Sillam\u00e4en hoivakoti, It\u00e4-Virumaa<\/li>\n<li>Kristiine-kauppakeskuksen Sony Center -myym\u00e4l\u00e4, Tallinna<\/li>\n<li>Tallinnan lentoaseman k\u00e4yt\u00e4v\u00e4<\/li>\n<li>Tallinnan lentoaseman vartiointialue<\/li>\n<li>Technopolis 1, C-rakennus, L\u00f5\u00f5tsa 6, Tallinna<\/li>\n<li>T\u00f6\u00f6l\u00f6nlahden toimistotalo, Alvar Aallon katu 3, Helsinki<\/li>\n<li>UPM:n p\u00e4\u00e4konttori Biofore Talo, Alvar Aallon katu 1, Helsinki<\/li>\n<li>Vana-Vigala Teeninduskool (Vana-Vigalan palvelualan oppilaitos), Raplamaa<\/li>\n<li>As Oy Vantaan Viherminttu, Minttutie 28, Vantaa<\/li>\n<li>Vind\u00e4ngens skola och daghem, Espoo<\/li>\n<li>Vind\u00e4ngens skola, Tuulikuja 8, Espoo<\/li>\n<li>Viru-kauppakeskuksen Expressions-myym\u00e4l\u00e4, Tallinna<\/li>\n<li>YIT:n p\u00e4\u00e4konttori, Panuntie 11, Helsinki<\/li>\n<\/ul>\n<\/div><\/section><\/p><\/div>\n","protected":false},"excerpt":{"rendered":"","protected":false},"author":5,"featured_media":0,"parent":87886,"menu_order":14,"comment_status":"closed","ping_status":"closed","template":"","meta":{"_acf_changed":false,"footnotes":"","_links_to":"","_links_to_target":""},"class_list":["post-87849","page","type-page","status-publish","hentry"],"acf":[],"_links":{"self":[{"href":"https:\/\/www.voller.ee\/fi\/wp-json\/wp\/v2\/pages\/87849","targetHints":{"allow":["GET"]}}],"collection":[{"href":"https:\/\/www.voller.ee\/fi\/wp-json\/wp\/v2\/pages"}],"about":[{"href":"https:\/\/www.voller.ee\/fi\/wp-json\/wp\/v2\/types\/page"}],"author":[{"embeddable":true,"href":"https:\/\/www.voller.ee\/fi\/wp-json\/wp\/v2\/users\/5"}],"replies":[{"embeddable":true,"href":"https:\/\/www.voller.ee\/fi\/wp-json\/wp\/v2\/comments?post=87849"}],"version-history":[{"count":3,"href":"https:\/\/www.voller.ee\/fi\/wp-json\/wp\/v2\/pages\/87849\/revisions"}],"predecessor-version":[{"id":89994,"href":"https:\/\/www.voller.ee\/fi\/wp-json\/wp\/v2\/pages\/87849\/revisions\/89994"}],"up":[{"embeddable":true,"href":"https:\/\/www.voller.ee\/fi\/wp-json\/wp\/v2\/pages\/87886"}],"wp:attachment":[{"href":"https:\/\/www.voller.ee\/fi\/wp-json\/wp\/v2\/media?parent=87849"}],"curies":[{"name":"wp","href":"https:\/\/api.w.org\/{rel}","templated":true}]}}