{"id":87857,"date":"2020-02-10T18:33:49","date_gmt":"2020-02-10T16:33:49","guid":{"rendered":"https:\/\/www.voller.ee\/2002-2\/"},"modified":"2020-09-15T15:29:20","modified_gmt":"2020-09-15T12:29:20","slug":"2002-2","status":"publish","type":"page","link":"https:\/\/www.voller.ee\/fi\/referenssit\/2002-2\/","title":{"rendered":"2002"},"content":{"rendered":"<div class=\"flex_column av_one_full  flex_column_div av-zero-column-padding first  avia-builder-el-0  avia-builder-el-no-sibling  \" style='border-radius:0px; '><p><div  style='padding-bottom:10px; margin:0px 0px 30px 0px; font-size:28px;' class='av-special-heading av-special-heading-h2  blockquote modern-quote  avia-builder-el-1  el_before_av_textblock  avia-builder-el-first  av-inherit-size '><h2 class='av-special-heading-tag '  itemprop=\"headline\"  >Referenssit vuodelta 2002<\/h2><div class='special-heading-border'><div class='special-heading-inner-border' ><\/div><\/div><\/div><br \/>\n<section class=\"av_textblock_section \"  itemscope=\"itemscope\" itemtype=\"https:\/\/schema.org\/CreativeWork\" ><div class='avia_textblock  '   itemprop=\"text\" ><ul>\n<li>Toimistorakennus, S\u00f5pruse puiestee 193, Tallinna<\/li>\n<li>Caf\u00e9 Amigo -y\u00f6kerho, Tallinna<\/li>\n<li>Citymarket, Lootsi 7, Tallinna<\/li>\n<li>Hansapankin konttori, Laada 27, Rakvere<\/li>\n<li>London-hotelli, Tartto<\/li>\n<li>Oru-hotelli, Narva maantee 120b, Tallinna<\/li>\n<li>Keilan terveyskeskus, Harjumaa<\/li>\n<li>Kesko Agro, maatalouskoneiden huolto- ja myyntikeskus, J\u00fcri, Harjumaa<\/li>\n<li>Kristiine-kauppakeskus, Endla 45, Tallinna<\/li>\n<li>Maakri, Tallinna<\/li>\n<li>Kaupungin omistama vuokratalo, Erika 9, Tallinna<\/li>\n<li>Osmussaare, Tallinna<\/li>\n<li>Piritan yleisl\u00e4\u00e4k\u00e4rikeskus, Tallinna<\/li>\n<li>Roosikrantsi 9, Tallinna<\/li>\n<li>Sadamarket-myym\u00e4l\u00e4, Tallinna<\/li>\n<li>Tarton oikeustalo<\/li>\n<li>Tuvi 12, Tallinna<\/li>\n<li>Uulun kulttuuri- ja urheilukeskus, P\u00e4rnumaa<\/li>\n<\/ul>\n<\/div><\/section><\/p><\/div>\n","protected":false},"excerpt":{"rendered":"","protected":false},"author":5,"featured_media":0,"parent":87886,"menu_order":24,"comment_status":"closed","ping_status":"closed","template":"","meta":{"_acf_changed":false,"footnotes":"","_links_to":"","_links_to_target":""},"class_list":["post-87857","page","type-page","status-publish","hentry"],"acf":[],"_links":{"self":[{"href":"https:\/\/www.voller.ee\/fi\/wp-json\/wp\/v2\/pages\/87857","targetHints":{"allow":["GET"]}}],"collection":[{"href":"https:\/\/www.voller.ee\/fi\/wp-json\/wp\/v2\/pages"}],"about":[{"href":"https:\/\/www.voller.ee\/fi\/wp-json\/wp\/v2\/types\/page"}],"author":[{"embeddable":true,"href":"https:\/\/www.voller.ee\/fi\/wp-json\/wp\/v2\/users\/5"}],"replies":[{"embeddable":true,"href":"https:\/\/www.voller.ee\/fi\/wp-json\/wp\/v2\/comments?post=87857"}],"version-history":[{"count":3,"href":"https:\/\/www.voller.ee\/fi\/wp-json\/wp\/v2\/pages\/87857\/revisions"}],"predecessor-version":[{"id":90092,"href":"https:\/\/www.voller.ee\/fi\/wp-json\/wp\/v2\/pages\/87857\/revisions\/90092"}],"up":[{"embeddable":true,"href":"https:\/\/www.voller.ee\/fi\/wp-json\/wp\/v2\/pages\/87886"}],"wp:attachment":[{"href":"https:\/\/www.voller.ee\/fi\/wp-json\/wp\/v2\/media?parent=87857"}],"curies":[{"name":"wp","href":"https:\/\/api.w.org\/{rel}","templated":true}]}}