{"id":87863,"date":"2020-02-10T18:37:02","date_gmt":"2020-02-10T16:37:02","guid":{"rendered":"https:\/\/www.voller.ee\/1999-2\/"},"modified":"2020-09-15T15:32:06","modified_gmt":"2020-09-15T12:32:06","slug":"1999-2","status":"publish","type":"page","link":"https:\/\/www.voller.ee\/fi\/referenssit\/1999-2\/","title":{"rendered":"1999"},"content":{"rendered":"<div class=\"flex_column av_one_full  flex_column_div av-zero-column-padding first  avia-builder-el-0  avia-builder-el-no-sibling  \" style='border-radius:0px; '><p><div  style='padding-bottom:10px; margin:0px 0px 30px 0px; font-size:28px;' class='av-special-heading av-special-heading-h2  blockquote modern-quote  avia-builder-el-1  el_before_av_textblock  avia-builder-el-first  av-inherit-size '><h2 class='av-special-heading-tag '  itemprop=\"headline\"  >Referenssit vuodelta 1999<\/h2><div class='special-heading-border'><div class='special-heading-inner-border' ><\/div><\/div><\/div><br \/>\n<section class=\"av_textblock_section \"  itemscope=\"itemscope\" itemtype=\"https:\/\/schema.org\/CreativeWork\" ><div class='avia_textblock  '   itemprop=\"text\" ><ul>\n<li>ABB, Tallinna<\/li>\n<li>Avinurmen kulttuurikeskus, It\u00e4-Virumaa (nyky\u00e4\u00e4n J\u00f5gevamaa)<\/li>\n<li>Balti Investeeringud -rakennus, Tartto<\/li>\n<li>Yhdistyneen kuningaskunnan suurl\u00e4hetyst\u00f6, Wismari 6, Tallinna<\/li>\n<li>Toimistorakennus, P\u00e4rnu maantee 158, Tallinna<\/li>\n<li>Toimistorakennus, T\u00fcri 10, Tallinna<\/li>\n<li>Eesti \u00dchispank, Tornim\u00e4e 2, Tallinna<\/li>\n<li>Asuin- ja liikerakennus, Vilmsi 44\/46, Tallinna<\/li>\n<li>Estconde \u00c4rikeskus -liikekeskus, Tallinna<\/li>\n<li>Viron puolustusministeri\u00f6n kerrostalo, Randla 3, Tallinna<\/li>\n<li>Hansamaja, Tartto<\/li>\n<li>Hansapankin p\u00e4\u00e4rakennuksen laajennus, Tallinna<\/li>\n<li>Hermes-hotelli, Tallinna<\/li>\n<li>Viru-hotelli, Tallinna<\/li>\n<li>J\u00e4rvakandi Klaasin toimistotilat, J\u00e4rvakandi, Raplamaa<\/li>\n<li>Kansainv\u00e4linen maanpuolustusoppilaitos, Tartto<\/li>\n<li>Kristiine-kauppakeskus, Tallinna<\/li>\n<li>Kristiinen kaupunginosan hallitus, Tallinna<\/li>\n<li>Keskikaupungin lasten poliklinikka, aula ja kokoussali, Tallinna<\/li>\n<li>Mira, tuotanto- ja varastorakennus, Segu 8, Saue, Harjumaa<\/li>\n<li>Upseerien kerrostalo, Randla 6, Tallinna<\/li>\n<li>Paldiski maantee 31, Keila<\/li>\n<li>Riia 12, Tartto<\/li>\n<li>R\u00fc\u00fctli 23, Tartto<\/li>\n<li>Rotermanni-hotelli, Tallinna<\/li>\n<li>Saksa G\u00fcmnaasium (Saksalainen lukio), Tallinna<\/li>\n<li>Sangar AS:n toimistorakennuksen 2. kerros, Tartto<\/li>\n<li>Skanskan toimistorakennus, Tallinna<\/li>\n<li>Stockmann-tavaratalo, Tallinna<\/li>\n<li>Tallinnan lentoasema<\/li>\n<li>V\u00e4ike-Ameerika 19, Tallinna<\/li>\n<li>Atlantis-y\u00f6kerho, Tartto<\/li>\n<\/ul>\n<\/div><\/section><\/p><\/div>\n","protected":false},"excerpt":{"rendered":"","protected":false},"author":5,"featured_media":0,"parent":87886,"menu_order":27,"comment_status":"closed","ping_status":"closed","template":"","meta":{"_acf_changed":false,"footnotes":"","_links_to":"","_links_to_target":""},"class_list":["post-87863","page","type-page","status-publish","hentry"],"acf":[],"_links":{"self":[{"href":"https:\/\/www.voller.ee\/fi\/wp-json\/wp\/v2\/pages\/87863","targetHints":{"allow":["GET"]}}],"collection":[{"href":"https:\/\/www.voller.ee\/fi\/wp-json\/wp\/v2\/pages"}],"about":[{"href":"https:\/\/www.voller.ee\/fi\/wp-json\/wp\/v2\/types\/page"}],"author":[{"embeddable":true,"href":"https:\/\/www.voller.ee\/fi\/wp-json\/wp\/v2\/users\/5"}],"replies":[{"embeddable":true,"href":"https:\/\/www.voller.ee\/fi\/wp-json\/wp\/v2\/comments?post=87863"}],"version-history":[{"count":3,"href":"https:\/\/www.voller.ee\/fi\/wp-json\/wp\/v2\/pages\/87863\/revisions"}],"predecessor-version":[{"id":90116,"href":"https:\/\/www.voller.ee\/fi\/wp-json\/wp\/v2\/pages\/87863\/revisions\/90116"}],"up":[{"embeddable":true,"href":"https:\/\/www.voller.ee\/fi\/wp-json\/wp\/v2\/pages\/87886"}],"wp:attachment":[{"href":"https:\/\/www.voller.ee\/fi\/wp-json\/wp\/v2\/media?parent=87863"}],"curies":[{"name":"wp","href":"https:\/\/api.w.org\/{rel}","templated":true}]}}