{"id":87867,"date":"2020-02-10T18:38:49","date_gmt":"2020-02-10T16:38:49","guid":{"rendered":"https:\/\/www.voller.ee\/1997-2\/"},"modified":"2020-09-15T15:33:52","modified_gmt":"2020-09-15T12:33:52","slug":"1997-2","status":"publish","type":"page","link":"https:\/\/www.voller.ee\/fi\/referenssit\/1997-2\/","title":{"rendered":"1997"},"content":{"rendered":"<div class=\"flex_column av_one_full  flex_column_div av-zero-column-padding first  avia-builder-el-0  avia-builder-el-no-sibling  \" style='border-radius:0px; '><p><div  style='padding-bottom:10px; margin:0px 0px 30px 0px; font-size:28px;' class='av-special-heading av-special-heading-h2  blockquote modern-quote  avia-builder-el-1  el_before_av_textblock  avia-builder-el-first  av-inherit-size '><h2 class='av-special-heading-tag '  itemprop=\"headline\"  >Referenssit vuodelta 1997<\/h2><div class='special-heading-border'><div class='special-heading-inner-border' ><\/div><\/div><\/div><br \/>\n<section class=\"av_textblock_section \"  itemscope=\"itemscope\" itemtype=\"https:\/\/schema.org\/CreativeWork\" ><div class='avia_textblock  '   itemprop=\"text\" ><ul>\n<li>Ascar Eesti, Opel-autokeskus, Tallinna<\/li>\n<li>Toimistorakennus, R\u00e4vala puiestee 4, Tallinna<\/li>\n<li>Eesti Pank (Viron Pankki), Tallinna<\/li>\n<li>Eesti Telefon -puhelinyhti\u00f6, Endla-kadun talo, Tallinna<\/li>\n<li>Eesti Telefon -puhelinyhti\u00f6, Keilan toimisto, Harjumaa<\/li>\n<li>Elcoteq Eesti, 3. vaiheen lis\u00e4rakennus<\/li>\n<li>ERA Pank, Estonia puiestee 15, Tallinna<\/li>\n<li>Feraldo-liikekeskus, Tartu maantee 14, Tallinna<\/li>\n<li>FCM:n toimistorakennus, Raua 36, Tallinna<\/li>\n<li>Forekspank, Narva maantee 11, Tallinna<\/li>\n<li>Viru-hotelli, Tallinna<\/li>\n<li>J\u00e4rveotsa-elintarvikemyym\u00e4l\u00e4, Tallinnan \u00d5ism\u00e4e<\/li>\n<li>Lahelandin toimistotilat<\/li>\n<li>Levicom, toimistorakennus, J\u00f5e 2, Tallinna<\/li>\n<li>Livikon toimistorakennuksen 3. kerros, Tallinna<\/li>\n<li>Securitas-vartiointiliike, Suur-S\u00f5jam\u00e4e-katu, Tallinna<\/li>\n<li>Tallinna Kaubamaja -tavaratalo<\/li>\n<li>Tallinnan lastensairaalan tehohoito-osasto<\/li>\n<li>Tallinnan verotoimisto<\/li>\n<li>Tallinnan alioikeuden (Tallinna Linnakohus) rakennus<\/li>\n<li>Tallinna Pank, Roosikrantsi 2, Tallinna<\/li>\n<li>Tallinnan urheiluhalli<\/li>\n<li>Tarton poliisitalo, Vanemuise 64<\/li>\n<li>Trixtalin toimisto, Tallinna<\/li>\n<\/ul>\n<\/div><\/section><\/p><\/div>\n","protected":false},"excerpt":{"rendered":"","protected":false},"author":5,"featured_media":0,"parent":87886,"menu_order":29,"comment_status":"closed","ping_status":"closed","template":"","meta":{"_acf_changed":false,"footnotes":"","_links_to":"","_links_to_target":""},"class_list":["post-87867","page","type-page","status-publish","hentry"],"acf":[],"_links":{"self":[{"href":"https:\/\/www.voller.ee\/fi\/wp-json\/wp\/v2\/pages\/87867","targetHints":{"allow":["GET"]}}],"collection":[{"href":"https:\/\/www.voller.ee\/fi\/wp-json\/wp\/v2\/pages"}],"about":[{"href":"https:\/\/www.voller.ee\/fi\/wp-json\/wp\/v2\/types\/page"}],"author":[{"embeddable":true,"href":"https:\/\/www.voller.ee\/fi\/wp-json\/wp\/v2\/users\/5"}],"replies":[{"embeddable":true,"href":"https:\/\/www.voller.ee\/fi\/wp-json\/wp\/v2\/comments?post=87867"}],"version-history":[{"count":3,"href":"https:\/\/www.voller.ee\/fi\/wp-json\/wp\/v2\/pages\/87867\/revisions"}],"predecessor-version":[{"id":90132,"href":"https:\/\/www.voller.ee\/fi\/wp-json\/wp\/v2\/pages\/87867\/revisions\/90132"}],"up":[{"embeddable":true,"href":"https:\/\/www.voller.ee\/fi\/wp-json\/wp\/v2\/pages\/87886"}],"wp:attachment":[{"href":"https:\/\/www.voller.ee\/fi\/wp-json\/wp\/v2\/media?parent=87867"}],"curies":[{"name":"wp","href":"https:\/\/api.w.org\/{rel}","templated":true}]}}